{"id":2516,"date":"2026-01-31T13:01:09","date_gmt":"2026-01-31T11:01:09","guid":{"rendered":"https:\/\/lauremartin.fr\/maieusthesie\/?page_id=2516"},"modified":"2026-04-13T09:15:52","modified_gmt":"2026-04-13T07:15:52","slug":"prestations","status":"publish","type":"page","link":"https:\/\/lauremartin.fr\/amesdancetres\/prestations\/","title":{"rendered":"Prestations"},"content":{"rendered":"\n<div class=\"wp-block-group alignfull has-global-padding is-content-justification-center is-layout-constrained wp-container-core-group-is-layout-df757ecc wp-block-group-is-layout-constrained\" style=\"margin-top:0;margin-bottom:0;padding-top:calc( 0.5 * var(--wp--style--root--padding-right, var(--wp--custom--gap--horizontal)));padding-right:var(--wp--style--root--padding-right, var(--wp--custom--gap--horizontal));padding-bottom:calc( 0.5 * var(--wp--style--root--padding-right, var(--wp--custom--gap--horizontal)));padding-left:var(--wp--style--root--padding-left, var(--wp--custom--gap--horizontal))\">\n<div style=\"height:calc( 0.25 * var(--wp--style--root--padding-right, var(--wp--custom--gap--horizontal)))\" aria-hidden=\"true\" class=\"wp-block-spacer\"><\/div>\n\n\n\n<div class=\"wp-block-group alignwide has-global-padding is-layout-constrained wp-block-group-is-layout-constrained\">\n<h1 class=\"wp-block-heading has-text-align-left\">Des offres adapt\u00e9es \u00e0 vos besoins<\/h1>\n<\/div>\n\n\n\n<p class=\"justifier\">De multiples possibilit\u00e9s s\u2019offrent \u00e0 vous pour explorer l\u2019histoire de votre famille, de votre maison. Que vous soyez novice ou exp\u00e9riment\u00e9, d\u00e9sireux de mettre la main \u00e0 la p\u00e2te ou curieux du r\u00e9sultat, il existe une formule pour r\u00e9pondre \u00e0 vos attentes.<\/p>\n\n\n\n<div style=\"height:var(--wp--preset--spacing--20)\" aria-hidden=\"true\" class=\"wp-block-spacer\"><\/div>\n\n\n\n<div class=\"wp-block-columns alignwide is-layout-flex wp-container-core-columns-is-layout-d0846407 wp-block-columns-is-layout-flex\">\n<div class=\"wp-block-column is-layout-flow wp-block-column-is-layout-flow\">\n<figure class=\"wp-block-image size-large\"><img loading=\"lazy\" decoding=\"async\" width=\"1024\" height=\"763\" src=\"https:\/\/lauremartin.fr\/amesdancetres\/wp-content\/uploads\/sites\/9\/2026\/04\/Services_Image2-1024x763.jpg\" alt=\"\" class=\"wp-image-3096\" style=\"aspect-ratio:4\/3;object-fit:cover\" srcset=\"https:\/\/lauremartin.fr\/amesdancetres\/wp-content\/uploads\/sites\/9\/2026\/04\/Services_Image2-1024x763.jpg 1024w, https:\/\/lauremartin.fr\/amesdancetres\/wp-content\/uploads\/sites\/9\/2026\/04\/Services_Image2-300x223.jpg 300w, https:\/\/lauremartin.fr\/amesdancetres\/wp-content\/uploads\/sites\/9\/2026\/04\/Services_Image2-768x572.jpg 768w, https:\/\/lauremartin.fr\/amesdancetres\/wp-content\/uploads\/sites\/9\/2026\/04\/Services_Image2-600x447.jpg 600w, https:\/\/lauremartin.fr\/amesdancetres\/wp-content\/uploads\/sites\/9\/2026\/04\/Services_Image2.jpg 1536w\" sizes=\"auto, (max-width: 1024px) 100vw, 1024px\" \/><\/figure>\n\n\n\n<div style=\"height:4px\" aria-hidden=\"true\" class=\"wp-block-spacer\"><\/div>\n\n\n\n<div class=\"wp-block-group is-layout-flow wp-block-group-is-layout-flow\">\n<h2 class=\"wp-block-heading is-service-name has-large-font-size\" style=\"font-style:normal;font-weight:700\">Recherches<\/h2>\n<\/div>\n\n\n\n<p class=\"is-service-description\">Curieux mais pas le temps ? Profitez du voyage pendant que je cherche pour vous !<\/p>\n\n\n\n<div class=\"wp-block-buttons is-layout-flex wp-block-buttons-is-layout-flex\">\n<div class=\"wp-block-button\"><a class=\"wp-block-button__link has-contrast-2-color has-text-color has-link-color has-medium-font-size has-custom-font-size wp-element-button\">En savoir plus<\/a><\/div>\n<\/div>\n<\/div>\n\n\n\n<div class=\"wp-block-column is-layout-flow wp-block-column-is-layout-flow\">\n<figure class=\"wp-block-image size-full\"><img loading=\"lazy\" decoding=\"async\" width=\"733\" height=\"533\" src=\"https:\/\/lauremartin.fr\/amesdancetres\/wp-content\/uploads\/sites\/9\/2026\/04\/Services_Image3.png\" alt=\"\" class=\"wp-image-3097\" style=\"aspect-ratio:4\/3;object-fit:cover\" srcset=\"https:\/\/lauremartin.fr\/amesdancetres\/wp-content\/uploads\/sites\/9\/2026\/04\/Services_Image3.png 733w, https:\/\/lauremartin.fr\/amesdancetres\/wp-content\/uploads\/sites\/9\/2026\/04\/Services_Image3-300x218.png 300w, https:\/\/lauremartin.fr\/amesdancetres\/wp-content\/uploads\/sites\/9\/2026\/04\/Services_Image3-600x436.png 600w\" sizes=\"auto, (max-width: 733px) 100vw, 733px\" \/><\/figure>\n\n\n\n<div style=\"height:4px\" aria-hidden=\"true\" class=\"wp-block-spacer\"><\/div>\n\n\n\n<div class=\"wp-block-group is-layout-flow wp-block-group-is-layout-flow\">\n<h2 class=\"wp-block-heading is-service-name has-large-font-size\" style=\"font-style:normal;font-weight:700\">Accompagnements<\/h2>\n<\/div>\n\n\n\n<p class=\"is-service-description\">Vous \u00eates g\u00e9n\u00e9alogiste et souhaitez rester \u00e0 la man\u0153uvre ? Mon expertise vous accompagne.<\/p>\n\n\n\n<div class=\"wp-block-buttons is-layout-flex wp-block-buttons-is-layout-flex\">\n<div class=\"wp-block-button\"><a class=\"wp-block-button__link has-contrast-2-color has-text-color has-link-color has-medium-font-size has-custom-font-size wp-element-button\">En savoir plus<\/a><\/div>\n<\/div>\n<\/div>\n\n\n\n<div class=\"wp-block-column is-layout-flow wp-block-column-is-layout-flow\">\n<figure class=\"wp-block-image size-full\"><img loading=\"lazy\" decoding=\"async\" width=\"692\" height=\"394\" src=\"https:\/\/lauremartin.fr\/amesdancetres\/wp-content\/uploads\/sites\/9\/2026\/04\/Services_Image4.png\" alt=\"\" class=\"wp-image-3098\" style=\"aspect-ratio:4\/3;object-fit:cover\" srcset=\"https:\/\/lauremartin.fr\/amesdancetres\/wp-content\/uploads\/sites\/9\/2026\/04\/Services_Image4.png 692w, https:\/\/lauremartin.fr\/amesdancetres\/wp-content\/uploads\/sites\/9\/2026\/04\/Services_Image4-300x171.png 300w, https:\/\/lauremartin.fr\/amesdancetres\/wp-content\/uploads\/sites\/9\/2026\/04\/Services_Image4-600x342.png 600w\" sizes=\"auto, (max-width: 692px) 100vw, 692px\" \/><\/figure>\n\n\n\n<div style=\"height:4px\" aria-hidden=\"true\" class=\"wp-block-spacer\"><\/div>\n\n\n\n<div class=\"wp-block-group is-layout-flow wp-block-group-is-layout-flow\">\n<h2 class=\"wp-block-heading is-service-name has-large-font-size\" style=\"font-style:normal;font-weight:700\">Cours et ateliers<\/h2>\n<\/div>\n\n\n\n<p class=\"is-service-description\">Si vous voulez apprendre et vous divertir, ces formules sont pour vous ! Cours individuels et ateliers collectifs.<\/p>\n\n\n\n<div class=\"wp-block-buttons is-content-justification-left is-layout-flex wp-container-core-buttons-is-layout-fc4fd283 wp-block-buttons-is-layout-flex\">\n<div class=\"wp-block-button\"><a class=\"wp-block-button__link has-contrast-2-color has-text-color has-link-color has-medium-font-size has-custom-font-size wp-element-button\">En savoir plus<\/a><\/div>\n<\/div>\n<\/div>\n<\/div>\n\n\n\n<div style=\"height:calc( 0.25 * var(--wp--style--root--padding-right, var(--wp--custom--gap--horizontal)))\" aria-hidden=\"true\" class=\"wp-block-spacer\"><\/div>\n<\/div>\n","protected":false},"excerpt":{"rendered":"<p>Des offres adapt\u00e9es \u00e0 vos besoins De multiples possibilit\u00e9s s\u2019offrent \u00e0 vous pour explorer l\u2019histoire de votre famille, de votre maison. Que vous soyez novice ou exp\u00e9riment\u00e9, d\u00e9sireux de mettre la main \u00e0 la p\u00e2te ou curieux du r\u00e9sultat, il existe une formule pour r\u00e9pondre \u00e0 vos attentes. Recherches Curieux mais pas le temps ? [&hellip;]<\/p>\n","protected":false},"author":2,"featured_media":0,"parent":0,"menu_order":0,"comment_status":"closed","ping_status":"closed","template":"page-no-title","meta":{"footnotes":""},"class_list":["post-2516","page","type-page","status-publish","hentry"],"yoast_head":"<!-- This site is optimized with the Yoast SEO plugin v27.4 - https:\/\/yoast.com\/product\/yoast-seo-wordpress\/ -->\n<title>Prestations - \u00c2mes d&#039;anc\u00eatres<\/title>\n<meta name=\"robots\" content=\"index, follow, max-snippet:-1, max-image-preview:large, max-video-preview:-1\" \/>\n<link rel=\"canonical\" href=\"https:\/\/lauremartin.fr\/amesdancetres\/prestations\/\" \/>\n<meta property=\"og:locale\" content=\"fr_FR\" \/>\n<meta property=\"og:type\" content=\"article\" \/>\n<meta property=\"og:title\" content=\"Prestations - \u00c2mes d&#039;anc\u00eatres\" \/>\n<meta property=\"og:description\" content=\"Des offres adapt\u00e9es \u00e0 vos besoins De multiples possibilit\u00e9s s\u2019offrent \u00e0 vous pour explorer l\u2019histoire de votre famille, de votre maison. Que vous soyez novice ou exp\u00e9riment\u00e9, d\u00e9sireux de mettre la main \u00e0 la p\u00e2te ou curieux du r\u00e9sultat, il existe une formule pour r\u00e9pondre \u00e0 vos attentes. Recherches Curieux mais pas le temps ? [&hellip;]\" \/>\n<meta property=\"og:url\" content=\"https:\/\/lauremartin.fr\/amesdancetres\/prestations\/\" \/>\n<meta property=\"og:site_name\" content=\"\u00c2mes d&#039;anc\u00eatres\" \/>\n<meta property=\"article:modified_time\" content=\"2026-04-13T07:15:52+00:00\" \/>\n<meta property=\"og:image\" content=\"https:\/\/lauremartin.fr\/amesdancetres\/wp-content\/uploads\/sites\/9\/2026\/04\/Services_Image2.jpg\" \/>\n\t<meta property=\"og:image:width\" content=\"1536\" \/>\n\t<meta property=\"og:image:height\" content=\"1144\" \/>\n\t<meta property=\"og:image:type\" content=\"image\/jpeg\" \/>\n<meta name=\"twitter:card\" content=\"summary_large_image\" \/>\n<meta name=\"twitter:label1\" content=\"Dur\u00e9e de lecture estim\u00e9e\" \/>\n\t<meta name=\"twitter:data1\" content=\"2 minutes\" \/>\n<script type=\"application\/ld+json\" class=\"yoast-schema-graph\">{\"@context\":\"https:\\\/\\\/schema.org\",\"@graph\":[{\"@type\":\"WebPage\",\"@id\":\"https:\\\/\\\/lauremartin.fr\\\/amesdancetres\\\/prestations\\\/\",\"url\":\"https:\\\/\\\/lauremartin.fr\\\/amesdancetres\\\/prestations\\\/\",\"name\":\"Prestations - \u00c2mes d&#039;anc\u00eatres\",\"isPartOf\":{\"@id\":\"https:\\\/\\\/lauremartin.fr\\\/amesdancetres\\\/#website\"},\"primaryImageOfPage\":{\"@id\":\"https:\\\/\\\/lauremartin.fr\\\/amesdancetres\\\/prestations\\\/#primaryimage\"},\"image\":{\"@id\":\"https:\\\/\\\/lauremartin.fr\\\/amesdancetres\\\/prestations\\\/#primaryimage\"},\"thumbnailUrl\":\"https:\\\/\\\/lauremartin.fr\\\/amesdancetres\\\/wp-content\\\/uploads\\\/sites\\\/9\\\/2026\\\/04\\\/Services_Image2-1024x763.jpg\",\"datePublished\":\"2026-01-31T11:01:09+00:00\",\"dateModified\":\"2026-04-13T07:15:52+00:00\",\"breadcrumb\":{\"@id\":\"https:\\\/\\\/lauremartin.fr\\\/amesdancetres\\\/prestations\\\/#breadcrumb\"},\"inLanguage\":\"fr-FR\",\"potentialAction\":[{\"@type\":\"ReadAction\",\"target\":[\"https:\\\/\\\/lauremartin.fr\\\/amesdancetres\\\/prestations\\\/\"]}]},{\"@type\":\"ImageObject\",\"inLanguage\":\"fr-FR\",\"@id\":\"https:\\\/\\\/lauremartin.fr\\\/amesdancetres\\\/prestations\\\/#primaryimage\",\"url\":\"https:\\\/\\\/lauremartin.fr\\\/amesdancetres\\\/wp-content\\\/uploads\\\/sites\\\/9\\\/2026\\\/04\\\/Services_Image2.jpg\",\"contentUrl\":\"https:\\\/\\\/lauremartin.fr\\\/amesdancetres\\\/wp-content\\\/uploads\\\/sites\\\/9\\\/2026\\\/04\\\/Services_Image2.jpg\",\"width\":1536,\"height\":1144},{\"@type\":\"BreadcrumbList\",\"@id\":\"https:\\\/\\\/lauremartin.fr\\\/amesdancetres\\\/prestations\\\/#breadcrumb\",\"itemListElement\":[{\"@type\":\"ListItem\",\"position\":1,\"name\":\"Accueil\",\"item\":\"https:\\\/\\\/lauremartin.fr\\\/amesdancetres\\\/\"},{\"@type\":\"ListItem\",\"position\":2,\"name\":\"Prestations\"}]},{\"@type\":\"WebSite\",\"@id\":\"https:\\\/\\\/lauremartin.fr\\\/amesdancetres\\\/#website\",\"url\":\"https:\\\/\\\/lauremartin.fr\\\/amesdancetres\\\/\",\"name\":\"\u00c2mes d&#039;anc\u00eatres\",\"description\":\"A la rencontre de ceux qui nous ont pr\u00e9c\u00e9d\u00e9s\",\"publisher\":{\"@id\":\"https:\\\/\\\/lauremartin.fr\\\/amesdancetres\\\/#organization\"},\"potentialAction\":[{\"@type\":\"SearchAction\",\"target\":{\"@type\":\"EntryPoint\",\"urlTemplate\":\"https:\\\/\\\/lauremartin.fr\\\/amesdancetres\\\/?s={search_term_string}\"},\"query-input\":{\"@type\":\"PropertyValueSpecification\",\"valueRequired\":true,\"valueName\":\"search_term_string\"}}],\"inLanguage\":\"fr-FR\"},{\"@type\":\"Organization\",\"@id\":\"https:\\\/\\\/lauremartin.fr\\\/amesdancetres\\\/#organization\",\"name\":\"\u00c2mes d&#039;anc\u00eatres\",\"url\":\"https:\\\/\\\/lauremartin.fr\\\/amesdancetres\\\/\",\"logo\":{\"@type\":\"ImageObject\",\"inLanguage\":\"fr-FR\",\"@id\":\"https:\\\/\\\/lauremartin.fr\\\/amesdancetres\\\/#\\\/schema\\\/logo\\\/image\\\/\",\"url\":\"https:\\\/\\\/lauremartin.fr\\\/amesdancetres\\\/wp-content\\\/uploads\\\/sites\\\/9\\\/2026\\\/01\\\/logo-full-blanc.png\",\"contentUrl\":\"https:\\\/\\\/lauremartin.fr\\\/amesdancetres\\\/wp-content\\\/uploads\\\/sites\\\/9\\\/2026\\\/01\\\/logo-full-blanc.png\",\"width\":926,\"height\":564,\"caption\":\"\u00c2mes d&#039;anc\u00eatres\"},\"image\":{\"@id\":\"https:\\\/\\\/lauremartin.fr\\\/amesdancetres\\\/#\\\/schema\\\/logo\\\/image\\\/\"}}]}<\/script>\n<!-- \/ Yoast SEO plugin. -->","yoast_head_json":{"title":"Prestations - \u00c2mes d&#039;anc\u00eatres","robots":{"index":"index","follow":"follow","max-snippet":"max-snippet:-1","max-image-preview":"max-image-preview:large","max-video-preview":"max-video-preview:-1"},"canonical":"https:\/\/lauremartin.fr\/amesdancetres\/prestations\/","og_locale":"fr_FR","og_type":"article","og_title":"Prestations - \u00c2mes d&#039;anc\u00eatres","og_description":"Des offres adapt\u00e9es \u00e0 vos besoins De multiples possibilit\u00e9s s\u2019offrent \u00e0 vous pour explorer l\u2019histoire de votre famille, de votre maison. Que vous soyez novice ou exp\u00e9riment\u00e9, d\u00e9sireux de mettre la main \u00e0 la p\u00e2te ou curieux du r\u00e9sultat, il existe une formule pour r\u00e9pondre \u00e0 vos attentes. Recherches Curieux mais pas le temps ? [&hellip;]","og_url":"https:\/\/lauremartin.fr\/amesdancetres\/prestations\/","og_site_name":"\u00c2mes d&#039;anc\u00eatres","article_modified_time":"2026-04-13T07:15:52+00:00","og_image":[{"width":1536,"height":1144,"url":"https:\/\/lauremartin.fr\/amesdancetres\/wp-content\/uploads\/sites\/9\/2026\/04\/Services_Image2.jpg","type":"image\/jpeg"}],"twitter_card":"summary_large_image","twitter_misc":{"Dur\u00e9e de lecture estim\u00e9e":"2 minutes"},"schema":{"@context":"https:\/\/schema.org","@graph":[{"@type":"WebPage","@id":"https:\/\/lauremartin.fr\/amesdancetres\/prestations\/","url":"https:\/\/lauremartin.fr\/amesdancetres\/prestations\/","name":"Prestations - \u00c2mes d&#039;anc\u00eatres","isPartOf":{"@id":"https:\/\/lauremartin.fr\/amesdancetres\/#website"},"primaryImageOfPage":{"@id":"https:\/\/lauremartin.fr\/amesdancetres\/prestations\/#primaryimage"},"image":{"@id":"https:\/\/lauremartin.fr\/amesdancetres\/prestations\/#primaryimage"},"thumbnailUrl":"https:\/\/lauremartin.fr\/amesdancetres\/wp-content\/uploads\/sites\/9\/2026\/04\/Services_Image2-1024x763.jpg","datePublished":"2026-01-31T11:01:09+00:00","dateModified":"2026-04-13T07:15:52+00:00","breadcrumb":{"@id":"https:\/\/lauremartin.fr\/amesdancetres\/prestations\/#breadcrumb"},"inLanguage":"fr-FR","potentialAction":[{"@type":"ReadAction","target":["https:\/\/lauremartin.fr\/amesdancetres\/prestations\/"]}]},{"@type":"ImageObject","inLanguage":"fr-FR","@id":"https:\/\/lauremartin.fr\/amesdancetres\/prestations\/#primaryimage","url":"https:\/\/lauremartin.fr\/amesdancetres\/wp-content\/uploads\/sites\/9\/2026\/04\/Services_Image2.jpg","contentUrl":"https:\/\/lauremartin.fr\/amesdancetres\/wp-content\/uploads\/sites\/9\/2026\/04\/Services_Image2.jpg","width":1536,"height":1144},{"@type":"BreadcrumbList","@id":"https:\/\/lauremartin.fr\/amesdancetres\/prestations\/#breadcrumb","itemListElement":[{"@type":"ListItem","position":1,"name":"Accueil","item":"https:\/\/lauremartin.fr\/amesdancetres\/"},{"@type":"ListItem","position":2,"name":"Prestations"}]},{"@type":"WebSite","@id":"https:\/\/lauremartin.fr\/amesdancetres\/#website","url":"https:\/\/lauremartin.fr\/amesdancetres\/","name":"\u00c2mes d&#039;anc\u00eatres","description":"A la rencontre de ceux qui nous ont pr\u00e9c\u00e9d\u00e9s","publisher":{"@id":"https:\/\/lauremartin.fr\/amesdancetres\/#organization"},"potentialAction":[{"@type":"SearchAction","target":{"@type":"EntryPoint","urlTemplate":"https:\/\/lauremartin.fr\/amesdancetres\/?s={search_term_string}"},"query-input":{"@type":"PropertyValueSpecification","valueRequired":true,"valueName":"search_term_string"}}],"inLanguage":"fr-FR"},{"@type":"Organization","@id":"https:\/\/lauremartin.fr\/amesdancetres\/#organization","name":"\u00c2mes d&#039;anc\u00eatres","url":"https:\/\/lauremartin.fr\/amesdancetres\/","logo":{"@type":"ImageObject","inLanguage":"fr-FR","@id":"https:\/\/lauremartin.fr\/amesdancetres\/#\/schema\/logo\/image\/","url":"https:\/\/lauremartin.fr\/amesdancetres\/wp-content\/uploads\/sites\/9\/2026\/01\/logo-full-blanc.png","contentUrl":"https:\/\/lauremartin.fr\/amesdancetres\/wp-content\/uploads\/sites\/9\/2026\/01\/logo-full-blanc.png","width":926,"height":564,"caption":"\u00c2mes d&#039;anc\u00eatres"},"image":{"@id":"https:\/\/lauremartin.fr\/amesdancetres\/#\/schema\/logo\/image\/"}}]}},"_links":{"self":[{"href":"https:\/\/lauremartin.fr\/amesdancetres\/wp-json\/wp\/v2\/pages\/2516","targetHints":{"allow":["GET"]}}],"collection":[{"href":"https:\/\/lauremartin.fr\/amesdancetres\/wp-json\/wp\/v2\/pages"}],"about":[{"href":"https:\/\/lauremartin.fr\/amesdancetres\/wp-json\/wp\/v2\/types\/page"}],"author":[{"embeddable":true,"href":"https:\/\/lauremartin.fr\/amesdancetres\/wp-json\/wp\/v2\/users\/2"}],"replies":[{"embeddable":true,"href":"https:\/\/lauremartin.fr\/amesdancetres\/wp-json\/wp\/v2\/comments?post=2516"}],"version-history":[{"count":36,"href":"https:\/\/lauremartin.fr\/amesdancetres\/wp-json\/wp\/v2\/pages\/2516\/revisions"}],"predecessor-version":[{"id":3127,"href":"https:\/\/lauremartin.fr\/amesdancetres\/wp-json\/wp\/v2\/pages\/2516\/revisions\/3127"}],"wp:attachment":[{"href":"https:\/\/lauremartin.fr\/amesdancetres\/wp-json\/wp\/v2\/media?parent=2516"}],"curies":[{"name":"wp","href":"https:\/\/api.w.org\/{rel}","templated":true}]}}