{"id":3034,"date":"2026-04-10T11:02:51","date_gmt":"2026-04-10T09:02:51","guid":{"rendered":"https:\/\/lauremartin.fr\/therapie\/?page_id=3034"},"modified":"2026-04-13T09:17:54","modified_gmt":"2026-04-13T07:17:54","slug":"blog","status":"publish","type":"page","link":"https:\/\/lauremartin.fr\/amesdancetres\/blog\/","title":{"rendered":"Blog"},"content":{"rendered":"\n<div class=\"wp-block-group alignfull has-global-padding is-layout-constrained wp-container-core-group-is-layout-e1e7c383 wp-block-group-is-layout-constrained\" style=\"margin-top:0;margin-bottom:0;padding-top:var(--wp--preset--spacing--40);padding-right:0;padding-bottom:0;padding-left:0\">\n<h1 class=\"wp-block-heading has-text-align-left\">Anecdotes touchantes et partages p\u00e9dagogiques, pour s&rsquo;\u00e9mouvoir tout en apprenant la g\u00e9n\u00e9alogie.<\/h1>\n\n\n\n<div style=\"height:50px\" aria-hidden=\"true\" class=\"wp-block-spacer\"><\/div>\n\n\n\n<p style=\"margin-right:0;margin-left:0;padding-top:0;padding-right:0;padding-bottom:0;padding-left:0\">Je vous souhaite de belles lectures !<\/p>\n\n\n\n<hr class=\"wp-block-separator has-alpha-channel-opacity is-style-wide\" style=\"margin-top:var(--wp--preset--spacing--40);margin-bottom:0\"\/>\n<\/div>\n\n\n\n<div class=\"wp-block-group alignwide has-global-padding is-layout-constrained wp-block-group-is-layout-constrained\" style=\"margin-top:0;margin-bottom:0;padding-top:var(--wp--preset--spacing--40);padding-bottom:var(--wp--preset--spacing--40)\">\n<div class=\"wp-block-columns is-layout-flex wp-container-core-columns-is-layout-7e464bea wp-block-columns-is-layout-flex\">\n<div class=\"wp-block-column is-layout-flow wp-block-column-is-layout-flow\" style=\"flex-basis:65%\">\n<div class=\"wp-block-query is-layout-flow wp-block-query-is-layout-flow\"><ul class=\"wp-block-post-template is-layout-flow wp-block-post-template-is-layout-flow\"><li class=\"wp-block-post post-3169 post type-post status-publish format-standard has-post-thumbnail hentry category-jeux-genealogiques\">\n\n<div class=\"wp-block-group is-nowrap is-layout-flex wp-container-core-group-is-layout-6c531013 wp-block-group-is-layout-flex\"><figure style=\"aspect-ratio:1;width:200px;height:200px;\" class=\"wp-block-post-featured-image\"><img loading=\"lazy\" decoding=\"async\" width=\"1654\" height=\"2144\" src=\"https:\/\/lauremartin.fr\/amesdancetres\/wp-content\/uploads\/sites\/9\/2020\/04\/Devoir-de-6eme-1.jpg\" class=\"attachment-post-thumbnail size-post-thumbnail wp-post-image\" alt=\"\" style=\"width:100%;height:100%;object-fit:cover;\" srcset=\"https:\/\/lauremartin.fr\/amesdancetres\/wp-content\/uploads\/sites\/9\/2020\/04\/Devoir-de-6eme-1.jpg 1654w, https:\/\/lauremartin.fr\/amesdancetres\/wp-content\/uploads\/sites\/9\/2020\/04\/Devoir-de-6eme-1-231x300.jpg 231w, https:\/\/lauremartin.fr\/amesdancetres\/wp-content\/uploads\/sites\/9\/2020\/04\/Devoir-de-6eme-1-790x1024.jpg 790w, https:\/\/lauremartin.fr\/amesdancetres\/wp-content\/uploads\/sites\/9\/2020\/04\/Devoir-de-6eme-1-768x996.jpg 768w, https:\/\/lauremartin.fr\/amesdancetres\/wp-content\/uploads\/sites\/9\/2020\/04\/Devoir-de-6eme-1-1185x1536.jpg 1185w, https:\/\/lauremartin.fr\/amesdancetres\/wp-content\/uploads\/sites\/9\/2020\/04\/Devoir-de-6eme-1-1580x2048.jpg 1580w, https:\/\/lauremartin.fr\/amesdancetres\/wp-content\/uploads\/sites\/9\/2020\/04\/Devoir-de-6eme-1-600x778.jpg 600w\" sizes=\"auto, (max-width: 1654px) 100vw, 1654px\" \/><\/figure>\n\n\n<article class=\"wp-block-group is-vertical is-content-justification-stretch is-layout-flex wp-container-core-group-is-layout-69c550ab wp-block-group-is-layout-flex\"><h2 class=\"wp-block-post-title has-large-font-size\"><a href=\"https:\/\/lauremartin.fr\/amesdancetres\/jeux-genealogiques\/releverez-vous-un-defi-datant-de-60-ans\/\" target=\"_self\" >Rel\u00e8verez-vous un d\u00e9fi datant de 60 ans?<\/a><\/h2>\n\n<div class=\"wp-block-template-part\">\n<div class=\"wp-block-group has-global-padding is-layout-constrained wp-block-group-is-layout-constrained\">\n<div class=\"wp-block-group is-content-justification-left is-layout-flex wp-container-core-group-is-layout-dfe8e91f wp-block-group-is-layout-flex\"><div class=\"has-link-color wp-elements-9c4a6c2acaf0f4a55c04f72d94cd42f3 wp-block-post-date has-text-color has-contrast-3-color\"><time datetime=\"2020-04-08T10:51:00+02:00\"><a href=\"https:\/\/lauremartin.fr\/amesdancetres\/jeux-genealogiques\/releverez-vous-un-defi-datant-de-60-ans\/\">8 avril 2020<\/a><\/time><\/div>\n\n\n<p class=\"has-contrast-3-color has-text-color\">\u2014<\/p>\n\n\n\n<p class=\"has-contrast-3-color has-text-color has-small-font-size\">dans<\/p>\n\n\n<div class=\"taxonomy-category has-link-color wp-elements-b59c2593cc0be313c16eed7463db16db wp-block-post-terms has-text-color has-contrast-3-color\"><span class=\"wp-block-post-terms__prefix\"> <\/span><a href=\"https:\/\/lauremartin.fr\/amesdancetres\/category\/jeux-genealogiques\/\" rel=\"tag\">Jeux g\u00e9n\u00e9alogiques<\/a><\/div><\/div>\n<\/div>\n<\/div>\n\n<div class=\"justifier wp-block-post-excerpt has-small-font-size\"><p class=\"wp-block-post-excerpt__excerpt\">Ma grand-m\u00e8re \u00e9tait institutrice, j&rsquo;ai retrouv\u00e9 un de ses exercices !<\/p><p class=\"wp-block-post-excerpt__more-text\"><a class=\"wp-block-post-excerpt__more-link\" href=\"https:\/\/lauremartin.fr\/amesdancetres\/jeux-genealogiques\/releverez-vous-un-defi-datant-de-60-ans\/\">Lire la suite&#8230;<\/a><\/p><\/div><\/article>\n<\/div>\n\n\n\n<div style=\"height:50px\" aria-hidden=\"true\" class=\"wp-block-spacer\"><\/div>\n\n<\/li><\/ul>\n\n\n\n<\/div>\n<\/div>\n\n\n\n<div class=\"wp-block-column is-layout-flow wp-block-column-is-layout-flow\" style=\"flex-basis:5%\"><\/div>\n\n\n\n<div class=\"wp-block-column is-layout-flow wp-block-column-is-layout-flow\" style=\"flex-basis:30%\"><aside class=\"wp-block-template-part\">\n<div class=\"wp-block-group is-layout-flow wp-container-core-group-is-layout-0ba1ad86 wp-block-group-is-layout-flow\" style=\"padding-right:0;padding-left:0\">\n<div class=\"wp-block-group has-global-padding is-layout-constrained wp-container-core-group-is-layout-1e17d720 wp-block-group-is-layout-constrained\">\n<h2 class=\"wp-block-heading\" style=\"font-size:clamp(1.039rem, 1.039rem + ((1vw - 0.2rem) * 0.935), 1.6rem);\">Cat\u00e9gories de ressources<\/h2>\n\n\n<ul class=\"wp-block-categories-list wp-block-categories has-small-font-size\">\t<li class=\"cat-item cat-item-126\"><a href=\"https:\/\/lauremartin.fr\/amesdancetres\/category\/jeux-genealogiques\/\">Jeux g\u00e9n\u00e9alogiques<\/a> (1)\n<\/li>\n<\/ul><\/div>\n\n\n\n<hr class=\"wp-block-separator has-text-color has-contrast-color has-alpha-channel-opacity has-contrast-background-color has-background is-style-wide\"\/>\n\n\n\n<div class=\"wp-block-group is-vertical is-content-justification-stretch is-layout-flex wp-container-core-group-is-layout-38a18bb4 wp-block-group-is-layout-flex\">\n<h2 class=\"wp-block-heading\" style=\"font-size:clamp(1.039rem, 1.039rem + ((1vw - 0.2rem) * 0.935), 1.6rem);\">Rechercher sur ce site<\/h2>\n\n\n<form role=\"search\" method=\"get\" action=\"https:\/\/lauremartin.fr\/amesdancetres\/\" class=\"wp-block-search__button-outside wp-block-search__text-button wp-block-search\"    ><label class=\"wp-block-search__label screen-reader-text\" for=\"wp-block-search__input-1\" >Rechercher<\/label><div class=\"wp-block-search__inside-wrapper\"  style=\"width: 100%\"><input class=\"wp-block-search__input\" id=\"wp-block-search__input-1\" placeholder=\"Rechercher\u2026\" value=\"\" type=\"search\" name=\"s\" required \/><button aria-label=\"Rechercher\" class=\"wp-block-search__button wp-element-button\" type=\"submit\" >Rechercher<\/button><\/div><\/form><\/div>\n\n\n\n<div style=\"height:var(--wp--preset--spacing--10)\" aria-hidden=\"true\" class=\"wp-block-spacer\"><\/div>\n<\/div>\n<\/aside><\/div>\n<\/div>\n<\/div>\n","protected":false},"excerpt":{"rendered":"<p>Anecdotes touchantes et partages p\u00e9dagogiques, pour s&rsquo;\u00e9mouvoir tout en apprenant la g\u00e9n\u00e9alogie. Je vous souhaite de belles lectures !<\/p>\n","protected":false},"author":2,"featured_media":3116,"parent":0,"menu_order":0,"comment_status":"closed","ping_status":"closed","template":"page-no-title","meta":{"footnotes":""},"class_list":["post-3034","page","type-page","status-publish","has-post-thumbnail","hentry"],"yoast_head":"<!-- This site is optimized with the Yoast SEO plugin v27.4 - https:\/\/yoast.com\/product\/yoast-seo-wordpress\/ -->\n<title>Blog - \u00c2mes d&#039;anc\u00eatres<\/title>\n<meta name=\"robots\" content=\"index, follow, max-snippet:-1, max-image-preview:large, max-video-preview:-1\" \/>\n<link rel=\"canonical\" href=\"https:\/\/lauremartin.fr\/amesdancetres\/blog\/\" \/>\n<meta property=\"og:locale\" content=\"fr_FR\" \/>\n<meta property=\"og:type\" content=\"article\" \/>\n<meta property=\"og:title\" content=\"Blog - \u00c2mes d&#039;anc\u00eatres\" \/>\n<meta property=\"og:description\" content=\"Anecdotes touchantes et partages p\u00e9dagogiques, pour s&rsquo;\u00e9mouvoir tout en apprenant la g\u00e9n\u00e9alogie. Je vous souhaite de belles lectures !\" \/>\n<meta property=\"og:url\" content=\"https:\/\/lauremartin.fr\/amesdancetres\/blog\/\" \/>\n<meta property=\"og:site_name\" content=\"\u00c2mes d&#039;anc\u00eatres\" \/>\n<meta property=\"article:modified_time\" content=\"2026-04-13T07:17:54+00:00\" \/>\n<meta property=\"og:image\" content=\"https:\/\/lauremartin.fr\/amesdancetres\/wp-content\/uploads\/sites\/9\/2026\/04\/Services_Image1.png\" \/>\n\t<meta property=\"og:image:width\" content=\"1332\" \/>\n\t<meta property=\"og:image:height\" content=\"407\" \/>\n\t<meta property=\"og:image:type\" content=\"image\/png\" \/>\n<meta name=\"twitter:card\" content=\"summary_large_image\" \/>\n<meta name=\"twitter:label1\" content=\"Dur\u00e9e de lecture estim\u00e9e\" \/>\n\t<meta name=\"twitter:data1\" content=\"1 minute\" \/>\n<script type=\"application\/ld+json\" class=\"yoast-schema-graph\">{\"@context\":\"https:\\\/\\\/schema.org\",\"@graph\":[{\"@type\":\"WebPage\",\"@id\":\"https:\\\/\\\/lauremartin.fr\\\/amesdancetres\\\/blog\\\/\",\"url\":\"https:\\\/\\\/lauremartin.fr\\\/amesdancetres\\\/blog\\\/\",\"name\":\"Blog - \u00c2mes d&#039;anc\u00eatres\",\"isPartOf\":{\"@id\":\"https:\\\/\\\/lauremartin.fr\\\/amesdancetres\\\/#website\"},\"primaryImageOfPage\":{\"@id\":\"https:\\\/\\\/lauremartin.fr\\\/amesdancetres\\\/blog\\\/#primaryimage\"},\"image\":{\"@id\":\"https:\\\/\\\/lauremartin.fr\\\/amesdancetres\\\/blog\\\/#primaryimage\"},\"thumbnailUrl\":\"https:\\\/\\\/lauremartin.fr\\\/amesdancetres\\\/wp-content\\\/uploads\\\/sites\\\/9\\\/2026\\\/04\\\/Services_Image1.png\",\"datePublished\":\"2026-04-10T09:02:51+00:00\",\"dateModified\":\"2026-04-13T07:17:54+00:00\",\"breadcrumb\":{\"@id\":\"https:\\\/\\\/lauremartin.fr\\\/amesdancetres\\\/blog\\\/#breadcrumb\"},\"inLanguage\":\"fr-FR\",\"potentialAction\":[{\"@type\":\"ReadAction\",\"target\":[\"https:\\\/\\\/lauremartin.fr\\\/amesdancetres\\\/blog\\\/\"]}]},{\"@type\":\"ImageObject\",\"inLanguage\":\"fr-FR\",\"@id\":\"https:\\\/\\\/lauremartin.fr\\\/amesdancetres\\\/blog\\\/#primaryimage\",\"url\":\"https:\\\/\\\/lauremartin.fr\\\/amesdancetres\\\/wp-content\\\/uploads\\\/sites\\\/9\\\/2026\\\/04\\\/Services_Image1.png\",\"contentUrl\":\"https:\\\/\\\/lauremartin.fr\\\/amesdancetres\\\/wp-content\\\/uploads\\\/sites\\\/9\\\/2026\\\/04\\\/Services_Image1.png\",\"width\":1332,\"height\":407},{\"@type\":\"BreadcrumbList\",\"@id\":\"https:\\\/\\\/lauremartin.fr\\\/amesdancetres\\\/blog\\\/#breadcrumb\",\"itemListElement\":[{\"@type\":\"ListItem\",\"position\":1,\"name\":\"Accueil\",\"item\":\"https:\\\/\\\/lauremartin.fr\\\/amesdancetres\\\/\"},{\"@type\":\"ListItem\",\"position\":2,\"name\":\"Blog\"}]},{\"@type\":\"WebSite\",\"@id\":\"https:\\\/\\\/lauremartin.fr\\\/amesdancetres\\\/#website\",\"url\":\"https:\\\/\\\/lauremartin.fr\\\/amesdancetres\\\/\",\"name\":\"\u00c2mes d&#039;anc\u00eatres\",\"description\":\"A la rencontre de ceux qui nous ont pr\u00e9c\u00e9d\u00e9s\",\"publisher\":{\"@id\":\"https:\\\/\\\/lauremartin.fr\\\/amesdancetres\\\/#organization\"},\"potentialAction\":[{\"@type\":\"SearchAction\",\"target\":{\"@type\":\"EntryPoint\",\"urlTemplate\":\"https:\\\/\\\/lauremartin.fr\\\/amesdancetres\\\/?s={search_term_string}\"},\"query-input\":{\"@type\":\"PropertyValueSpecification\",\"valueRequired\":true,\"valueName\":\"search_term_string\"}}],\"inLanguage\":\"fr-FR\"},{\"@type\":\"Organization\",\"@id\":\"https:\\\/\\\/lauremartin.fr\\\/amesdancetres\\\/#organization\",\"name\":\"\u00c2mes d&#039;anc\u00eatres\",\"url\":\"https:\\\/\\\/lauremartin.fr\\\/amesdancetres\\\/\",\"logo\":{\"@type\":\"ImageObject\",\"inLanguage\":\"fr-FR\",\"@id\":\"https:\\\/\\\/lauremartin.fr\\\/amesdancetres\\\/#\\\/schema\\\/logo\\\/image\\\/\",\"url\":\"https:\\\/\\\/lauremartin.fr\\\/amesdancetres\\\/wp-content\\\/uploads\\\/sites\\\/9\\\/2026\\\/01\\\/logo-full-blanc.png\",\"contentUrl\":\"https:\\\/\\\/lauremartin.fr\\\/amesdancetres\\\/wp-content\\\/uploads\\\/sites\\\/9\\\/2026\\\/01\\\/logo-full-blanc.png\",\"width\":926,\"height\":564,\"caption\":\"\u00c2mes d&#039;anc\u00eatres\"},\"image\":{\"@id\":\"https:\\\/\\\/lauremartin.fr\\\/amesdancetres\\\/#\\\/schema\\\/logo\\\/image\\\/\"}}]}<\/script>\n<!-- \/ Yoast SEO plugin. -->","yoast_head_json":{"title":"Blog - \u00c2mes d&#039;anc\u00eatres","robots":{"index":"index","follow":"follow","max-snippet":"max-snippet:-1","max-image-preview":"max-image-preview:large","max-video-preview":"max-video-preview:-1"},"canonical":"https:\/\/lauremartin.fr\/amesdancetres\/blog\/","og_locale":"fr_FR","og_type":"article","og_title":"Blog - \u00c2mes d&#039;anc\u00eatres","og_description":"Anecdotes touchantes et partages p\u00e9dagogiques, pour s&rsquo;\u00e9mouvoir tout en apprenant la g\u00e9n\u00e9alogie. Je vous souhaite de belles lectures !","og_url":"https:\/\/lauremartin.fr\/amesdancetres\/blog\/","og_site_name":"\u00c2mes d&#039;anc\u00eatres","article_modified_time":"2026-04-13T07:17:54+00:00","og_image":[{"width":1332,"height":407,"url":"https:\/\/lauremartin.fr\/amesdancetres\/wp-content\/uploads\/sites\/9\/2026\/04\/Services_Image1.png","type":"image\/png"}],"twitter_card":"summary_large_image","twitter_misc":{"Dur\u00e9e de lecture estim\u00e9e":"1 minute"},"schema":{"@context":"https:\/\/schema.org","@graph":[{"@type":"WebPage","@id":"https:\/\/lauremartin.fr\/amesdancetres\/blog\/","url":"https:\/\/lauremartin.fr\/amesdancetres\/blog\/","name":"Blog - \u00c2mes d&#039;anc\u00eatres","isPartOf":{"@id":"https:\/\/lauremartin.fr\/amesdancetres\/#website"},"primaryImageOfPage":{"@id":"https:\/\/lauremartin.fr\/amesdancetres\/blog\/#primaryimage"},"image":{"@id":"https:\/\/lauremartin.fr\/amesdancetres\/blog\/#primaryimage"},"thumbnailUrl":"https:\/\/lauremartin.fr\/amesdancetres\/wp-content\/uploads\/sites\/9\/2026\/04\/Services_Image1.png","datePublished":"2026-04-10T09:02:51+00:00","dateModified":"2026-04-13T07:17:54+00:00","breadcrumb":{"@id":"https:\/\/lauremartin.fr\/amesdancetres\/blog\/#breadcrumb"},"inLanguage":"fr-FR","potentialAction":[{"@type":"ReadAction","target":["https:\/\/lauremartin.fr\/amesdancetres\/blog\/"]}]},{"@type":"ImageObject","inLanguage":"fr-FR","@id":"https:\/\/lauremartin.fr\/amesdancetres\/blog\/#primaryimage","url":"https:\/\/lauremartin.fr\/amesdancetres\/wp-content\/uploads\/sites\/9\/2026\/04\/Services_Image1.png","contentUrl":"https:\/\/lauremartin.fr\/amesdancetres\/wp-content\/uploads\/sites\/9\/2026\/04\/Services_Image1.png","width":1332,"height":407},{"@type":"BreadcrumbList","@id":"https:\/\/lauremartin.fr\/amesdancetres\/blog\/#breadcrumb","itemListElement":[{"@type":"ListItem","position":1,"name":"Accueil","item":"https:\/\/lauremartin.fr\/amesdancetres\/"},{"@type":"ListItem","position":2,"name":"Blog"}]},{"@type":"WebSite","@id":"https:\/\/lauremartin.fr\/amesdancetres\/#website","url":"https:\/\/lauremartin.fr\/amesdancetres\/","name":"\u00c2mes d&#039;anc\u00eatres","description":"A la rencontre de ceux qui nous ont pr\u00e9c\u00e9d\u00e9s","publisher":{"@id":"https:\/\/lauremartin.fr\/amesdancetres\/#organization"},"potentialAction":[{"@type":"SearchAction","target":{"@type":"EntryPoint","urlTemplate":"https:\/\/lauremartin.fr\/amesdancetres\/?s={search_term_string}"},"query-input":{"@type":"PropertyValueSpecification","valueRequired":true,"valueName":"search_term_string"}}],"inLanguage":"fr-FR"},{"@type":"Organization","@id":"https:\/\/lauremartin.fr\/amesdancetres\/#organization","name":"\u00c2mes d&#039;anc\u00eatres","url":"https:\/\/lauremartin.fr\/amesdancetres\/","logo":{"@type":"ImageObject","inLanguage":"fr-FR","@id":"https:\/\/lauremartin.fr\/amesdancetres\/#\/schema\/logo\/image\/","url":"https:\/\/lauremartin.fr\/amesdancetres\/wp-content\/uploads\/sites\/9\/2026\/01\/logo-full-blanc.png","contentUrl":"https:\/\/lauremartin.fr\/amesdancetres\/wp-content\/uploads\/sites\/9\/2026\/01\/logo-full-blanc.png","width":926,"height":564,"caption":"\u00c2mes d&#039;anc\u00eatres"},"image":{"@id":"https:\/\/lauremartin.fr\/amesdancetres\/#\/schema\/logo\/image\/"}}]}},"_links":{"self":[{"href":"https:\/\/lauremartin.fr\/amesdancetres\/wp-json\/wp\/v2\/pages\/3034","targetHints":{"allow":["GET"]}}],"collection":[{"href":"https:\/\/lauremartin.fr\/amesdancetres\/wp-json\/wp\/v2\/pages"}],"about":[{"href":"https:\/\/lauremartin.fr\/amesdancetres\/wp-json\/wp\/v2\/types\/page"}],"author":[{"embeddable":true,"href":"https:\/\/lauremartin.fr\/amesdancetres\/wp-json\/wp\/v2\/users\/2"}],"replies":[{"embeddable":true,"href":"https:\/\/lauremartin.fr\/amesdancetres\/wp-json\/wp\/v2\/comments?post=3034"}],"version-history":[{"count":26,"href":"https:\/\/lauremartin.fr\/amesdancetres\/wp-json\/wp\/v2\/pages\/3034\/revisions"}],"predecessor-version":[{"id":3128,"href":"https:\/\/lauremartin.fr\/amesdancetres\/wp-json\/wp\/v2\/pages\/3034\/revisions\/3128"}],"wp:featuredmedia":[{"embeddable":true,"href":"https:\/\/lauremartin.fr\/amesdancetres\/wp-json\/wp\/v2\/media\/3116"}],"wp:attachment":[{"href":"https:\/\/lauremartin.fr\/amesdancetres\/wp-json\/wp\/v2\/media?parent=3034"}],"curies":[{"name":"wp","href":"https:\/\/api.w.org\/{rel}","templated":true}]}}