{"id":3280,"date":"2026-04-13T12:19:00","date_gmt":"2026-04-13T10:19:00","guid":{"rendered":"https:\/\/lauremartin.fr\/amesdancetres\/?page_id=3280"},"modified":"2026-04-13T12:24:47","modified_gmt":"2026-04-13T10:24:47","slug":"accueil","status":"publish","type":"page","link":"https:\/\/lauremartin.fr\/amesdancetres\/","title":{"rendered":"Accueil"},"content":{"rendered":"\n<div class=\"wp-block-group alignfull has-global-padding is-layout-constrained wp-container-core-group-is-layout-490fa1db wp-block-group-is-layout-constrained\" style=\"padding-top:var(--wp--preset--spacing--50);padding-right:var(--wp--preset--spacing--50);padding-bottom:var(--wp--preset--spacing--50);padding-left:var(--wp--preset--spacing--50)\">\n<div class=\"wp-block-group has-global-padding is-layout-constrained wp-container-core-group-is-layout-3635cb89 wp-block-group-is-layout-constrained\">\n<h1 class=\"wp-block-heading has-text-align-center has-x-large-font-size\">A la rencontre de ceux qui nous ont pr\u00e9c\u00e9d\u00e9s<\/h1>\n\n\n\n<div style=\"height:1.25rem\" aria-hidden=\"true\" class=\"wp-block-spacer\"><\/div>\n\n\n\n<p class=\"has-text-align-center\">Laure Martin est une g\u00e9n\u00e9alogiste professionnelle qui fusionne harmonieusement la rigueur des recherches g\u00e9n\u00e9alogiques avec sa sensibilit\u00e9 humaniste pour vous accompagner dans la d\u00e9couverte de vos racines.<\/p>\n\n\n\n<div style=\"height:1.25rem\" aria-hidden=\"true\" class=\"wp-block-spacer\"><\/div>\n\n\n\n<div class=\"wp-block-buttons is-content-justification-center is-layout-flex wp-container-core-buttons-is-layout-a89b3969 wp-block-buttons-is-layout-flex\">\n<div class=\"wp-block-button is-style-fill\"><a class=\"wp-block-button__link has-contrast-2-color has-text-color has-link-color wp-element-button\" href=\"https:\/\/lauremartin.fr\/amesdancetres\/a-propos\/\">\u00c0 propos<\/a><\/div>\n<\/div>\n<\/div>\n\n\n\n<div style=\"height:var(--wp--preset--spacing--30)\" aria-hidden=\"true\" class=\"wp-block-spacer\"><\/div>\n\n\n\n<figure class=\"wp-block-image alignwide size-full is-style-rounded is-style-rounded--1\"><img loading=\"lazy\" decoding=\"async\" width=\"1800\" height=\"800\" src=\"https:\/\/lauremartin.fr\/amesdancetres\/wp-content\/uploads\/sites\/9\/2026\/04\/Accueil_amesdancetres.jpg\" alt=\"\" class=\"wp-image-3130\" srcset=\"https:\/\/lauremartin.fr\/amesdancetres\/wp-content\/uploads\/sites\/9\/2026\/04\/Accueil_amesdancetres.jpg 1800w, https:\/\/lauremartin.fr\/amesdancetres\/wp-content\/uploads\/sites\/9\/2026\/04\/Accueil_amesdancetres-300x133.jpg 300w, https:\/\/lauremartin.fr\/amesdancetres\/wp-content\/uploads\/sites\/9\/2026\/04\/Accueil_amesdancetres-1024x455.jpg 1024w, https:\/\/lauremartin.fr\/amesdancetres\/wp-content\/uploads\/sites\/9\/2026\/04\/Accueil_amesdancetres-768x341.jpg 768w, https:\/\/lauremartin.fr\/amesdancetres\/wp-content\/uploads\/sites\/9\/2026\/04\/Accueil_amesdancetres-1536x683.jpg 1536w, https:\/\/lauremartin.fr\/amesdancetres\/wp-content\/uploads\/sites\/9\/2026\/04\/Accueil_amesdancetres-600x267.jpg 600w\" sizes=\"auto, (max-width: 1800px) 100vw, 1800px\" \/><\/figure>\n<\/div>\n\n\n\n<div class=\"wp-block-group alignfull has-base-2-background-color has-background has-global-padding is-layout-constrained wp-container-core-group-is-layout-669513ed wp-block-group-is-layout-constrained\" style=\"margin-top:0;margin-bottom:0;padding-top:var(--wp--preset--spacing--50);padding-right:var(--wp--preset--spacing--50);padding-bottom:var(--wp--preset--spacing--50);padding-left:var(--wp--preset--spacing--50)\">\n<div class=\"wp-block-group is-vertical is-content-justification-center is-layout-flex wp-container-core-group-is-layout-52b864f0 wp-block-group-is-layout-flex\">\n<h2 class=\"wp-block-heading has-text-align-center is-style-asterisk\">Une passion pour les humains et leur(s) histoire(s)<\/h2>\n\n\n\n<div style=\"height:0px\" aria-hidden=\"true\" class=\"wp-block-spacer wp-container-content-4f2ccadb\"><\/div>\n\n\n\n<p class=\"has-text-align-center\">Ma gamme compl\u00e8te de services professionnels s\u2019adresse \u00e0 une client\u00e8le diversifi\u00e9e, allant du particulier en qu\u00eate de ses racines aux institutions et entreprises d\u00e9sireuses de d\u00e9velopper les aspects historiques de leur patrimoine immobilier.<\/p>\n<\/div>\n\n\n\n<div style=\"margin-top:0;margin-bottom:0;height:var(--wp--preset--spacing--40)\" aria-hidden=\"true\" class=\"wp-block-spacer\"><\/div>\n\n\n\n<div class=\"wp-block-columns alignwide is-layout-flex wp-container-core-columns-is-layout-d0bbbce0 wp-block-columns-is-layout-flex\">\n<div class=\"wp-block-column is-layout-flow wp-container-core-column-is-layout-e3d1c41b wp-block-column-is-layout-flow\">\n<h3 class=\"wp-block-heading has-text-align-left is-style-asterisk has-body-font-family has-medium-font-size\" style=\"font-style:normal;font-weight:600\">Recherches g\u00e9n\u00e9alogiques<\/h3>\n\n\n\n<p class=\"has-text-align-left\">D\u00e9couvrez ma prestation compl\u00e8te de recherche, alliant rigueur et sensibilit\u00e9.<\/p>\n<\/div>\n\n\n\n<div class=\"wp-block-column is-layout-flow wp-container-core-column-is-layout-e3d1c41b wp-block-column-is-layout-flow\">\n<h3 class=\"wp-block-heading has-text-align-left is-style-asterisk has-body-font-family has-medium-font-size\" style=\"font-style:normal;font-weight:600\">Partage continu<\/h3>\n\n\n\n<p class=\"has-text-align-left\">Je vous informe des avanc\u00e9es au fur et \u00e0 mesure, sans attendre la remise du rapport.<\/p>\n<\/div>\n\n\n\n<div class=\"wp-block-column is-layout-flow wp-container-core-column-is-layout-e3d1c41b wp-block-column-is-layout-flow\">\n<h3 class=\"wp-block-heading has-text-align-left is-style-asterisk has-body-font-family has-medium-font-size\" style=\"font-style:normal;font-weight:600\">Rapport exhaustif<\/h3>\n\n\n\n<p class=\"has-text-align-left\">Le dossier final comporte toutes les r\u00e9f\u00e9rences utiles \u00e0 une poursuite ult\u00e9rieure.<\/p>\n<\/div>\n<\/div>\n\n\n\n<div style=\"height:var(--wp--preset--spacing--20)\" aria-hidden=\"true\" class=\"wp-block-spacer\"><\/div>\n\n\n\n<div class=\"wp-block-columns alignwide is-layout-flex wp-container-core-columns-is-layout-d0bbbce0 wp-block-columns-is-layout-flex\">\n<div class=\"wp-block-column is-layout-flow wp-container-core-column-is-layout-e3d1c41b wp-block-column-is-layout-flow\">\n<h3 class=\"wp-block-heading has-text-align-left is-style-asterisk has-body-font-family has-medium-font-size\" style=\"font-style:normal;font-weight:600\">Conseil<\/h3>\n\n\n\n<p class=\"has-text-align-left\">J&rsquo;accompagne les g\u00e9n\u00e9alogistes dans la structuration et la mise en forme de leurs recherches.<\/p>\n<\/div>\n\n\n\n<div class=\"wp-block-column is-layout-flow wp-container-core-column-is-layout-e3d1c41b wp-block-column-is-layout-flow\">\n<h3 class=\"wp-block-heading has-text-align-left is-style-asterisk has-body-font-family has-medium-font-size\" style=\"font-style:normal;font-weight:600\">Transmission<\/h3>\n\n\n\n<p class=\"has-text-align-left\">Apprenez la g\u00e9n\u00e9alogie facilement, avec mes cours et ateliers.<\/p>\n<\/div>\n\n\n\n<div class=\"wp-block-column is-layout-flow wp-container-core-column-is-layout-e3d1c41b wp-block-column-is-layout-flow\">\n<h3 class=\"wp-block-heading has-text-align-left is-style-asterisk has-body-font-family has-medium-font-size\" style=\"font-style:normal;font-weight:600\">R\u00e9cits \u00e9mouvants<\/h3>\n\n\n\n<p class=\"has-text-align-left\">D\u00e9couvrez le blog et ses textes charg\u00e9s d&rsquo;histoire et d&rsquo;\u00e9motions, riches d&rsquo;images d&rsquo;archives.<\/p>\n<\/div>\n<\/div>\n<\/div>\n\n\n\n<div class=\"wp-block-group alignfull has-contrast-background-color has-background has-global-padding is-layout-constrained wp-container-core-group-is-layout-ef3d885c wp-block-group-is-layout-constrained\" style=\"margin-top:0;margin-bottom:0;padding-top:var(--wp--preset--spacing--60);padding-right:var(--wp--preset--spacing--60);padding-bottom:var(--wp--preset--spacing--60);padding-left:var(--wp--preset--spacing--60)\">\n<div class=\"wp-block-group has-global-padding is-layout-constrained wp-container-core-group-is-layout-7db9d80f wp-block-group-is-layout-constrained\" style=\"padding-right:0;padding-left:0\">\n<p class=\"has-text-align-center has-heading-font-family has-x-large-font-size\" style=\"letter-spacing:1px;line-height:1.2\"><em>\u00ab&nbsp;Laure m&rsquo;a accompagn\u00e9e dans mes recherches avec bienveillance, \u00e9coute et bonne humeur. Elle m&rsquo;a aid\u00e9e \u00e0 franchir un grand pas. Je vous la recommande fortement !!!.&nbsp;\u00bb<\/em><\/p>\n\n\n\n<div style=\"height:var(--wp--preset--spacing--10)\" aria-hidden=\"true\" class=\"wp-block-spacer\"><\/div>\n\n\n\n<div class=\"wp-block-group is-vertical is-content-justification-center is-nowrap is-layout-flex wp-container-core-group-is-layout-2dc08cea wp-block-group-is-layout-flex\">\n<p class=\"has-text-align-center\" style=\"margin-top:var(--wp--preset--spacing--10);margin-bottom:0\">Sophie<\/p>\n<\/div>\n<\/div>\n<\/div>\n\n\n\n<div class=\"wp-block-group alignfull has-global-padding is-layout-constrained wp-container-core-group-is-layout-d89aad35 wp-block-group-is-layout-constrained\" style=\"margin-top:0;margin-bottom:0;padding-top:var(--wp--preset--spacing--50);padding-right:var(--wp--preset--spacing--50);padding-bottom:var(--wp--preset--spacing--50);padding-left:var(--wp--preset--spacing--50)\">\n<h2 class=\"wp-block-heading alignwide has-x-large-font-size\" style=\"margin-top:0;margin-bottom:var(--wp--preset--spacing--40);line-height:1\">Regardez, lisez, \u00e9coutez<\/h2>\n\n\n\n<div class=\"wp-block-group alignwide has-global-padding is-layout-constrained wp-block-group-is-layout-constrained\">\n<div class=\"wp-block-query alignwide is-layout-flow wp-block-query-is-layout-flow\"><ul class=\"wp-block-post-template is-layout-flow wp-block-post-template-is-layout-flow\"><li class=\"wp-block-post post-3169 post type-post status-publish format-standard has-post-thumbnail hentry category-jeux-genealogiques\">\n\n<hr class=\"wp-block-separator has-text-color has-contrast-3-color has-alpha-channel-opacity has-contrast-3-background-color has-background alignwide is-style-wide\"\/>\n\n\n\n<div class=\"wp-block-columns alignwide are-vertically-aligned-center is-layout-flex wp-container-core-columns-is-layout-33233fb6 wp-block-columns-is-layout-flex\" style=\"margin-top:var(--wp--preset--spacing--20);margin-bottom:var(--wp--preset--spacing--20)\">\n<div class=\"wp-block-column is-vertically-aligned-center is-layout-flow wp-block-column-is-layout-flow\" style=\"flex-basis:72%\"><h2 style=\"font-size:clamp(0.984rem, 0.984rem + ((1vw - 0.2rem) * 0.86), 1.5rem);line-height:1.1;\" class=\"wp-block-post-title\"><a href=\"https:\/\/lauremartin.fr\/amesdancetres\/jeux-genealogiques\/releverez-vous-un-defi-datant-de-60-ans\/\" target=\"_self\" >Rel\u00e8verez-vous un d\u00e9fi datant de 60 ans?<\/a><\/h2><\/div>\n\n\n\n<div class=\"wp-block-column is-vertically-aligned-center is-layout-flow wp-block-column-is-layout-flow\" style=\"flex-basis:28%\"><div class=\"wp-block-template-part\">\n<div class=\"wp-block-group has-global-padding is-layout-constrained wp-block-group-is-layout-constrained\">\n<div class=\"wp-block-group is-content-justification-left is-layout-flex wp-container-core-group-is-layout-dfe8e91f wp-block-group-is-layout-flex\"><div class=\"has-link-color wp-elements-9c4a6c2acaf0f4a55c04f72d94cd42f3 wp-block-post-date has-text-color has-contrast-3-color\"><time datetime=\"2020-04-08T10:51:00+02:00\"><a href=\"https:\/\/lauremartin.fr\/amesdancetres\/jeux-genealogiques\/releverez-vous-un-defi-datant-de-60-ans\/\">8 avril 2020<\/a><\/time><\/div>\n\n\n<p class=\"has-contrast-3-color has-text-color\">\u2014<\/p>\n\n\n\n<p class=\"has-contrast-3-color has-text-color has-small-font-size\">dans<\/p>\n\n\n<div class=\"taxonomy-category has-link-color wp-elements-b59c2593cc0be313c16eed7463db16db wp-block-post-terms has-text-color has-contrast-3-color\"><span class=\"wp-block-post-terms__prefix\"> <\/span><a href=\"https:\/\/lauremartin.fr\/amesdancetres\/category\/jeux-genealogiques\/\" rel=\"tag\">Jeux g\u00e9n\u00e9alogiques<\/a><\/div><\/div>\n<\/div>\n<\/div><\/div>\n<\/div>\n\n<\/li><\/ul>\n\n\n<div style=\"height:var(--wp--preset--spacing--30)\" aria-hidden=\"true\" class=\"wp-block-spacer\"><\/div>\n\n\n\n\n<\/div>\n<\/div>\n<\/div>\n","protected":false},"excerpt":{"rendered":"<p>A la rencontre de ceux qui nous ont pr\u00e9c\u00e9d\u00e9s Laure Martin est une g\u00e9n\u00e9alogiste professionnelle qui fusionne harmonieusement la rigueur des recherches g\u00e9n\u00e9alogiques avec sa sensibilit\u00e9 humaniste pour vous accompagner dans la d\u00e9couverte de vos racines. Une passion pour les humains et leur(s) histoire(s) Ma gamme compl\u00e8te de services professionnels s\u2019adresse \u00e0 une client\u00e8le diversifi\u00e9e, [&hellip;]<\/p>\n","protected":false},"author":2,"featured_media":0,"parent":0,"menu_order":0,"comment_status":"closed","ping_status":"closed","template":"page-no-title","meta":{"footnotes":""},"class_list":["post-3280","page","type-page","status-publish","hentry"],"yoast_head":"<!-- This site is optimized with the Yoast SEO plugin v27.3 - https:\/\/yoast.com\/product\/yoast-seo-wordpress\/ -->\n<title>Accueil - \u00c2mes d&#039;anc\u00eatres<\/title>\n<meta name=\"robots\" content=\"index, follow, max-snippet:-1, max-image-preview:large, max-video-preview:-1\" \/>\n<link rel=\"canonical\" href=\"https:\/\/lauremartin.fr\/amesdancetres\/\" \/>\n<meta property=\"og:locale\" content=\"fr_FR\" \/>\n<meta property=\"og:type\" content=\"article\" \/>\n<meta property=\"og:title\" content=\"Accueil - \u00c2mes d&#039;anc\u00eatres\" \/>\n<meta property=\"og:description\" content=\"A la rencontre de ceux qui nous ont pr\u00e9c\u00e9d\u00e9s Laure Martin est une g\u00e9n\u00e9alogiste professionnelle qui fusionne harmonieusement la rigueur des recherches g\u00e9n\u00e9alogiques avec sa sensibilit\u00e9 humaniste pour vous accompagner dans la d\u00e9couverte de vos racines. Une passion pour les humains et leur(s) histoire(s) Ma gamme compl\u00e8te de services professionnels s\u2019adresse \u00e0 une client\u00e8le diversifi\u00e9e, [&hellip;]\" \/>\n<meta property=\"og:url\" content=\"https:\/\/lauremartin.fr\/amesdancetres\/\" \/>\n<meta property=\"og:site_name\" content=\"\u00c2mes d&#039;anc\u00eatres\" \/>\n<meta property=\"article:modified_time\" content=\"2026-04-13T10:24:47+00:00\" \/>\n<meta property=\"og:image\" content=\"https:\/\/lauremartin.fr\/amesdancetres\/wp-content\/uploads\/sites\/9\/2026\/04\/Accueil_amesdancetres.jpg\" \/>\n\t<meta property=\"og:image:width\" content=\"1800\" \/>\n\t<meta property=\"og:image:height\" content=\"800\" \/>\n\t<meta property=\"og:image:type\" content=\"image\/jpeg\" \/>\n<meta name=\"twitter:card\" content=\"summary_large_image\" \/>\n<meta name=\"twitter:label1\" content=\"Dur\u00e9e de lecture estim\u00e9e\" \/>\n\t<meta name=\"twitter:data1\" content=\"2 minutes\" \/>\n<script type=\"application\/ld+json\" class=\"yoast-schema-graph\">{\"@context\":\"https:\\\/\\\/schema.org\",\"@graph\":[{\"@type\":\"WebPage\",\"@id\":\"https:\\\/\\\/lauremartin.fr\\\/amesdancetres\\\/\",\"url\":\"https:\\\/\\\/lauremartin.fr\\\/amesdancetres\\\/\",\"name\":\"Accueil - \u00c2mes d&#039;anc\u00eatres\",\"isPartOf\":{\"@id\":\"https:\\\/\\\/lauremartin.fr\\\/amesdancetres\\\/#website\"},\"primaryImageOfPage\":{\"@id\":\"https:\\\/\\\/lauremartin.fr\\\/amesdancetres\\\/#primaryimage\"},\"image\":{\"@id\":\"https:\\\/\\\/lauremartin.fr\\\/amesdancetres\\\/#primaryimage\"},\"thumbnailUrl\":\"https:\\\/\\\/lauremartin.fr\\\/amesdancetres\\\/wp-content\\\/uploads\\\/sites\\\/9\\\/2026\\\/04\\\/Accueil_amesdancetres.jpg\",\"datePublished\":\"2026-04-13T10:19:00+00:00\",\"dateModified\":\"2026-04-13T10:24:47+00:00\",\"breadcrumb\":{\"@id\":\"https:\\\/\\\/lauremartin.fr\\\/amesdancetres\\\/#breadcrumb\"},\"inLanguage\":\"fr-FR\",\"potentialAction\":[{\"@type\":\"ReadAction\",\"target\":[\"https:\\\/\\\/lauremartin.fr\\\/amesdancetres\\\/\"]}]},{\"@type\":\"ImageObject\",\"inLanguage\":\"fr-FR\",\"@id\":\"https:\\\/\\\/lauremartin.fr\\\/amesdancetres\\\/#primaryimage\",\"url\":\"https:\\\/\\\/lauremartin.fr\\\/amesdancetres\\\/wp-content\\\/uploads\\\/sites\\\/9\\\/2026\\\/04\\\/Accueil_amesdancetres.jpg\",\"contentUrl\":\"https:\\\/\\\/lauremartin.fr\\\/amesdancetres\\\/wp-content\\\/uploads\\\/sites\\\/9\\\/2026\\\/04\\\/Accueil_amesdancetres.jpg\",\"width\":1800,\"height\":800},{\"@type\":\"BreadcrumbList\",\"@id\":\"https:\\\/\\\/lauremartin.fr\\\/amesdancetres\\\/#breadcrumb\",\"itemListElement\":[{\"@type\":\"ListItem\",\"position\":1,\"name\":\"Accueil\",\"item\":\"https:\\\/\\\/lauremartin.fr\\\/amesdancetres\\\/\"},{\"@type\":\"ListItem\",\"position\":2,\"name\":\"Accueil\"}]},{\"@type\":\"WebSite\",\"@id\":\"https:\\\/\\\/lauremartin.fr\\\/amesdancetres\\\/#website\",\"url\":\"https:\\\/\\\/lauremartin.fr\\\/amesdancetres\\\/\",\"name\":\"\u00c2mes d&#039;anc\u00eatres\",\"description\":\"A la rencontre de ceux qui nous ont pr\u00e9c\u00e9d\u00e9s\",\"publisher\":{\"@id\":\"https:\\\/\\\/lauremartin.fr\\\/amesdancetres\\\/#organization\"},\"potentialAction\":[{\"@type\":\"SearchAction\",\"target\":{\"@type\":\"EntryPoint\",\"urlTemplate\":\"https:\\\/\\\/lauremartin.fr\\\/amesdancetres\\\/?s={search_term_string}\"},\"query-input\":{\"@type\":\"PropertyValueSpecification\",\"valueRequired\":true,\"valueName\":\"search_term_string\"}}],\"inLanguage\":\"fr-FR\"},{\"@type\":\"Organization\",\"@id\":\"https:\\\/\\\/lauremartin.fr\\\/amesdancetres\\\/#organization\",\"name\":\"\u00c2mes d&#039;anc\u00eatres\",\"url\":\"https:\\\/\\\/lauremartin.fr\\\/amesdancetres\\\/\",\"logo\":{\"@type\":\"ImageObject\",\"inLanguage\":\"fr-FR\",\"@id\":\"https:\\\/\\\/lauremartin.fr\\\/amesdancetres\\\/#\\\/schema\\\/logo\\\/image\\\/\",\"url\":\"https:\\\/\\\/lauremartin.fr\\\/amesdancetres\\\/wp-content\\\/uploads\\\/sites\\\/9\\\/2026\\\/01\\\/logo-full-blanc.png\",\"contentUrl\":\"https:\\\/\\\/lauremartin.fr\\\/amesdancetres\\\/wp-content\\\/uploads\\\/sites\\\/9\\\/2026\\\/01\\\/logo-full-blanc.png\",\"width\":926,\"height\":564,\"caption\":\"\u00c2mes d&#039;anc\u00eatres\"},\"image\":{\"@id\":\"https:\\\/\\\/lauremartin.fr\\\/amesdancetres\\\/#\\\/schema\\\/logo\\\/image\\\/\"}}]}<\/script>\n<!-- \/ Yoast SEO plugin. -->","yoast_head_json":{"title":"Accueil - \u00c2mes d&#039;anc\u00eatres","robots":{"index":"index","follow":"follow","max-snippet":"max-snippet:-1","max-image-preview":"max-image-preview:large","max-video-preview":"max-video-preview:-1"},"canonical":"https:\/\/lauremartin.fr\/amesdancetres\/","og_locale":"fr_FR","og_type":"article","og_title":"Accueil - \u00c2mes d&#039;anc\u00eatres","og_description":"A la rencontre de ceux qui nous ont pr\u00e9c\u00e9d\u00e9s Laure Martin est une g\u00e9n\u00e9alogiste professionnelle qui fusionne harmonieusement la rigueur des recherches g\u00e9n\u00e9alogiques avec sa sensibilit\u00e9 humaniste pour vous accompagner dans la d\u00e9couverte de vos racines. Une passion pour les humains et leur(s) histoire(s) Ma gamme compl\u00e8te de services professionnels s\u2019adresse \u00e0 une client\u00e8le diversifi\u00e9e, [&hellip;]","og_url":"https:\/\/lauremartin.fr\/amesdancetres\/","og_site_name":"\u00c2mes d&#039;anc\u00eatres","article_modified_time":"2026-04-13T10:24:47+00:00","og_image":[{"width":1800,"height":800,"url":"https:\/\/lauremartin.fr\/amesdancetres\/wp-content\/uploads\/sites\/9\/2026\/04\/Accueil_amesdancetres.jpg","type":"image\/jpeg"}],"twitter_card":"summary_large_image","twitter_misc":{"Dur\u00e9e de lecture estim\u00e9e":"2 minutes"},"schema":{"@context":"https:\/\/schema.org","@graph":[{"@type":"WebPage","@id":"https:\/\/lauremartin.fr\/amesdancetres\/","url":"https:\/\/lauremartin.fr\/amesdancetres\/","name":"Accueil - \u00c2mes d&#039;anc\u00eatres","isPartOf":{"@id":"https:\/\/lauremartin.fr\/amesdancetres\/#website"},"primaryImageOfPage":{"@id":"https:\/\/lauremartin.fr\/amesdancetres\/#primaryimage"},"image":{"@id":"https:\/\/lauremartin.fr\/amesdancetres\/#primaryimage"},"thumbnailUrl":"https:\/\/lauremartin.fr\/amesdancetres\/wp-content\/uploads\/sites\/9\/2026\/04\/Accueil_amesdancetres.jpg","datePublished":"2026-04-13T10:19:00+00:00","dateModified":"2026-04-13T10:24:47+00:00","breadcrumb":{"@id":"https:\/\/lauremartin.fr\/amesdancetres\/#breadcrumb"},"inLanguage":"fr-FR","potentialAction":[{"@type":"ReadAction","target":["https:\/\/lauremartin.fr\/amesdancetres\/"]}]},{"@type":"ImageObject","inLanguage":"fr-FR","@id":"https:\/\/lauremartin.fr\/amesdancetres\/#primaryimage","url":"https:\/\/lauremartin.fr\/amesdancetres\/wp-content\/uploads\/sites\/9\/2026\/04\/Accueil_amesdancetres.jpg","contentUrl":"https:\/\/lauremartin.fr\/amesdancetres\/wp-content\/uploads\/sites\/9\/2026\/04\/Accueil_amesdancetres.jpg","width":1800,"height":800},{"@type":"BreadcrumbList","@id":"https:\/\/lauremartin.fr\/amesdancetres\/#breadcrumb","itemListElement":[{"@type":"ListItem","position":1,"name":"Accueil","item":"https:\/\/lauremartin.fr\/amesdancetres\/"},{"@type":"ListItem","position":2,"name":"Accueil"}]},{"@type":"WebSite","@id":"https:\/\/lauremartin.fr\/amesdancetres\/#website","url":"https:\/\/lauremartin.fr\/amesdancetres\/","name":"\u00c2mes d&#039;anc\u00eatres","description":"A la rencontre de ceux qui nous ont pr\u00e9c\u00e9d\u00e9s","publisher":{"@id":"https:\/\/lauremartin.fr\/amesdancetres\/#organization"},"potentialAction":[{"@type":"SearchAction","target":{"@type":"EntryPoint","urlTemplate":"https:\/\/lauremartin.fr\/amesdancetres\/?s={search_term_string}"},"query-input":{"@type":"PropertyValueSpecification","valueRequired":true,"valueName":"search_term_string"}}],"inLanguage":"fr-FR"},{"@type":"Organization","@id":"https:\/\/lauremartin.fr\/amesdancetres\/#organization","name":"\u00c2mes d&#039;anc\u00eatres","url":"https:\/\/lauremartin.fr\/amesdancetres\/","logo":{"@type":"ImageObject","inLanguage":"fr-FR","@id":"https:\/\/lauremartin.fr\/amesdancetres\/#\/schema\/logo\/image\/","url":"https:\/\/lauremartin.fr\/amesdancetres\/wp-content\/uploads\/sites\/9\/2026\/01\/logo-full-blanc.png","contentUrl":"https:\/\/lauremartin.fr\/amesdancetres\/wp-content\/uploads\/sites\/9\/2026\/01\/logo-full-blanc.png","width":926,"height":564,"caption":"\u00c2mes d&#039;anc\u00eatres"},"image":{"@id":"https:\/\/lauremartin.fr\/amesdancetres\/#\/schema\/logo\/image\/"}}]}},"_links":{"self":[{"href":"https:\/\/lauremartin.fr\/amesdancetres\/wp-json\/wp\/v2\/pages\/3280","targetHints":{"allow":["GET"]}}],"collection":[{"href":"https:\/\/lauremartin.fr\/amesdancetres\/wp-json\/wp\/v2\/pages"}],"about":[{"href":"https:\/\/lauremartin.fr\/amesdancetres\/wp-json\/wp\/v2\/types\/page"}],"author":[{"embeddable":true,"href":"https:\/\/lauremartin.fr\/amesdancetres\/wp-json\/wp\/v2\/users\/2"}],"replies":[{"embeddable":true,"href":"https:\/\/lauremartin.fr\/amesdancetres\/wp-json\/wp\/v2\/comments?post=3280"}],"version-history":[{"count":6,"href":"https:\/\/lauremartin.fr\/amesdancetres\/wp-json\/wp\/v2\/pages\/3280\/revisions"}],"predecessor-version":[{"id":3291,"href":"https:\/\/lauremartin.fr\/amesdancetres\/wp-json\/wp\/v2\/pages\/3280\/revisions\/3291"}],"wp:attachment":[{"href":"https:\/\/lauremartin.fr\/amesdancetres\/wp-json\/wp\/v2\/media?parent=3280"}],"curies":[{"name":"wp","href":"https:\/\/api.w.org\/{rel}","templated":true}]}}