{"id":2841,"date":"2026-03-11T10:34:33","date_gmt":"2026-03-11T08:34:33","guid":{"rendered":"https:\/\/lauremartin.fr\/art\/?post_type=product&#038;p=2841"},"modified":"2026-04-09T17:18:40","modified_gmt":"2026-04-09T15:18:40","slug":"je-te-prends-dans-mes-filets","status":"publish","type":"product","link":"https:\/\/lauremartin.fr\/art\/produit\/je-te-prends-dans-mes-filets\/","title":{"rendered":"Je te prends dans mes filets"},"content":{"rendered":"<p>J\u2019ai d\u2019abord r\u00e9cup\u00e9r\u00e9, dans ma recyclerie domestique, une petite bo\u00eete de levure de boulangerie. Je l\u2019avais achet\u00e9e parce que j\u2019aime faire mon pain (de temps en temps, avec ma super recette de baguette magique sans p\u00e9trissage). Je l\u2019ai gard\u00e9e \u00e0 cause de sa petite taille : j\u2019ai tout de suite imagin\u00e9 de tous petits carnets, r\u00e9ceptacles de tous petits secrets, de tous petits po\u00e8mes, de tous petits croquis\u2026<\/p>\n<p>Pour d\u00e9couvrir la suite de l&rsquo;histoire de cette cr\u00e9ation, lire <a href=\"https:\/\/lauremartin.fr\/art\/oeuvres\/je-te-prends-dans-mes-filets\/\">l&rsquo;article<\/a> sur le blog.<\/p>\n<p>&nbsp;<\/p>\n","protected":false},"excerpt":{"rendered":"<p>Un carnet unique, pour croquer, dessiner, gribouiller, penser, m\u00e9diter, rager, s\u2019amuser\u2026 fait de petits bouts de vie assembl\u00e9s.<\/p>\n","protected":false},"featured_media":2948,"comment_status":"open","ping_status":"closed","template":"","meta":[],"product_brand":[],"product_cat":[124,125],"product_tag":[],"class_list":{"0":"post-2841","1":"product","2":"type-product","3":"status-publish","4":"has-post-thumbnail","6":"product_cat-oeuvres","7":"product_cat-carnets","8":"product_shipping_class-petit","10":"first","11":"instock","12":"shipping-taxable","13":"purchasable","14":"product-type-simple"},"yoast_head":"<!-- This site is optimized with the Yoast SEO plugin v27.5 - https:\/\/yoast.com\/product\/yoast-seo-wordpress\/ -->\n<title>Je te prends dans mes filets - Laure Martin, artiste plasticienne \u00e0 Bordeaux<\/title>\n<meta name=\"robots\" content=\"index, follow, max-snippet:-1, max-image-preview:large, max-video-preview:-1\" \/>\n<link rel=\"canonical\" href=\"https:\/\/lauremartin.fr\/art\/produit\/je-te-prends-dans-mes-filets\/\" \/>\n<meta property=\"og:locale\" content=\"fr_FR\" \/>\n<meta property=\"og:type\" content=\"article\" \/>\n<meta property=\"og:title\" content=\"Je te prends dans mes filets - Laure Martin, artiste plasticienne \u00e0 Bordeaux\" \/>\n<meta property=\"og:description\" content=\"Un carnet unique, pour croquer, dessiner, gribouiller, penser, m\u00e9diter, rager, s\u2019amuser\u2026 fait de petits bouts de vie assembl\u00e9s.\" \/>\n<meta property=\"og:url\" content=\"https:\/\/lauremartin.fr\/art\/produit\/je-te-prends-dans-mes-filets\/\" \/>\n<meta property=\"og:site_name\" content=\"Laure Martin, artiste plasticienne \u00e0 Bordeaux\" \/>\n<meta property=\"article:modified_time\" content=\"2026-04-09T15:18:40+00:00\" \/>\n<meta property=\"og:image\" content=\"https:\/\/lauremartin.fr\/art\/wp-content\/uploads\/sites\/4\/2026\/02\/Carnet-filet-rose_5.jpg\" \/>\n\t<meta property=\"og:image:width\" content=\"1080\" \/>\n\t<meta property=\"og:image:height\" content=\"1080\" \/>\n\t<meta property=\"og:image:type\" content=\"image\/jpeg\" \/>\n<meta name=\"twitter:card\" content=\"summary_large_image\" \/>\n<meta name=\"twitter:label1\" content=\"Dur\u00e9e de lecture estim\u00e9e\" \/>\n\t<meta name=\"twitter:data1\" content=\"1 minute\" \/>\n<script type=\"application\/ld+json\" class=\"yoast-schema-graph\">{\"@context\":\"https:\\\/\\\/schema.org\",\"@graph\":[{\"@type\":\"WebPage\",\"@id\":\"https:\\\/\\\/lauremartin.fr\\\/art\\\/produit\\\/je-te-prends-dans-mes-filets\\\/\",\"url\":\"https:\\\/\\\/lauremartin.fr\\\/art\\\/produit\\\/je-te-prends-dans-mes-filets\\\/\",\"name\":\"Je te prends dans mes filets - Laure Martin, artiste plasticienne \u00e0 Bordeaux\",\"isPartOf\":{\"@id\":\"https:\\\/\\\/lauremartin.fr\\\/art\\\/#website\"},\"primaryImageOfPage\":{\"@id\":\"https:\\\/\\\/lauremartin.fr\\\/art\\\/produit\\\/je-te-prends-dans-mes-filets\\\/#primaryimage\"},\"image\":{\"@id\":\"https:\\\/\\\/lauremartin.fr\\\/art\\\/produit\\\/je-te-prends-dans-mes-filets\\\/#primaryimage\"},\"thumbnailUrl\":\"https:\\\/\\\/lauremartin.fr\\\/art\\\/wp-content\\\/uploads\\\/sites\\\/4\\\/2026\\\/02\\\/Carnet-filet-rose_5.jpg\",\"datePublished\":\"2026-03-11T08:34:33+00:00\",\"dateModified\":\"2026-04-09T15:18:40+00:00\",\"breadcrumb\":{\"@id\":\"https:\\\/\\\/lauremartin.fr\\\/art\\\/produit\\\/je-te-prends-dans-mes-filets\\\/#breadcrumb\"},\"inLanguage\":\"fr-FR\",\"potentialAction\":[{\"@type\":\"ReadAction\",\"target\":[\"https:\\\/\\\/lauremartin.fr\\\/art\\\/produit\\\/je-te-prends-dans-mes-filets\\\/\"]}]},{\"@type\":\"ImageObject\",\"inLanguage\":\"fr-FR\",\"@id\":\"https:\\\/\\\/lauremartin.fr\\\/art\\\/produit\\\/je-te-prends-dans-mes-filets\\\/#primaryimage\",\"url\":\"https:\\\/\\\/lauremartin.fr\\\/art\\\/wp-content\\\/uploads\\\/sites\\\/4\\\/2026\\\/02\\\/Carnet-filet-rose_5.jpg\",\"contentUrl\":\"https:\\\/\\\/lauremartin.fr\\\/art\\\/wp-content\\\/uploads\\\/sites\\\/4\\\/2026\\\/02\\\/Carnet-filet-rose_5.jpg\",\"width\":1080,\"height\":1080},{\"@type\":\"BreadcrumbList\",\"@id\":\"https:\\\/\\\/lauremartin.fr\\\/art\\\/produit\\\/je-te-prends-dans-mes-filets\\\/#breadcrumb\",\"itemListElement\":[{\"@type\":\"ListItem\",\"position\":1,\"name\":\"Accueil\",\"item\":\"https:\\\/\\\/lauremartin.fr\\\/art\\\/\"},{\"@type\":\"ListItem\",\"position\":2,\"name\":\"Boutique\",\"item\":\"https:\\\/\\\/lauremartin.fr\\\/art\\\/boutique\\\/\"},{\"@type\":\"ListItem\",\"position\":3,\"name\":\"Je te prends dans mes filets\"}]},{\"@type\":\"WebSite\",\"@id\":\"https:\\\/\\\/lauremartin.fr\\\/art\\\/#website\",\"url\":\"https:\\\/\\\/lauremartin.fr\\\/art\\\/\",\"name\":\"Laure Martin, artiste plasticienne \u00e0 Bordeaux\",\"description\":\"Pour un art respectueux du vivant\",\"publisher\":{\"@id\":\"https:\\\/\\\/lauremartin.fr\\\/art\\\/#organization\"},\"potentialAction\":[{\"@type\":\"SearchAction\",\"target\":{\"@type\":\"EntryPoint\",\"urlTemplate\":\"https:\\\/\\\/lauremartin.fr\\\/art\\\/?s={search_term_string}\"},\"query-input\":{\"@type\":\"PropertyValueSpecification\",\"valueRequired\":true,\"valueName\":\"search_term_string\"}}],\"inLanguage\":\"fr-FR\"},{\"@type\":\"Organization\",\"@id\":\"https:\\\/\\\/lauremartin.fr\\\/art\\\/#organization\",\"name\":\"Laure Martin, artiste plasticienne \u00e0 Bordeaux\",\"url\":\"https:\\\/\\\/lauremartin.fr\\\/art\\\/\",\"logo\":{\"@type\":\"ImageObject\",\"inLanguage\":\"fr-FR\",\"@id\":\"https:\\\/\\\/lauremartin.fr\\\/art\\\/#\\\/schema\\\/logo\\\/image\\\/\",\"url\":\"https:\\\/\\\/lauremartin.fr\\\/art\\\/wp-content\\\/uploads\\\/sites\\\/4\\\/2026\\\/01\\\/logo-full-blanc.png\",\"contentUrl\":\"https:\\\/\\\/lauremartin.fr\\\/art\\\/wp-content\\\/uploads\\\/sites\\\/4\\\/2026\\\/01\\\/logo-full-blanc.png\",\"width\":926,\"height\":564,\"caption\":\"Laure Martin, artiste plasticienne \u00e0 Bordeaux\"},\"image\":{\"@id\":\"https:\\\/\\\/lauremartin.fr\\\/art\\\/#\\\/schema\\\/logo\\\/image\\\/\"}}]}<\/script>\n<!-- \/ Yoast SEO plugin. -->","yoast_head_json":{"title":"Je te prends dans mes filets - Laure Martin, artiste plasticienne \u00e0 Bordeaux","robots":{"index":"index","follow":"follow","max-snippet":"max-snippet:-1","max-image-preview":"max-image-preview:large","max-video-preview":"max-video-preview:-1"},"canonical":"https:\/\/lauremartin.fr\/art\/produit\/je-te-prends-dans-mes-filets\/","og_locale":"fr_FR","og_type":"article","og_title":"Je te prends dans mes filets - Laure Martin, artiste plasticienne \u00e0 Bordeaux","og_description":"Un carnet unique, pour croquer, dessiner, gribouiller, penser, m\u00e9diter, rager, s\u2019amuser\u2026 fait de petits bouts de vie assembl\u00e9s.","og_url":"https:\/\/lauremartin.fr\/art\/produit\/je-te-prends-dans-mes-filets\/","og_site_name":"Laure Martin, artiste plasticienne \u00e0 Bordeaux","article_modified_time":"2026-04-09T15:18:40+00:00","og_image":[{"width":1080,"height":1080,"url":"https:\/\/lauremartin.fr\/art\/wp-content\/uploads\/sites\/4\/2026\/02\/Carnet-filet-rose_5.jpg","type":"image\/jpeg"}],"twitter_card":"summary_large_image","twitter_misc":{"Dur\u00e9e de lecture estim\u00e9e":"1 minute"},"schema":{"@context":"https:\/\/schema.org","@graph":[{"@type":"WebPage","@id":"https:\/\/lauremartin.fr\/art\/produit\/je-te-prends-dans-mes-filets\/","url":"https:\/\/lauremartin.fr\/art\/produit\/je-te-prends-dans-mes-filets\/","name":"Je te prends dans mes filets - Laure Martin, artiste plasticienne \u00e0 Bordeaux","isPartOf":{"@id":"https:\/\/lauremartin.fr\/art\/#website"},"primaryImageOfPage":{"@id":"https:\/\/lauremartin.fr\/art\/produit\/je-te-prends-dans-mes-filets\/#primaryimage"},"image":{"@id":"https:\/\/lauremartin.fr\/art\/produit\/je-te-prends-dans-mes-filets\/#primaryimage"},"thumbnailUrl":"https:\/\/lauremartin.fr\/art\/wp-content\/uploads\/sites\/4\/2026\/02\/Carnet-filet-rose_5.jpg","datePublished":"2026-03-11T08:34:33+00:00","dateModified":"2026-04-09T15:18:40+00:00","breadcrumb":{"@id":"https:\/\/lauremartin.fr\/art\/produit\/je-te-prends-dans-mes-filets\/#breadcrumb"},"inLanguage":"fr-FR","potentialAction":[{"@type":"ReadAction","target":["https:\/\/lauremartin.fr\/art\/produit\/je-te-prends-dans-mes-filets\/"]}]},{"@type":"ImageObject","inLanguage":"fr-FR","@id":"https:\/\/lauremartin.fr\/art\/produit\/je-te-prends-dans-mes-filets\/#primaryimage","url":"https:\/\/lauremartin.fr\/art\/wp-content\/uploads\/sites\/4\/2026\/02\/Carnet-filet-rose_5.jpg","contentUrl":"https:\/\/lauremartin.fr\/art\/wp-content\/uploads\/sites\/4\/2026\/02\/Carnet-filet-rose_5.jpg","width":1080,"height":1080},{"@type":"BreadcrumbList","@id":"https:\/\/lauremartin.fr\/art\/produit\/je-te-prends-dans-mes-filets\/#breadcrumb","itemListElement":[{"@type":"ListItem","position":1,"name":"Accueil","item":"https:\/\/lauremartin.fr\/art\/"},{"@type":"ListItem","position":2,"name":"Boutique","item":"https:\/\/lauremartin.fr\/art\/boutique\/"},{"@type":"ListItem","position":3,"name":"Je te prends dans mes filets"}]},{"@type":"WebSite","@id":"https:\/\/lauremartin.fr\/art\/#website","url":"https:\/\/lauremartin.fr\/art\/","name":"Laure Martin, artiste plasticienne \u00e0 Bordeaux","description":"Pour un art respectueux du vivant","publisher":{"@id":"https:\/\/lauremartin.fr\/art\/#organization"},"potentialAction":[{"@type":"SearchAction","target":{"@type":"EntryPoint","urlTemplate":"https:\/\/lauremartin.fr\/art\/?s={search_term_string}"},"query-input":{"@type":"PropertyValueSpecification","valueRequired":true,"valueName":"search_term_string"}}],"inLanguage":"fr-FR"},{"@type":"Organization","@id":"https:\/\/lauremartin.fr\/art\/#organization","name":"Laure Martin, artiste plasticienne \u00e0 Bordeaux","url":"https:\/\/lauremartin.fr\/art\/","logo":{"@type":"ImageObject","inLanguage":"fr-FR","@id":"https:\/\/lauremartin.fr\/art\/#\/schema\/logo\/image\/","url":"https:\/\/lauremartin.fr\/art\/wp-content\/uploads\/sites\/4\/2026\/01\/logo-full-blanc.png","contentUrl":"https:\/\/lauremartin.fr\/art\/wp-content\/uploads\/sites\/4\/2026\/01\/logo-full-blanc.png","width":926,"height":564,"caption":"Laure Martin, artiste plasticienne \u00e0 Bordeaux"},"image":{"@id":"https:\/\/lauremartin.fr\/art\/#\/schema\/logo\/image\/"}}]}},"_links":{"self":[{"href":"https:\/\/lauremartin.fr\/art\/wp-json\/wp\/v2\/product\/2841","targetHints":{"allow":["GET"]}}],"collection":[{"href":"https:\/\/lauremartin.fr\/art\/wp-json\/wp\/v2\/product"}],"about":[{"href":"https:\/\/lauremartin.fr\/art\/wp-json\/wp\/v2\/types\/product"}],"replies":[{"embeddable":true,"href":"https:\/\/lauremartin.fr\/art\/wp-json\/wp\/v2\/comments?post=2841"}],"wp:featuredmedia":[{"embeddable":true,"href":"https:\/\/lauremartin.fr\/art\/wp-json\/wp\/v2\/media\/2948"}],"wp:attachment":[{"href":"https:\/\/lauremartin.fr\/art\/wp-json\/wp\/v2\/media?parent=2841"}],"wp:term":[{"taxonomy":"product_brand","embeddable":true,"href":"https:\/\/lauremartin.fr\/art\/wp-json\/wp\/v2\/product_brand?post=2841"},{"taxonomy":"product_cat","embeddable":true,"href":"https:\/\/lauremartin.fr\/art\/wp-json\/wp\/v2\/product_cat?post=2841"},{"taxonomy":"product_tag","embeddable":true,"href":"https:\/\/lauremartin.fr\/art\/wp-json\/wp\/v2\/product_tag?post=2841"}],"curies":[{"name":"wp","href":"https:\/\/api.w.org\/{rel}","templated":true}]}}