{"id":2855,"date":"2026-03-11T11:28:22","date_gmt":"2026-03-11T09:28:22","guid":{"rendered":"https:\/\/lauremartin.fr\/art\/?post_type=product&#038;p=2855"},"modified":"2026-04-09T17:17:40","modified_gmt":"2026-04-09T15:17:40","slug":"retour-a-la-source-format-pdf","status":"publish","type":"product","link":"https:\/\/lauremartin.fr\/art\/produit\/retour-a-la-source-format-pdf\/","title":{"rendered":"Retour \u00e0 la Source (format PDF)"},"content":{"rendered":"<p class=\"justifier\">Je n\u2019ai pas vraiment \u00ab\u00a0\u00e9crit\u00a0\u00bb ce livre.\u00a0<em>Retour \u00e0 la Source<\/em>. Ce que je veux dire par l\u00e0, c\u2019est que je n\u2019avais\u00a0pas l\u2019intention initiale de cr\u00e9er un ouvrage et de le partager.<\/p>\n<p class=\"justifier\">J\u2019ai \u00e9crit des articles sur un blog pour ext\u00e9rioriser mes \u00e9motions suite \u00e0 un burn-out. Dans le m\u00eame contexte, j\u2019ai commenc\u00e9 \u00e0 dessiner, en clinique de repos\u00a0; l\u2019encre de Chine et l\u2019aquarelle m\u2019aidaient \u00e0 l\u00e2cher prise et \u00e0 reconnecter mon pouvoir cr\u00e9ateur. L\u2019id\u00e9e de compiler l\u2019ensemble est venue d\u2019un brainstorming avec une amie, alors que je me demandais comment gagner de l\u2019argent avec ce que j\u2019avais d\u00e9j\u00e0 cr\u00e9\u00e9.<\/p>\n<p>Pour d\u00e9couvrir la suite de l&rsquo;histoire, <a href=\"https:\/\/lauremartin.fr\/art\/oeuvres\/retour-a-la-source\/\">c&rsquo;est par ici<\/a> !<\/p>\n","protected":false},"excerpt":{"rendered":"<p>Livre auto-\u00e9dit\u00e9, compilation de textes et dessins, relatant la p\u00e9riode qui a suivi mon burn-out en 2015.<\/p>\n","protected":false},"featured_media":1945,"comment_status":"open","ping_status":"closed","template":"","meta":[],"product_brand":[],"product_cat":[124,126],"product_tag":[],"class_list":{"0":"post-2855","1":"product","2":"type-product","3":"status-publish","4":"has-post-thumbnail","6":"product_cat-oeuvres","7":"product_cat-livres","9":"first","10":"instock","11":"downloadable","12":"sold-individually","13":"shipping-taxable","14":"purchasable","15":"product-type-simple"},"yoast_head":"<!-- This site is optimized with the Yoast SEO plugin v27.5 - https:\/\/yoast.com\/product\/yoast-seo-wordpress\/ -->\n<title>Retour \u00e0 la Source (format PDF) - Laure Martin, artiste plasticienne \u00e0 Bordeaux<\/title>\n<meta name=\"robots\" content=\"index, follow, max-snippet:-1, max-image-preview:large, max-video-preview:-1\" \/>\n<link rel=\"canonical\" href=\"https:\/\/lauremartin.fr\/art\/produit\/retour-a-la-source-format-pdf\/\" \/>\n<meta property=\"og:locale\" content=\"fr_FR\" \/>\n<meta property=\"og:type\" content=\"article\" \/>\n<meta property=\"og:title\" content=\"Retour \u00e0 la Source (format PDF) - Laure Martin, artiste plasticienne \u00e0 Bordeaux\" \/>\n<meta property=\"og:description\" content=\"Livre auto-\u00e9dit\u00e9, compilation de textes et dessins, relatant la p\u00e9riode qui a suivi mon burn-out en 2015.\" \/>\n<meta property=\"og:url\" content=\"https:\/\/lauremartin.fr\/art\/produit\/retour-a-la-source-format-pdf\/\" \/>\n<meta property=\"og:site_name\" content=\"Laure Martin, artiste plasticienne \u00e0 Bordeaux\" \/>\n<meta property=\"article:modified_time\" content=\"2026-04-09T15:17:40+00:00\" \/>\n<meta property=\"og:image\" content=\"https:\/\/lauremartin.fr\/art\/wp-content\/uploads\/sites\/4\/2025\/07\/RALS_Boutique_Principal.jpg\" \/>\n\t<meta property=\"og:image:width\" content=\"1080\" \/>\n\t<meta property=\"og:image:height\" content=\"1080\" \/>\n\t<meta property=\"og:image:type\" content=\"image\/jpeg\" \/>\n<meta name=\"twitter:card\" content=\"summary_large_image\" \/>\n<meta name=\"twitter:label1\" content=\"Dur\u00e9e de lecture estim\u00e9e\" \/>\n\t<meta name=\"twitter:data1\" content=\"1 minute\" \/>\n<script type=\"application\/ld+json\" class=\"yoast-schema-graph\">{\"@context\":\"https:\\\/\\\/schema.org\",\"@graph\":[{\"@type\":\"WebPage\",\"@id\":\"https:\\\/\\\/lauremartin.fr\\\/art\\\/produit\\\/retour-a-la-source-format-pdf\\\/\",\"url\":\"https:\\\/\\\/lauremartin.fr\\\/art\\\/produit\\\/retour-a-la-source-format-pdf\\\/\",\"name\":\"Retour \u00e0 la Source (format PDF) - Laure Martin, artiste plasticienne \u00e0 Bordeaux\",\"isPartOf\":{\"@id\":\"https:\\\/\\\/lauremartin.fr\\\/art\\\/#website\"},\"primaryImageOfPage\":{\"@id\":\"https:\\\/\\\/lauremartin.fr\\\/art\\\/produit\\\/retour-a-la-source-format-pdf\\\/#primaryimage\"},\"image\":{\"@id\":\"https:\\\/\\\/lauremartin.fr\\\/art\\\/produit\\\/retour-a-la-source-format-pdf\\\/#primaryimage\"},\"thumbnailUrl\":\"https:\\\/\\\/lauremartin.fr\\\/art\\\/wp-content\\\/uploads\\\/sites\\\/4\\\/2025\\\/07\\\/RALS_Boutique_Principal.jpg\",\"datePublished\":\"2026-03-11T09:28:22+00:00\",\"dateModified\":\"2026-04-09T15:17:40+00:00\",\"breadcrumb\":{\"@id\":\"https:\\\/\\\/lauremartin.fr\\\/art\\\/produit\\\/retour-a-la-source-format-pdf\\\/#breadcrumb\"},\"inLanguage\":\"fr-FR\",\"potentialAction\":[{\"@type\":\"ReadAction\",\"target\":[\"https:\\\/\\\/lauremartin.fr\\\/art\\\/produit\\\/retour-a-la-source-format-pdf\\\/\"]}]},{\"@type\":\"ImageObject\",\"inLanguage\":\"fr-FR\",\"@id\":\"https:\\\/\\\/lauremartin.fr\\\/art\\\/produit\\\/retour-a-la-source-format-pdf\\\/#primaryimage\",\"url\":\"https:\\\/\\\/lauremartin.fr\\\/art\\\/wp-content\\\/uploads\\\/sites\\\/4\\\/2025\\\/07\\\/RALS_Boutique_Principal.jpg\",\"contentUrl\":\"https:\\\/\\\/lauremartin.fr\\\/art\\\/wp-content\\\/uploads\\\/sites\\\/4\\\/2025\\\/07\\\/RALS_Boutique_Principal.jpg\",\"width\":1080,\"height\":1080,\"caption\":\"xr:d:DAFOKae7Sx8:4,j:37155343464,t:22100509\"},{\"@type\":\"BreadcrumbList\",\"@id\":\"https:\\\/\\\/lauremartin.fr\\\/art\\\/produit\\\/retour-a-la-source-format-pdf\\\/#breadcrumb\",\"itemListElement\":[{\"@type\":\"ListItem\",\"position\":1,\"name\":\"Accueil\",\"item\":\"https:\\\/\\\/lauremartin.fr\\\/art\\\/\"},{\"@type\":\"ListItem\",\"position\":2,\"name\":\"Boutique\",\"item\":\"https:\\\/\\\/lauremartin.fr\\\/art\\\/boutique\\\/\"},{\"@type\":\"ListItem\",\"position\":3,\"name\":\"Retour \u00e0 la Source (format PDF)\"}]},{\"@type\":\"WebSite\",\"@id\":\"https:\\\/\\\/lauremartin.fr\\\/art\\\/#website\",\"url\":\"https:\\\/\\\/lauremartin.fr\\\/art\\\/\",\"name\":\"Laure Martin, artiste plasticienne \u00e0 Bordeaux\",\"description\":\"Pour un art respectueux du vivant\",\"publisher\":{\"@id\":\"https:\\\/\\\/lauremartin.fr\\\/art\\\/#organization\"},\"potentialAction\":[{\"@type\":\"SearchAction\",\"target\":{\"@type\":\"EntryPoint\",\"urlTemplate\":\"https:\\\/\\\/lauremartin.fr\\\/art\\\/?s={search_term_string}\"},\"query-input\":{\"@type\":\"PropertyValueSpecification\",\"valueRequired\":true,\"valueName\":\"search_term_string\"}}],\"inLanguage\":\"fr-FR\"},{\"@type\":\"Organization\",\"@id\":\"https:\\\/\\\/lauremartin.fr\\\/art\\\/#organization\",\"name\":\"Laure Martin, artiste plasticienne \u00e0 Bordeaux\",\"url\":\"https:\\\/\\\/lauremartin.fr\\\/art\\\/\",\"logo\":{\"@type\":\"ImageObject\",\"inLanguage\":\"fr-FR\",\"@id\":\"https:\\\/\\\/lauremartin.fr\\\/art\\\/#\\\/schema\\\/logo\\\/image\\\/\",\"url\":\"https:\\\/\\\/lauremartin.fr\\\/art\\\/wp-content\\\/uploads\\\/sites\\\/4\\\/2026\\\/01\\\/logo-full-blanc.png\",\"contentUrl\":\"https:\\\/\\\/lauremartin.fr\\\/art\\\/wp-content\\\/uploads\\\/sites\\\/4\\\/2026\\\/01\\\/logo-full-blanc.png\",\"width\":926,\"height\":564,\"caption\":\"Laure Martin, artiste plasticienne \u00e0 Bordeaux\"},\"image\":{\"@id\":\"https:\\\/\\\/lauremartin.fr\\\/art\\\/#\\\/schema\\\/logo\\\/image\\\/\"}}]}<\/script>\n<!-- \/ Yoast SEO plugin. -->","yoast_head_json":{"title":"Retour \u00e0 la Source (format PDF) - Laure Martin, artiste plasticienne \u00e0 Bordeaux","robots":{"index":"index","follow":"follow","max-snippet":"max-snippet:-1","max-image-preview":"max-image-preview:large","max-video-preview":"max-video-preview:-1"},"canonical":"https:\/\/lauremartin.fr\/art\/produit\/retour-a-la-source-format-pdf\/","og_locale":"fr_FR","og_type":"article","og_title":"Retour \u00e0 la Source (format PDF) - Laure Martin, artiste plasticienne \u00e0 Bordeaux","og_description":"Livre auto-\u00e9dit\u00e9, compilation de textes et dessins, relatant la p\u00e9riode qui a suivi mon burn-out en 2015.","og_url":"https:\/\/lauremartin.fr\/art\/produit\/retour-a-la-source-format-pdf\/","og_site_name":"Laure Martin, artiste plasticienne \u00e0 Bordeaux","article_modified_time":"2026-04-09T15:17:40+00:00","og_image":[{"width":1080,"height":1080,"url":"https:\/\/lauremartin.fr\/art\/wp-content\/uploads\/sites\/4\/2025\/07\/RALS_Boutique_Principal.jpg","type":"image\/jpeg"}],"twitter_card":"summary_large_image","twitter_misc":{"Dur\u00e9e de lecture estim\u00e9e":"1 minute"},"schema":{"@context":"https:\/\/schema.org","@graph":[{"@type":"WebPage","@id":"https:\/\/lauremartin.fr\/art\/produit\/retour-a-la-source-format-pdf\/","url":"https:\/\/lauremartin.fr\/art\/produit\/retour-a-la-source-format-pdf\/","name":"Retour \u00e0 la Source (format PDF) - Laure Martin, artiste plasticienne \u00e0 Bordeaux","isPartOf":{"@id":"https:\/\/lauremartin.fr\/art\/#website"},"primaryImageOfPage":{"@id":"https:\/\/lauremartin.fr\/art\/produit\/retour-a-la-source-format-pdf\/#primaryimage"},"image":{"@id":"https:\/\/lauremartin.fr\/art\/produit\/retour-a-la-source-format-pdf\/#primaryimage"},"thumbnailUrl":"https:\/\/lauremartin.fr\/art\/wp-content\/uploads\/sites\/4\/2025\/07\/RALS_Boutique_Principal.jpg","datePublished":"2026-03-11T09:28:22+00:00","dateModified":"2026-04-09T15:17:40+00:00","breadcrumb":{"@id":"https:\/\/lauremartin.fr\/art\/produit\/retour-a-la-source-format-pdf\/#breadcrumb"},"inLanguage":"fr-FR","potentialAction":[{"@type":"ReadAction","target":["https:\/\/lauremartin.fr\/art\/produit\/retour-a-la-source-format-pdf\/"]}]},{"@type":"ImageObject","inLanguage":"fr-FR","@id":"https:\/\/lauremartin.fr\/art\/produit\/retour-a-la-source-format-pdf\/#primaryimage","url":"https:\/\/lauremartin.fr\/art\/wp-content\/uploads\/sites\/4\/2025\/07\/RALS_Boutique_Principal.jpg","contentUrl":"https:\/\/lauremartin.fr\/art\/wp-content\/uploads\/sites\/4\/2025\/07\/RALS_Boutique_Principal.jpg","width":1080,"height":1080,"caption":"xr:d:DAFOKae7Sx8:4,j:37155343464,t:22100509"},{"@type":"BreadcrumbList","@id":"https:\/\/lauremartin.fr\/art\/produit\/retour-a-la-source-format-pdf\/#breadcrumb","itemListElement":[{"@type":"ListItem","position":1,"name":"Accueil","item":"https:\/\/lauremartin.fr\/art\/"},{"@type":"ListItem","position":2,"name":"Boutique","item":"https:\/\/lauremartin.fr\/art\/boutique\/"},{"@type":"ListItem","position":3,"name":"Retour \u00e0 la Source (format PDF)"}]},{"@type":"WebSite","@id":"https:\/\/lauremartin.fr\/art\/#website","url":"https:\/\/lauremartin.fr\/art\/","name":"Laure Martin, artiste plasticienne \u00e0 Bordeaux","description":"Pour un art respectueux du vivant","publisher":{"@id":"https:\/\/lauremartin.fr\/art\/#organization"},"potentialAction":[{"@type":"SearchAction","target":{"@type":"EntryPoint","urlTemplate":"https:\/\/lauremartin.fr\/art\/?s={search_term_string}"},"query-input":{"@type":"PropertyValueSpecification","valueRequired":true,"valueName":"search_term_string"}}],"inLanguage":"fr-FR"},{"@type":"Organization","@id":"https:\/\/lauremartin.fr\/art\/#organization","name":"Laure Martin, artiste plasticienne \u00e0 Bordeaux","url":"https:\/\/lauremartin.fr\/art\/","logo":{"@type":"ImageObject","inLanguage":"fr-FR","@id":"https:\/\/lauremartin.fr\/art\/#\/schema\/logo\/image\/","url":"https:\/\/lauremartin.fr\/art\/wp-content\/uploads\/sites\/4\/2026\/01\/logo-full-blanc.png","contentUrl":"https:\/\/lauremartin.fr\/art\/wp-content\/uploads\/sites\/4\/2026\/01\/logo-full-blanc.png","width":926,"height":564,"caption":"Laure Martin, artiste plasticienne \u00e0 Bordeaux"},"image":{"@id":"https:\/\/lauremartin.fr\/art\/#\/schema\/logo\/image\/"}}]}},"_links":{"self":[{"href":"https:\/\/lauremartin.fr\/art\/wp-json\/wp\/v2\/product\/2855","targetHints":{"allow":["GET"]}}],"collection":[{"href":"https:\/\/lauremartin.fr\/art\/wp-json\/wp\/v2\/product"}],"about":[{"href":"https:\/\/lauremartin.fr\/art\/wp-json\/wp\/v2\/types\/product"}],"replies":[{"embeddable":true,"href":"https:\/\/lauremartin.fr\/art\/wp-json\/wp\/v2\/comments?post=2855"}],"wp:featuredmedia":[{"embeddable":true,"href":"https:\/\/lauremartin.fr\/art\/wp-json\/wp\/v2\/media\/1945"}],"wp:attachment":[{"href":"https:\/\/lauremartin.fr\/art\/wp-json\/wp\/v2\/media?parent=2855"}],"wp:term":[{"taxonomy":"product_brand","embeddable":true,"href":"https:\/\/lauremartin.fr\/art\/wp-json\/wp\/v2\/product_brand?post=2855"},{"taxonomy":"product_cat","embeddable":true,"href":"https:\/\/lauremartin.fr\/art\/wp-json\/wp\/v2\/product_cat?post=2855"},{"taxonomy":"product_tag","embeddable":true,"href":"https:\/\/lauremartin.fr\/art\/wp-json\/wp\/v2\/product_tag?post=2855"}],"curies":[{"name":"wp","href":"https:\/\/api.w.org\/{rel}","templated":true}]}}