{"id":2946,"date":"2026-03-20T11:32:23","date_gmt":"2026-03-20T09:32:23","guid":{"rendered":"https:\/\/lauremartin.fr\/art\/?post_type=product&#038;p=2946"},"modified":"2026-04-09T17:16:35","modified_gmt":"2026-04-09T15:16:35","slug":"carnet-resoudre-cette-enigme","status":"publish","type":"product","link":"https:\/\/lauremartin.fr\/art\/produit\/carnet-resoudre-cette-enigme\/","title":{"rendered":"Carnet \u00ab\u00a0R\u00e9soudre cette \u00e9nigme\u00a0\u00bb"},"content":{"rendered":"<p>Au commencement \u00e9taient&#8230; ces pages de cahier d&rsquo;\u00e9coli\u00e8re, et un cyanotype en attente de destin\u00e9e.<\/p>\n<p>Pour d\u00e9couvrir la suite de l&rsquo;histoire de cette cr\u00e9ation, lire <a href=\"https:\/\/lauremartin.fr\/art\/oeuvres\/carnets\/carnet-resoudre-cette-enigme\/\">l&rsquo;article<\/a> sur le blog.<\/p>\n<p>&nbsp;<\/p>\n","protected":false},"excerpt":{"rendered":"<p>Carnet A5, 40 pages grands carreaux.<\/p>\n","protected":false},"featured_media":2943,"comment_status":"open","ping_status":"closed","template":"","meta":[],"product_brand":[],"product_cat":[124,125],"product_tag":[],"class_list":{"0":"post-2946","1":"product","2":"type-product","3":"status-publish","4":"has-post-thumbnail","6":"product_cat-oeuvres","7":"product_cat-carnets","8":"product_shipping_class-petit","10":"first","11":"instock","12":"shipping-taxable","13":"purchasable","14":"product-type-simple"},"yoast_head":"<!-- This site is optimized with the Yoast SEO plugin v27.4 - https:\/\/yoast.com\/product\/yoast-seo-wordpress\/ -->\n<title>Carnet &quot;R\u00e9soudre cette \u00e9nigme&quot; - Laure Martin, artiste plasticienne \u00e0 Bordeaux<\/title>\n<meta name=\"robots\" content=\"index, follow, max-snippet:-1, max-image-preview:large, max-video-preview:-1\" \/>\n<link rel=\"canonical\" href=\"https:\/\/lauremartin.fr\/art\/produit\/carnet-resoudre-cette-enigme\/\" \/>\n<meta property=\"og:locale\" content=\"fr_FR\" \/>\n<meta property=\"og:type\" content=\"article\" \/>\n<meta property=\"og:title\" content=\"Carnet &quot;R\u00e9soudre cette \u00e9nigme&quot; - Laure Martin, artiste plasticienne \u00e0 Bordeaux\" \/>\n<meta property=\"og:description\" content=\"Carnet A5, 40 pages grands carreaux.\" \/>\n<meta property=\"og:url\" content=\"https:\/\/lauremartin.fr\/art\/produit\/carnet-resoudre-cette-enigme\/\" \/>\n<meta property=\"og:site_name\" content=\"Laure Martin, artiste plasticienne \u00e0 Bordeaux\" \/>\n<meta property=\"article:modified_time\" content=\"2026-04-09T15:16:35+00:00\" \/>\n<meta property=\"og:image\" content=\"https:\/\/lauremartin.fr\/art\/wp-content\/uploads\/sites\/4\/2026\/03\/Carnet_Resoudre_cette_enigme_4-56.jpg\" \/>\n\t<meta property=\"og:image:width\" content=\"1080\" \/>\n\t<meta property=\"og:image:height\" content=\"1080\" \/>\n\t<meta property=\"og:image:type\" content=\"image\/jpeg\" \/>\n<meta name=\"twitter:card\" content=\"summary_large_image\" \/>\n<meta name=\"twitter:label1\" content=\"Dur\u00e9e de lecture estim\u00e9e\" \/>\n\t<meta name=\"twitter:data1\" content=\"1 minute\" \/>\n<script type=\"application\/ld+json\" class=\"yoast-schema-graph\">{\"@context\":\"https:\\\/\\\/schema.org\",\"@graph\":[{\"@type\":\"WebPage\",\"@id\":\"https:\\\/\\\/lauremartin.fr\\\/art\\\/produit\\\/carnet-resoudre-cette-enigme\\\/\",\"url\":\"https:\\\/\\\/lauremartin.fr\\\/art\\\/produit\\\/carnet-resoudre-cette-enigme\\\/\",\"name\":\"Carnet \\\"R\u00e9soudre cette \u00e9nigme\\\" - Laure Martin, artiste plasticienne \u00e0 Bordeaux\",\"isPartOf\":{\"@id\":\"https:\\\/\\\/lauremartin.fr\\\/art\\\/#website\"},\"primaryImageOfPage\":{\"@id\":\"https:\\\/\\\/lauremartin.fr\\\/art\\\/produit\\\/carnet-resoudre-cette-enigme\\\/#primaryimage\"},\"image\":{\"@id\":\"https:\\\/\\\/lauremartin.fr\\\/art\\\/produit\\\/carnet-resoudre-cette-enigme\\\/#primaryimage\"},\"thumbnailUrl\":\"https:\\\/\\\/lauremartin.fr\\\/art\\\/wp-content\\\/uploads\\\/sites\\\/4\\\/2026\\\/03\\\/Carnet_Resoudre_cette_enigme_4-56.jpg\",\"datePublished\":\"2026-03-20T09:32:23+00:00\",\"dateModified\":\"2026-04-09T15:16:35+00:00\",\"breadcrumb\":{\"@id\":\"https:\\\/\\\/lauremartin.fr\\\/art\\\/produit\\\/carnet-resoudre-cette-enigme\\\/#breadcrumb\"},\"inLanguage\":\"fr-FR\",\"potentialAction\":[{\"@type\":\"ReadAction\",\"target\":[\"https:\\\/\\\/lauremartin.fr\\\/art\\\/produit\\\/carnet-resoudre-cette-enigme\\\/\"]}]},{\"@type\":\"ImageObject\",\"inLanguage\":\"fr-FR\",\"@id\":\"https:\\\/\\\/lauremartin.fr\\\/art\\\/produit\\\/carnet-resoudre-cette-enigme\\\/#primaryimage\",\"url\":\"https:\\\/\\\/lauremartin.fr\\\/art\\\/wp-content\\\/uploads\\\/sites\\\/4\\\/2026\\\/03\\\/Carnet_Resoudre_cette_enigme_4-56.jpg\",\"contentUrl\":\"https:\\\/\\\/lauremartin.fr\\\/art\\\/wp-content\\\/uploads\\\/sites\\\/4\\\/2026\\\/03\\\/Carnet_Resoudre_cette_enigme_4-56.jpg\",\"width\":1080,\"height\":1080},{\"@type\":\"BreadcrumbList\",\"@id\":\"https:\\\/\\\/lauremartin.fr\\\/art\\\/produit\\\/carnet-resoudre-cette-enigme\\\/#breadcrumb\",\"itemListElement\":[{\"@type\":\"ListItem\",\"position\":1,\"name\":\"Accueil\",\"item\":\"https:\\\/\\\/lauremartin.fr\\\/art\\\/\"},{\"@type\":\"ListItem\",\"position\":2,\"name\":\"Boutique\",\"item\":\"https:\\\/\\\/lauremartin.fr\\\/art\\\/boutique\\\/\"},{\"@type\":\"ListItem\",\"position\":3,\"name\":\"Carnet \u00ab\u00a0R\u00e9soudre cette \u00e9nigme\u00a0\u00bb\"}]},{\"@type\":\"WebSite\",\"@id\":\"https:\\\/\\\/lauremartin.fr\\\/art\\\/#website\",\"url\":\"https:\\\/\\\/lauremartin.fr\\\/art\\\/\",\"name\":\"Laure Martin, artiste plasticienne \u00e0 Bordeaux\",\"description\":\"Pour un art respectueux du vivant\",\"publisher\":{\"@id\":\"https:\\\/\\\/lauremartin.fr\\\/art\\\/#organization\"},\"potentialAction\":[{\"@type\":\"SearchAction\",\"target\":{\"@type\":\"EntryPoint\",\"urlTemplate\":\"https:\\\/\\\/lauremartin.fr\\\/art\\\/?s={search_term_string}\"},\"query-input\":{\"@type\":\"PropertyValueSpecification\",\"valueRequired\":true,\"valueName\":\"search_term_string\"}}],\"inLanguage\":\"fr-FR\"},{\"@type\":\"Organization\",\"@id\":\"https:\\\/\\\/lauremartin.fr\\\/art\\\/#organization\",\"name\":\"Laure Martin, artiste plasticienne \u00e0 Bordeaux\",\"url\":\"https:\\\/\\\/lauremartin.fr\\\/art\\\/\",\"logo\":{\"@type\":\"ImageObject\",\"inLanguage\":\"fr-FR\",\"@id\":\"https:\\\/\\\/lauremartin.fr\\\/art\\\/#\\\/schema\\\/logo\\\/image\\\/\",\"url\":\"https:\\\/\\\/lauremartin.fr\\\/art\\\/wp-content\\\/uploads\\\/sites\\\/4\\\/2026\\\/01\\\/logo-full-blanc.png\",\"contentUrl\":\"https:\\\/\\\/lauremartin.fr\\\/art\\\/wp-content\\\/uploads\\\/sites\\\/4\\\/2026\\\/01\\\/logo-full-blanc.png\",\"width\":926,\"height\":564,\"caption\":\"Laure Martin, artiste plasticienne \u00e0 Bordeaux\"},\"image\":{\"@id\":\"https:\\\/\\\/lauremartin.fr\\\/art\\\/#\\\/schema\\\/logo\\\/image\\\/\"}}]}<\/script>\n<!-- \/ Yoast SEO plugin. -->","yoast_head_json":{"title":"Carnet \"R\u00e9soudre cette \u00e9nigme\" - Laure Martin, artiste plasticienne \u00e0 Bordeaux","robots":{"index":"index","follow":"follow","max-snippet":"max-snippet:-1","max-image-preview":"max-image-preview:large","max-video-preview":"max-video-preview:-1"},"canonical":"https:\/\/lauremartin.fr\/art\/produit\/carnet-resoudre-cette-enigme\/","og_locale":"fr_FR","og_type":"article","og_title":"Carnet \"R\u00e9soudre cette \u00e9nigme\" - Laure Martin, artiste plasticienne \u00e0 Bordeaux","og_description":"Carnet A5, 40 pages grands carreaux.","og_url":"https:\/\/lauremartin.fr\/art\/produit\/carnet-resoudre-cette-enigme\/","og_site_name":"Laure Martin, artiste plasticienne \u00e0 Bordeaux","article_modified_time":"2026-04-09T15:16:35+00:00","og_image":[{"width":1080,"height":1080,"url":"https:\/\/lauremartin.fr\/art\/wp-content\/uploads\/sites\/4\/2026\/03\/Carnet_Resoudre_cette_enigme_4-56.jpg","type":"image\/jpeg"}],"twitter_card":"summary_large_image","twitter_misc":{"Dur\u00e9e de lecture estim\u00e9e":"1 minute"},"schema":{"@context":"https:\/\/schema.org","@graph":[{"@type":"WebPage","@id":"https:\/\/lauremartin.fr\/art\/produit\/carnet-resoudre-cette-enigme\/","url":"https:\/\/lauremartin.fr\/art\/produit\/carnet-resoudre-cette-enigme\/","name":"Carnet \"R\u00e9soudre cette \u00e9nigme\" - Laure Martin, artiste plasticienne \u00e0 Bordeaux","isPartOf":{"@id":"https:\/\/lauremartin.fr\/art\/#website"},"primaryImageOfPage":{"@id":"https:\/\/lauremartin.fr\/art\/produit\/carnet-resoudre-cette-enigme\/#primaryimage"},"image":{"@id":"https:\/\/lauremartin.fr\/art\/produit\/carnet-resoudre-cette-enigme\/#primaryimage"},"thumbnailUrl":"https:\/\/lauremartin.fr\/art\/wp-content\/uploads\/sites\/4\/2026\/03\/Carnet_Resoudre_cette_enigme_4-56.jpg","datePublished":"2026-03-20T09:32:23+00:00","dateModified":"2026-04-09T15:16:35+00:00","breadcrumb":{"@id":"https:\/\/lauremartin.fr\/art\/produit\/carnet-resoudre-cette-enigme\/#breadcrumb"},"inLanguage":"fr-FR","potentialAction":[{"@type":"ReadAction","target":["https:\/\/lauremartin.fr\/art\/produit\/carnet-resoudre-cette-enigme\/"]}]},{"@type":"ImageObject","inLanguage":"fr-FR","@id":"https:\/\/lauremartin.fr\/art\/produit\/carnet-resoudre-cette-enigme\/#primaryimage","url":"https:\/\/lauremartin.fr\/art\/wp-content\/uploads\/sites\/4\/2026\/03\/Carnet_Resoudre_cette_enigme_4-56.jpg","contentUrl":"https:\/\/lauremartin.fr\/art\/wp-content\/uploads\/sites\/4\/2026\/03\/Carnet_Resoudre_cette_enigme_4-56.jpg","width":1080,"height":1080},{"@type":"BreadcrumbList","@id":"https:\/\/lauremartin.fr\/art\/produit\/carnet-resoudre-cette-enigme\/#breadcrumb","itemListElement":[{"@type":"ListItem","position":1,"name":"Accueil","item":"https:\/\/lauremartin.fr\/art\/"},{"@type":"ListItem","position":2,"name":"Boutique","item":"https:\/\/lauremartin.fr\/art\/boutique\/"},{"@type":"ListItem","position":3,"name":"Carnet \u00ab\u00a0R\u00e9soudre cette \u00e9nigme\u00a0\u00bb"}]},{"@type":"WebSite","@id":"https:\/\/lauremartin.fr\/art\/#website","url":"https:\/\/lauremartin.fr\/art\/","name":"Laure Martin, artiste plasticienne \u00e0 Bordeaux","description":"Pour un art respectueux du vivant","publisher":{"@id":"https:\/\/lauremartin.fr\/art\/#organization"},"potentialAction":[{"@type":"SearchAction","target":{"@type":"EntryPoint","urlTemplate":"https:\/\/lauremartin.fr\/art\/?s={search_term_string}"},"query-input":{"@type":"PropertyValueSpecification","valueRequired":true,"valueName":"search_term_string"}}],"inLanguage":"fr-FR"},{"@type":"Organization","@id":"https:\/\/lauremartin.fr\/art\/#organization","name":"Laure Martin, artiste plasticienne \u00e0 Bordeaux","url":"https:\/\/lauremartin.fr\/art\/","logo":{"@type":"ImageObject","inLanguage":"fr-FR","@id":"https:\/\/lauremartin.fr\/art\/#\/schema\/logo\/image\/","url":"https:\/\/lauremartin.fr\/art\/wp-content\/uploads\/sites\/4\/2026\/01\/logo-full-blanc.png","contentUrl":"https:\/\/lauremartin.fr\/art\/wp-content\/uploads\/sites\/4\/2026\/01\/logo-full-blanc.png","width":926,"height":564,"caption":"Laure Martin, artiste plasticienne \u00e0 Bordeaux"},"image":{"@id":"https:\/\/lauremartin.fr\/art\/#\/schema\/logo\/image\/"}}]}},"_links":{"self":[{"href":"https:\/\/lauremartin.fr\/art\/wp-json\/wp\/v2\/product\/2946","targetHints":{"allow":["GET"]}}],"collection":[{"href":"https:\/\/lauremartin.fr\/art\/wp-json\/wp\/v2\/product"}],"about":[{"href":"https:\/\/lauremartin.fr\/art\/wp-json\/wp\/v2\/types\/product"}],"replies":[{"embeddable":true,"href":"https:\/\/lauremartin.fr\/art\/wp-json\/wp\/v2\/comments?post=2946"}],"wp:featuredmedia":[{"embeddable":true,"href":"https:\/\/lauremartin.fr\/art\/wp-json\/wp\/v2\/media\/2943"}],"wp:attachment":[{"href":"https:\/\/lauremartin.fr\/art\/wp-json\/wp\/v2\/media?parent=2946"}],"wp:term":[{"taxonomy":"product_brand","embeddable":true,"href":"https:\/\/lauremartin.fr\/art\/wp-json\/wp\/v2\/product_brand?post=2946"},{"taxonomy":"product_cat","embeddable":true,"href":"https:\/\/lauremartin.fr\/art\/wp-json\/wp\/v2\/product_cat?post=2946"},{"taxonomy":"product_tag","embeddable":true,"href":"https:\/\/lauremartin.fr\/art\/wp-json\/wp\/v2\/product_tag?post=2946"}],"curies":[{"name":"wp","href":"https:\/\/api.w.org\/{rel}","templated":true}]}}