{"id":2325,"date":"2026-01-28T17:19:38","date_gmt":"2026-01-28T15:19:38","guid":{"rendered":"https:\/\/lauremartin.fr\/maieusthesie\/?page_id=2325"},"modified":"2026-04-19T21:07:03","modified_gmt":"2026-04-19T19:07:03","slug":"accueil","status":"publish","type":"page","link":"https:\/\/lauremartin.fr\/slowfeelflow\/","title":{"rendered":"Accueil"},"content":{"rendered":"\n<div class=\"wp-block-group alignfull has-base-2-background-color has-background has-global-padding is-layout-constrained wp-container-core-group-is-layout-32a46761 wp-block-group-is-layout-constrained\" style=\"margin-top:0;margin-bottom:0;padding-top:var(--wp--preset--spacing--40);padding-right:var(--wp--preset--spacing--50);padding-bottom:var(--wp--preset--spacing--40);padding-left:var(--wp--preset--spacing--50)\">\n<div class=\"wp-block-columns alignwide is-layout-flex wp-container-core-columns-is-layout-1da03c2a wp-block-columns-is-layout-flex\">\n<div class=\"wp-block-column is-layout-flow wp-block-column-is-layout-flow\" style=\"flex-basis:60%\">\n<h2 class=\"wp-block-heading\">En pleine crise existentielle ?<\/h2>\n\n\n\n<p class=\"justifier has-medium-font-size\">Une fois de plus, tu as accompli tes obligations (travail, enfants, conjoint), et voil\u00e0, ta journ\u00e9e est finie. Le temps a fil\u00e9 sans que tu t&rsquo;en rendes vraiment compte, les autres ont profit\u00e9 de ce que tu leur as offert, et toi&#8230; tu te sens vide. Le pire, c&rsquo;est que tu sais tr\u00e8s bien que demain aura la m\u00eame saveur (insipide), et la semaine prochaine aussi, et le mois prochain&#8230;<\/p>\n\n\n\n<p class=\"justifier\">Et si autre chose \u00e9tait possible? Une part de toi sait bien que cette vie n&rsquo;est pas \u00e0 la hauteur, alors tu cherches des solutions. Et tu en trouves, qui te proposent, pour la plupart, d&rsquo;apprendre \u00e0 te connaitre pour ensuite imaginer ta vie id\u00e9ale. Le probl\u00e8me, c&rsquo;est qu&rsquo;elles mobilisent l&rsquo;outil qui a cr\u00e9\u00e9 ta vie actuelle, \u00e0 savoir : ton mental. Tu te doutes bien que la seule chose que tu obtiendras avec \u00e7a, c&rsquo;est une r\u00e9p\u00e9tition de ton pass\u00e9&#8230;<\/p>\n\n\n\n<p class=\"justifier\">Alors ? Comment cr\u00e9er quelque chose de vraiment neuf ? Comment faire \u00e9merger, du chaos actuel, cette vie pleine de sens dont tu pressens la possibilit\u00e9 ?<\/p>\n\n\n\n<p class=\"justifier\">J&rsquo;ai con\u00e7u la m\u00e9thode Slow-Feel-Flow apr\u00e8s des ann\u00e9es d&rsquo;errance existentielle. Elle me permet de construire, pas \u00e0 pas, et sans surchauffe mentale, une vie qui me ressemble, et qui r\u00e9pond \u00e0 mes aspirations les plus \u00e9lev\u00e9es.<\/p>\n\n\n\n<p class=\"justifier\">J&rsquo;ai mis en forme dans un guide gratuit l&rsquo;essence de cette approche, dans le but d&rsquo;accompagner tes premiers pas vers la seule vie qui ait du sens : la tienne. Au-del\u00e0 de tout ce que tu crois savoir sur qui tu es, ce contenu pourrait bien changer ta vie&#8230;<\/p>\n<\/div>\n\n\n\n<div class=\"wp-block-column is-vertically-aligned-center is-layout-flow wp-block-column-is-layout-flow\" style=\"flex-basis:40%\">\n<figure class=\"wp-block-image aligncenter size-full is-resized is-style-default\"><img loading=\"lazy\" decoding=\"async\" width=\"1414\" height=\"2000\" src=\"https:\/\/lauremartin.fr\/slowfeelflow\/wp-content\/uploads\/sites\/5\/2026\/04\/COUVERTURE_EBOOK-SLOWFEELFLOW.jpg\" alt=\"Couverture de l'ebook \u00e0 t\u00e9l\u00e9charger, intitul\u00e9 &quot;D\u00e9ployer une vie pleine de sens, trois \u00e9tapes pour sortir de la crise existentielle sans charge mentale&quot;.\" class=\"wp-image-3096\" style=\"aspect-ratio:0.7069963344963359;width:382px;height:auto\" srcset=\"https:\/\/lauremartin.fr\/slowfeelflow\/wp-content\/uploads\/sites\/5\/2026\/04\/COUVERTURE_EBOOK-SLOWFEELFLOW.jpg 1414w, https:\/\/lauremartin.fr\/slowfeelflow\/wp-content\/uploads\/sites\/5\/2026\/04\/COUVERTURE_EBOOK-SLOWFEELFLOW-212x300.jpg 212w, https:\/\/lauremartin.fr\/slowfeelflow\/wp-content\/uploads\/sites\/5\/2026\/04\/COUVERTURE_EBOOK-SLOWFEELFLOW-724x1024.jpg 724w, https:\/\/lauremartin.fr\/slowfeelflow\/wp-content\/uploads\/sites\/5\/2026\/04\/COUVERTURE_EBOOK-SLOWFEELFLOW-768x1086.jpg 768w, https:\/\/lauremartin.fr\/slowfeelflow\/wp-content\/uploads\/sites\/5\/2026\/04\/COUVERTURE_EBOOK-SLOWFEELFLOW-1086x1536.jpg 1086w, https:\/\/lauremartin.fr\/slowfeelflow\/wp-content\/uploads\/sites\/5\/2026\/04\/COUVERTURE_EBOOK-SLOWFEELFLOW-600x849.jpg 600w\" sizes=\"auto, (max-width: 1414px) 100vw, 1414px\" \/><\/figure>\n\n\n\n<div style=\"height:40px\" aria-hidden=\"true\" class=\"wp-block-spacer\"><\/div>\n\n\n\n<div class=\"wp-block-buttons is-content-justification-center is-layout-flex wp-container-core-buttons-is-layout-a89b3969 wp-block-buttons-is-layout-flex\">\n<div class=\"wp-block-button\"><a class=\"wp-block-button__link has-contrast-2-color has-text-color has-link-color has-medium-font-size has-custom-font-size wp-element-button\">Je veux ma vraie vie !<\/a><\/div>\n<\/div>\n<\/div>\n<\/div>\n<\/div>\n\n\n\n<div class=\"wp-block-group alignfull has-global-padding is-content-justification-center is-layout-constrained wp-container-core-group-is-layout-df757ecc wp-block-group-is-layout-constrained\" style=\"margin-top:0;margin-bottom:0;padding-top:calc( 0.5 * var(--wp--style--root--padding-right, var(--wp--custom--gap--horizontal)));padding-right:var(--wp--style--root--padding-right, var(--wp--custom--gap--horizontal));padding-bottom:calc( 0.5 * var(--wp--style--root--padding-right, var(--wp--custom--gap--horizontal)));padding-left:var(--wp--style--root--padding-left, var(--wp--custom--gap--horizontal))\">\n<div style=\"height:calc( 0.25 * var(--wp--style--root--padding-right, var(--wp--custom--gap--horizontal)))\" aria-hidden=\"true\" class=\"wp-block-spacer\"><\/div>\n\n\n\n<div class=\"wp-block-columns alignfull are-vertically-aligned-center is-layout-flex wp-container-core-columns-is-layout-3a2962c5 wp-block-columns-is-layout-flex\" style=\"padding-top:var(--wp--preset--spacing--40);padding-right:var(--wp--preset--spacing--50);padding-bottom:var(--wp--preset--spacing--40);padding-left:var(--wp--preset--spacing--50)\">\n<div class=\"wp-block-column is-vertically-aligned-center is-layout-flow wp-block-column-is-layout-flow\">\n<figure class=\"wp-block-image size-full has-custom-border\"><img loading=\"lazy\" decoding=\"async\" width=\"1596\" height=\"1064\" src=\"https:\/\/lauremartin.fr\/slowfeelflow\/wp-content\/uploads\/sites\/5\/2025\/07\/seance-corpo-laure-martin-Aurore-Trelaun-Photographe-016.jpg\" alt=\"\" class=\"wp-image-2026\" style=\"border-radius:100em;aspect-ratio:1;object-fit:cover\" srcset=\"https:\/\/lauremartin.fr\/slowfeelflow\/wp-content\/uploads\/sites\/5\/2025\/07\/seance-corpo-laure-martin-Aurore-Trelaun-Photographe-016.jpg 1596w, https:\/\/lauremartin.fr\/slowfeelflow\/wp-content\/uploads\/sites\/5\/2025\/07\/seance-corpo-laure-martin-Aurore-Trelaun-Photographe-016-300x200.jpg 300w, https:\/\/lauremartin.fr\/slowfeelflow\/wp-content\/uploads\/sites\/5\/2025\/07\/seance-corpo-laure-martin-Aurore-Trelaun-Photographe-016-1024x683.jpg 1024w, https:\/\/lauremartin.fr\/slowfeelflow\/wp-content\/uploads\/sites\/5\/2025\/07\/seance-corpo-laure-martin-Aurore-Trelaun-Photographe-016-768x512.jpg 768w, https:\/\/lauremartin.fr\/slowfeelflow\/wp-content\/uploads\/sites\/5\/2025\/07\/seance-corpo-laure-martin-Aurore-Trelaun-Photographe-016-1536x1024.jpg 1536w\" sizes=\"auto, (max-width: 1596px) 100vw, 1596px\" \/><\/figure>\n<\/div>\n\n\n\n<div class=\"wp-block-column is-vertically-aligned-center is-layout-flow wp-block-column-is-layout-flow\">\n<h2 class=\"wp-block-heading alignwide\">Une vie \u00e0 la hauteur<\/h2>\n\n\n\n<p class=\"justifier\">Ma premi\u00e8re vie cochait toutes les cases : m\u00e8re, en couple, ing\u00e9nieure en CDI,  propri\u00e9taire&#8230; Une existence de r\u00eave, qui s&rsquo;est d\u00e9lit\u00e9e petit \u00e0 petit, de d\u00e9nis en renoncements, finalement achev\u00e9e sur un burnout.<\/p>\n\n\n\n<p class=\"justifier\">Il m&rsquo;a fallu dix ann\u00e9es de qu\u00eate, d&rsquo;essais \/ erreurs, de doutes, d&rsquo;ajustements pour construire une vie pleine de moi, qui ne coche aucune case, que je suis la seule \u00e0 comprendre, et qui me comble aujourd&rsquo;hui.<\/p>\n\n\n\n<div class=\"wp-block-buttons is-layout-flex wp-block-buttons-is-layout-flex\">\n<div class=\"wp-block-button\"><a class=\"wp-block-button__link has-contrast-2-color has-text-color has-link-color has-medium-font-size has-custom-font-size wp-element-button\" href=\"https:\/\/lauremartin.fr\/slowfeelflow\/a-propos\/\">En savoir plus<\/a><\/div>\n<\/div>\n<\/div>\n<\/div>\n\n\n\n<div style=\"height:calc( 0.25 * var(--wp--style--root--padding-right, var(--wp--custom--gap--horizontal)))\" aria-hidden=\"true\" class=\"wp-block-spacer\"><\/div>\n<\/div>\n\n\n\n<div class=\"wp-block-group alignfull has-contrast-2-background-color has-background has-global-padding is-layout-constrained wp-container-core-group-is-layout-3d15b449 wp-block-group-is-layout-constrained\" style=\"padding-top:var(--wp--preset--spacing--40);padding-right:var(--wp--preset--spacing--50);padding-bottom:0;padding-left:var(--wp--preset--spacing--50)\">\n<h2 class=\"wp-block-heading justifier has-base-2-color has-text-color has-link-color wp-elements-a90068fe8ba3e938d6e0ed015a3938e8\">Rejoignez la communaut\u00e9<\/h2>\n\n\n\n<div style=\"height:20px\" aria-hidden=\"true\" class=\"wp-block-spacer\"><\/div>\n\n\n\n<p class=\"justifier has-base-2-color has-text-color has-link-color wp-elements-58fd8d8d8fb9178d262c6aaac97eb678\">Une fois par mois, retrouvez mes conseils pour d\u00e9ployer une vie pleine de sens.<\/p>\n\n\n\n<div class=\"wp-block-columns is-layout-flex wp-container-core-columns-is-layout-ec2e7a44 wp-block-columns-is-layout-flex\" style=\"padding-top:0;padding-bottom:0\">\n<div class=\"wp-block-column is-layout-flow wp-block-column-is-layout-flow\">\n<div style=\"height:50px\" aria-hidden=\"true\" class=\"wp-block-spacer\"><\/div>\n\n\n\n<figure class=\"wp-block-image size-large has-custom-border\"><img loading=\"lazy\" decoding=\"async\" width=\"683\" height=\"1024\" src=\"https:\/\/lauremartin.fr\/slowfeelflow\/wp-content\/uploads\/sites\/5\/2026\/01\/seance-corpo-laure-martin-Aurore-Trelaun-Photographe-011-1-683x1024.jpg\" alt=\"\" class=\"wp-image-2347\" style=\"border-top-left-radius:20px;border-top-right-radius:20px;border-bottom-left-radius:20px;border-bottom-right-radius:20px;aspect-ratio:1;object-fit:cover\" srcset=\"https:\/\/lauremartin.fr\/slowfeelflow\/wp-content\/uploads\/sites\/5\/2026\/01\/seance-corpo-laure-martin-Aurore-Trelaun-Photographe-011-1-683x1024.jpg 683w, https:\/\/lauremartin.fr\/slowfeelflow\/wp-content\/uploads\/sites\/5\/2026\/01\/seance-corpo-laure-martin-Aurore-Trelaun-Photographe-011-1-200x300.jpg 200w, https:\/\/lauremartin.fr\/slowfeelflow\/wp-content\/uploads\/sites\/5\/2026\/01\/seance-corpo-laure-martin-Aurore-Trelaun-Photographe-011-1-768x1152.jpg 768w, https:\/\/lauremartin.fr\/slowfeelflow\/wp-content\/uploads\/sites\/5\/2026\/01\/seance-corpo-laure-martin-Aurore-Trelaun-Photographe-011-1-1024x1536.jpg 1024w, https:\/\/lauremartin.fr\/slowfeelflow\/wp-content\/uploads\/sites\/5\/2026\/01\/seance-corpo-laure-martin-Aurore-Trelaun-Photographe-011-1.jpg 1064w\" sizes=\"auto, (max-width: 683px) 100vw, 683px\" \/><\/figure>\n<\/div>\n\n\n\n<div class=\"wp-block-column is-layout-flow wp-block-column-is-layout-flow\">\n<iframe loading=\"lazy\" width=\"400\" height=\"600\" src=\"https:\/\/472e7eab.sibforms.com\/serve\/MUIFAOukGXeRapkNaBNNtBoKnrzMa0CTU4Q3quk7pvEA7tJDDrKQDOi-m95ecGate9rmCqusKimgTA3IRbLOQJMYYugNiJhqbJqmEASEc_CC4zqexjWu0wy2M-KYpK-H9diFVvRghMm7nRgfLsf4ZH9fszf7sVI5tCTjzISDFZA97qJqQATBZCkaQ1LkDeROhUsKJqt7PWNO3tDR\" frameborder=\"0\" scrolling=\"auto\" allowfullscreen style=\"display: block;margin-left: auto;margin-right: auto;max-width: 100%;\"><\/iframe>\n<\/div>\n<\/div>\n<\/div>\n","protected":false},"excerpt":{"rendered":"<p>En pleine crise existentielle ? Une fois de plus, tu as accompli tes obligations (travail, enfants, conjoint), et voil\u00e0, ta journ\u00e9e est finie. Le temps a fil\u00e9 sans que tu t&rsquo;en rendes vraiment compte, les autres ont profit\u00e9 de ce que tu leur as offert, et toi&#8230; tu te sens vide. Le pire, c&rsquo;est que [&hellip;]<\/p>\n","protected":false},"author":2,"featured_media":0,"parent":0,"menu_order":0,"comment_status":"closed","ping_status":"closed","template":"page-no-title","meta":{"footnotes":""},"class_list":["post-2325","page","type-page","status-publish","hentry"],"yoast_head":"<!-- This site is optimized with the Yoast SEO plugin v27.4 - https:\/\/yoast.com\/product\/yoast-seo-wordpress\/ -->\n<title>Accueil - Laure Martin, psychopraticienne \u00e0 Bordeaux<\/title>\n<meta name=\"robots\" content=\"index, follow, max-snippet:-1, max-image-preview:large, max-video-preview:-1\" \/>\n<link rel=\"canonical\" href=\"https:\/\/lauremartin.fr\/slowfeelflow\/\" \/>\n<meta property=\"og:locale\" content=\"fr_FR\" \/>\n<meta property=\"og:type\" content=\"article\" \/>\n<meta property=\"og:title\" content=\"Accueil - Laure Martin, psychopraticienne \u00e0 Bordeaux\" \/>\n<meta property=\"og:description\" content=\"En pleine crise existentielle ? Une fois de plus, tu as accompli tes obligations (travail, enfants, conjoint), et voil\u00e0, ta journ\u00e9e est finie. Le temps a fil\u00e9 sans que tu t&rsquo;en rendes vraiment compte, les autres ont profit\u00e9 de ce que tu leur as offert, et toi&#8230; tu te sens vide. Le pire, c&rsquo;est que [&hellip;]\" \/>\n<meta property=\"og:url\" content=\"https:\/\/lauremartin.fr\/slowfeelflow\/\" \/>\n<meta property=\"og:site_name\" content=\"Laure Martin, psychopraticienne \u00e0 Bordeaux\" \/>\n<meta property=\"article:modified_time\" content=\"2026-04-19T19:07:03+00:00\" \/>\n<meta property=\"og:image\" content=\"https:\/\/lauremartin.fr\/slowfeelflow\/wp-content\/uploads\/sites\/5\/2026\/04\/COUVERTURE_EBOOK-SLOWFEELFLOW.jpg\" \/>\n\t<meta property=\"og:image:width\" content=\"1414\" \/>\n\t<meta property=\"og:image:height\" content=\"2000\" \/>\n\t<meta property=\"og:image:type\" content=\"image\/jpeg\" \/>\n<meta name=\"twitter:card\" content=\"summary_large_image\" \/>\n<meta name=\"twitter:label1\" content=\"Dur\u00e9e de lecture estim\u00e9e\" \/>\n\t<meta name=\"twitter:data1\" content=\"3 minutes\" \/>\n<script type=\"application\/ld+json\" class=\"yoast-schema-graph\">{\"@context\":\"https:\\\/\\\/schema.org\",\"@graph\":[{\"@type\":\"WebPage\",\"@id\":\"https:\\\/\\\/lauremartin.fr\\\/slowfeelflow\\\/\",\"url\":\"https:\\\/\\\/lauremartin.fr\\\/slowfeelflow\\\/\",\"name\":\"Accueil - Laure Martin, psychopraticienne \u00e0 Bordeaux\",\"isPartOf\":{\"@id\":\"https:\\\/\\\/lauremartin.fr\\\/slowfeelflow\\\/#website\"},\"primaryImageOfPage\":{\"@id\":\"https:\\\/\\\/lauremartin.fr\\\/slowfeelflow\\\/#primaryimage\"},\"image\":{\"@id\":\"https:\\\/\\\/lauremartin.fr\\\/slowfeelflow\\\/#primaryimage\"},\"thumbnailUrl\":\"https:\\\/\\\/lauremartin.fr\\\/slowfeelflow\\\/wp-content\\\/uploads\\\/sites\\\/5\\\/2026\\\/04\\\/COUVERTURE_EBOOK-SLOWFEELFLOW.jpg\",\"datePublished\":\"2026-01-28T15:19:38+00:00\",\"dateModified\":\"2026-04-19T19:07:03+00:00\",\"breadcrumb\":{\"@id\":\"https:\\\/\\\/lauremartin.fr\\\/slowfeelflow\\\/#breadcrumb\"},\"inLanguage\":\"fr-FR\",\"potentialAction\":[{\"@type\":\"ReadAction\",\"target\":[\"https:\\\/\\\/lauremartin.fr\\\/slowfeelflow\\\/\"]}]},{\"@type\":\"ImageObject\",\"inLanguage\":\"fr-FR\",\"@id\":\"https:\\\/\\\/lauremartin.fr\\\/slowfeelflow\\\/#primaryimage\",\"url\":\"https:\\\/\\\/lauremartin.fr\\\/slowfeelflow\\\/wp-content\\\/uploads\\\/sites\\\/5\\\/2026\\\/04\\\/COUVERTURE_EBOOK-SLOWFEELFLOW.jpg\",\"contentUrl\":\"https:\\\/\\\/lauremartin.fr\\\/slowfeelflow\\\/wp-content\\\/uploads\\\/sites\\\/5\\\/2026\\\/04\\\/COUVERTURE_EBOOK-SLOWFEELFLOW.jpg\",\"width\":1414,\"height\":2000},{\"@type\":\"BreadcrumbList\",\"@id\":\"https:\\\/\\\/lauremartin.fr\\\/slowfeelflow\\\/#breadcrumb\",\"itemListElement\":[{\"@type\":\"ListItem\",\"position\":1,\"name\":\"Accueil\",\"item\":\"https:\\\/\\\/lauremartin.fr\\\/slowfeelflow\\\/\"},{\"@type\":\"ListItem\",\"position\":2,\"name\":\"Accueil\"}]},{\"@type\":\"WebSite\",\"@id\":\"https:\\\/\\\/lauremartin.fr\\\/slowfeelflow\\\/#website\",\"url\":\"https:\\\/\\\/lauremartin.fr\\\/slowfeelflow\\\/\",\"name\":\"Laure Martin, psychopraticienne \u00e0 Bordeaux\",\"description\":\"D\u00e9ployer une vie pleine de sens\",\"publisher\":{\"@id\":\"https:\\\/\\\/lauremartin.fr\\\/slowfeelflow\\\/#organization\"},\"potentialAction\":[{\"@type\":\"SearchAction\",\"target\":{\"@type\":\"EntryPoint\",\"urlTemplate\":\"https:\\\/\\\/lauremartin.fr\\\/slowfeelflow\\\/?s={search_term_string}\"},\"query-input\":{\"@type\":\"PropertyValueSpecification\",\"valueRequired\":true,\"valueName\":\"search_term_string\"}}],\"inLanguage\":\"fr-FR\"},{\"@type\":\"Organization\",\"@id\":\"https:\\\/\\\/lauremartin.fr\\\/slowfeelflow\\\/#organization\",\"name\":\"Laure Martin, psychopraticienne \u00e0 Bordeaux\",\"url\":\"https:\\\/\\\/lauremartin.fr\\\/slowfeelflow\\\/\",\"logo\":{\"@type\":\"ImageObject\",\"inLanguage\":\"fr-FR\",\"@id\":\"https:\\\/\\\/lauremartin.fr\\\/slowfeelflow\\\/#\\\/schema\\\/logo\\\/image\\\/\",\"url\":\"https:\\\/\\\/lauremartin.fr\\\/slowfeelflow\\\/wp-content\\\/uploads\\\/sites\\\/5\\\/2025\\\/06\\\/logo-full-noir.png\",\"contentUrl\":\"https:\\\/\\\/lauremartin.fr\\\/slowfeelflow\\\/wp-content\\\/uploads\\\/sites\\\/5\\\/2025\\\/06\\\/logo-full-noir.png\",\"width\":707,\"height\":430,\"caption\":\"Laure Martin, psychopraticienne \u00e0 Bordeaux\"},\"image\":{\"@id\":\"https:\\\/\\\/lauremartin.fr\\\/slowfeelflow\\\/#\\\/schema\\\/logo\\\/image\\\/\"}}]}<\/script>\n<!-- \/ Yoast SEO plugin. -->","yoast_head_json":{"title":"Accueil - Laure Martin, psychopraticienne \u00e0 Bordeaux","robots":{"index":"index","follow":"follow","max-snippet":"max-snippet:-1","max-image-preview":"max-image-preview:large","max-video-preview":"max-video-preview:-1"},"canonical":"https:\/\/lauremartin.fr\/slowfeelflow\/","og_locale":"fr_FR","og_type":"article","og_title":"Accueil - Laure Martin, psychopraticienne \u00e0 Bordeaux","og_description":"En pleine crise existentielle ? Une fois de plus, tu as accompli tes obligations (travail, enfants, conjoint), et voil\u00e0, ta journ\u00e9e est finie. Le temps a fil\u00e9 sans que tu t&rsquo;en rendes vraiment compte, les autres ont profit\u00e9 de ce que tu leur as offert, et toi&#8230; tu te sens vide. Le pire, c&rsquo;est que [&hellip;]","og_url":"https:\/\/lauremartin.fr\/slowfeelflow\/","og_site_name":"Laure Martin, psychopraticienne \u00e0 Bordeaux","article_modified_time":"2026-04-19T19:07:03+00:00","og_image":[{"width":1414,"height":2000,"url":"https:\/\/lauremartin.fr\/slowfeelflow\/wp-content\/uploads\/sites\/5\/2026\/04\/COUVERTURE_EBOOK-SLOWFEELFLOW.jpg","type":"image\/jpeg"}],"twitter_card":"summary_large_image","twitter_misc":{"Dur\u00e9e de lecture estim\u00e9e":"3 minutes"},"schema":{"@context":"https:\/\/schema.org","@graph":[{"@type":"WebPage","@id":"https:\/\/lauremartin.fr\/slowfeelflow\/","url":"https:\/\/lauremartin.fr\/slowfeelflow\/","name":"Accueil - Laure Martin, psychopraticienne \u00e0 Bordeaux","isPartOf":{"@id":"https:\/\/lauremartin.fr\/slowfeelflow\/#website"},"primaryImageOfPage":{"@id":"https:\/\/lauremartin.fr\/slowfeelflow\/#primaryimage"},"image":{"@id":"https:\/\/lauremartin.fr\/slowfeelflow\/#primaryimage"},"thumbnailUrl":"https:\/\/lauremartin.fr\/slowfeelflow\/wp-content\/uploads\/sites\/5\/2026\/04\/COUVERTURE_EBOOK-SLOWFEELFLOW.jpg","datePublished":"2026-01-28T15:19:38+00:00","dateModified":"2026-04-19T19:07:03+00:00","breadcrumb":{"@id":"https:\/\/lauremartin.fr\/slowfeelflow\/#breadcrumb"},"inLanguage":"fr-FR","potentialAction":[{"@type":"ReadAction","target":["https:\/\/lauremartin.fr\/slowfeelflow\/"]}]},{"@type":"ImageObject","inLanguage":"fr-FR","@id":"https:\/\/lauremartin.fr\/slowfeelflow\/#primaryimage","url":"https:\/\/lauremartin.fr\/slowfeelflow\/wp-content\/uploads\/sites\/5\/2026\/04\/COUVERTURE_EBOOK-SLOWFEELFLOW.jpg","contentUrl":"https:\/\/lauremartin.fr\/slowfeelflow\/wp-content\/uploads\/sites\/5\/2026\/04\/COUVERTURE_EBOOK-SLOWFEELFLOW.jpg","width":1414,"height":2000},{"@type":"BreadcrumbList","@id":"https:\/\/lauremartin.fr\/slowfeelflow\/#breadcrumb","itemListElement":[{"@type":"ListItem","position":1,"name":"Accueil","item":"https:\/\/lauremartin.fr\/slowfeelflow\/"},{"@type":"ListItem","position":2,"name":"Accueil"}]},{"@type":"WebSite","@id":"https:\/\/lauremartin.fr\/slowfeelflow\/#website","url":"https:\/\/lauremartin.fr\/slowfeelflow\/","name":"Laure Martin, psychopraticienne \u00e0 Bordeaux","description":"D\u00e9ployer une vie pleine de sens","publisher":{"@id":"https:\/\/lauremartin.fr\/slowfeelflow\/#organization"},"potentialAction":[{"@type":"SearchAction","target":{"@type":"EntryPoint","urlTemplate":"https:\/\/lauremartin.fr\/slowfeelflow\/?s={search_term_string}"},"query-input":{"@type":"PropertyValueSpecification","valueRequired":true,"valueName":"search_term_string"}}],"inLanguage":"fr-FR"},{"@type":"Organization","@id":"https:\/\/lauremartin.fr\/slowfeelflow\/#organization","name":"Laure Martin, psychopraticienne \u00e0 Bordeaux","url":"https:\/\/lauremartin.fr\/slowfeelflow\/","logo":{"@type":"ImageObject","inLanguage":"fr-FR","@id":"https:\/\/lauremartin.fr\/slowfeelflow\/#\/schema\/logo\/image\/","url":"https:\/\/lauremartin.fr\/slowfeelflow\/wp-content\/uploads\/sites\/5\/2025\/06\/logo-full-noir.png","contentUrl":"https:\/\/lauremartin.fr\/slowfeelflow\/wp-content\/uploads\/sites\/5\/2025\/06\/logo-full-noir.png","width":707,"height":430,"caption":"Laure Martin, psychopraticienne \u00e0 Bordeaux"},"image":{"@id":"https:\/\/lauremartin.fr\/slowfeelflow\/#\/schema\/logo\/image\/"}}]}},"_links":{"self":[{"href":"https:\/\/lauremartin.fr\/slowfeelflow\/wp-json\/wp\/v2\/pages\/2325","targetHints":{"allow":["GET"]}}],"collection":[{"href":"https:\/\/lauremartin.fr\/slowfeelflow\/wp-json\/wp\/v2\/pages"}],"about":[{"href":"https:\/\/lauremartin.fr\/slowfeelflow\/wp-json\/wp\/v2\/types\/page"}],"author":[{"embeddable":true,"href":"https:\/\/lauremartin.fr\/slowfeelflow\/wp-json\/wp\/v2\/users\/2"}],"replies":[{"embeddable":true,"href":"https:\/\/lauremartin.fr\/slowfeelflow\/wp-json\/wp\/v2\/comments?post=2325"}],"version-history":[{"count":127,"href":"https:\/\/lauremartin.fr\/slowfeelflow\/wp-json\/wp\/v2\/pages\/2325\/revisions"}],"predecessor-version":[{"id":3122,"href":"https:\/\/lauremartin.fr\/slowfeelflow\/wp-json\/wp\/v2\/pages\/2325\/revisions\/3122"}],"wp:attachment":[{"href":"https:\/\/lauremartin.fr\/slowfeelflow\/wp-json\/wp\/v2\/media?parent=2325"}],"curies":[{"name":"wp","href":"https:\/\/api.w.org\/{rel}","templated":true}]}}