{"id":300,"date":"2025-06-06T12:25:19","date_gmt":"2025-06-06T10:25:19","guid":{"rendered":"http:\/\/lauremartin.local\/?page_id=300"},"modified":"2026-04-09T16:47:07","modified_gmt":"2026-04-09T14:47:07","slug":"a-propos","status":"publish","type":"page","link":"https:\/\/lauremartin.fr\/slowfeelflow\/a-propos\/","title":{"rendered":"A propos"},"content":{"rendered":"\n<div class=\"wp-block-group alignfull has-global-padding is-layout-constrained wp-container-core-group-is-layout-819f606c wp-block-group-is-layout-constrained\" style=\"padding-top:var(--wp--preset--spacing--40);padding-right:var(--wp--preset--spacing--40);padding-bottom:var(--wp--preset--spacing--40);padding-left:var(--wp--preset--spacing--40)\">\n<h2 class=\"wp-block-heading has-text-align-center\"><em>Ancienne anxieuse chronique, j&rsquo;agis aujourd&rsquo;hui \u00e0 partir d&rsquo;un espace beaucoup plus serein, et toujours disponible.<\/em><\/h2>\n<\/div>\n\n\n\n<div class=\"wp-block-group has-global-padding is-layout-constrained wp-container-core-group-is-layout-1131737d wp-block-group-is-layout-constrained\" style=\"margin-top:0;margin-bottom:0;padding-top:var(--wp--preset--spacing--20);padding-right:var(--wp--preset--spacing--20);padding-bottom:var(--wp--preset--spacing--20);padding-left:var(--wp--preset--spacing--20)\">\n<div class=\"wp-block-columns is-layout-flex wp-container-core-columns-is-layout-9c22b1e3 wp-block-columns-is-layout-flex\">\n<div class=\"wp-block-column is-vertically-aligned-center is-layout-flow wp-block-column-is-layout-flow\" style=\"flex-basis:45%\">\n<p class=\"justifier has-medium-font-size\">Install\u00e9e en r\u00e9gion bordelaise depuis 2016, je laisse la vie me traverser comme elle vient. J&rsquo;ancre mes choix dans la simplicit\u00e9 d&rsquo;un quotidien taill\u00e9 sur mesure pour mes besoins de chaque instant.<\/p>\n\n\n\n<p class=\"justifier\">Je vis chez mes chats, je cr\u00e9e des \u0153uvres d&rsquo;art et j&rsquo;aide des humains \u00e0 aller bien.<\/p>\n\n\n\n<p class=\"justifier has-medium-font-size\">Vu comme \u00e7a, \u00e7a semble simple, mais il m&rsquo;a fallu un peu de temps pour en arriver l\u00e0&#8230;<\/p>\n<\/div>\n\n\n\n<div class=\"wp-block-column is-vertically-aligned-center is-layout-flow wp-container-core-column-is-layout-f07b7ac0 wp-block-column-is-layout-flow\" style=\"padding-right:var(--wp--preset--spacing--30);padding-left:var(--wp--preset--spacing--30);flex-basis:66.66%\">\n<figure class=\"wp-block-image size-large\" style=\"margin-right:0;margin-left:0\"><img loading=\"lazy\" decoding=\"async\" width=\"1024\" height=\"683\" src=\"https:\/\/lauremartin.fr\/maieusthesie\/wp-content\/uploads\/sites\/5\/2025\/06\/seance-corpo-laure-martin-Aurore-Trelaun-Photographe-013-1024x683.jpg\" alt=\"\" class=\"wp-image-1239\" srcset=\"https:\/\/lauremartin.fr\/slowfeelflow\/wp-content\/uploads\/sites\/5\/2025\/06\/seance-corpo-laure-martin-Aurore-Trelaun-Photographe-013-1024x683.jpg 1024w, https:\/\/lauremartin.fr\/slowfeelflow\/wp-content\/uploads\/sites\/5\/2025\/06\/seance-corpo-laure-martin-Aurore-Trelaun-Photographe-013-300x200.jpg 300w, https:\/\/lauremartin.fr\/slowfeelflow\/wp-content\/uploads\/sites\/5\/2025\/06\/seance-corpo-laure-martin-Aurore-Trelaun-Photographe-013-768x512.jpg 768w, https:\/\/lauremartin.fr\/slowfeelflow\/wp-content\/uploads\/sites\/5\/2025\/06\/seance-corpo-laure-martin-Aurore-Trelaun-Photographe-013-1536x1024.jpg 1536w, https:\/\/lauremartin.fr\/slowfeelflow\/wp-content\/uploads\/sites\/5\/2025\/06\/seance-corpo-laure-martin-Aurore-Trelaun-Photographe-013.jpg 1596w\" sizes=\"auto, (max-width: 1024px) 100vw, 1024px\" \/><\/figure>\n<\/div>\n<\/div>\n\n\n\n<div style=\"height:10px\" aria-hidden=\"true\" class=\"wp-block-spacer\"><\/div>\n\n\n\n<p class=\"justifier has-medium-font-size\">N\u00e9e en 1973, j&rsquo;ai d&rsquo;abord exerc\u00e9 comme ing\u00e9nieure ferroviaire, jusqu&rsquo;\u00e0 un burn-out en 2015. Sans nul doute le prix de quarante ann\u00e9es \u00e0 laisser d&rsquo;autres que moi choisir la prochaine \u00e9tape. Je me suis alors lanc\u00e9e dans l&rsquo;entrepreneuriat ind\u00e9pendant, dans l&rsquo;id\u00e9e d&rsquo;\u00eatre la seule ma\u00eetresse \u00e0 bord. Un temps g\u00e9n\u00e9alogiste, je contribue d\u00e9sormais comme artiste plasticienne et psychopraticienne existentielle.<\/p>\n\n\n\n<p class=\"justifier has-medium-font-size\">Pendant dix ans, j&rsquo;ai chemin\u00e9 int\u00e9rieurement. De th\u00e9rapies en coachings, de psys en charlatans, de lectures en stages, une qu\u00eate incessante m&rsquo;a anim\u00e9e. Je cherchais des r\u00e9ponses (de pr\u00e9f\u00e9rence fermes et d\u00e9finitives) \u00e0 toutes les questions que je me posais, sur moi, sur les autres, sur la vie et le sens de celle-ci. Des r\u00e9ponses, j&rsquo;en ai eu (oh oui), mais ma vie n&rsquo;\u00e9tait pas plus confortable pour autant ! Toujours autant de d\u00e9cisions \u00e0 prendre, et toujours la m\u00eame ind\u00e9cision&#8230;<\/p>\n\n\n\n<p>Qu&rsquo;est-ce qui a chang\u00e9 ? La <strong>pr\u00e9sence<\/strong> \u00e0 cet \u00e9tat d&rsquo;ind\u00e9cision.<\/p>\n\n\n\n<p class=\"justifier\">Ma vie a cess\u00e9 d&rsquo;\u00eatre un enfer de confusion quand j&rsquo;ai admis que je ne savais pas. J&rsquo;ai repris mon pouvoir en reconnaissant mon impuissance \u00e0 voir plus loin que le bout de mon nez, plus loin que le pas d&rsquo;apr\u00e8s. C&rsquo;est l&rsquo;acceptation totale de mon ignorance qui m&rsquo;a permis, paradoxalement, d&rsquo;y voir plus clair. C&rsquo;est un tel soulagement de ne plus douter qu&rsquo;une r\u00e9ponse se pr\u00e9sentera le moment venu, que j&rsquo;ai d\u00e9cid\u00e9 d&rsquo;aider ceux qui se reconnaissent dans cette souffrance de l&rsquo;ind\u00e9cision. <\/p>\n\n\n\n<div class=\"wp-block-columns is-layout-flex wp-container-core-columns-is-layout-28f84493 wp-block-columns-is-layout-flex\">\n<div class=\"wp-block-column is-layout-flow wp-block-column-is-layout-flow\" style=\"padding-right:0;padding-left:0;flex-basis:35%\">\n<figure class=\"wp-block-image aligncenter size-large is-resized\" style=\"margin-right:var(--wp--preset--spacing--30);margin-left:var(--wp--preset--spacing--30)\"><img loading=\"lazy\" decoding=\"async\" width=\"683\" height=\"1024\" src=\"https:\/\/lauremartin.fr\/maieusthesie\/wp-content\/uploads\/sites\/5\/2026\/01\/seance-corpo-laure-martin-Aurore-Trelaun-Photographe-019-683x1024.jpg\" alt=\"\" class=\"wp-image-2464\" style=\"aspect-ratio:0.6669991266026086;width:213px;height:auto\" srcset=\"https:\/\/lauremartin.fr\/slowfeelflow\/wp-content\/uploads\/sites\/5\/2026\/01\/seance-corpo-laure-martin-Aurore-Trelaun-Photographe-019-683x1024.jpg 683w, https:\/\/lauremartin.fr\/slowfeelflow\/wp-content\/uploads\/sites\/5\/2026\/01\/seance-corpo-laure-martin-Aurore-Trelaun-Photographe-019-200x300.jpg 200w, https:\/\/lauremartin.fr\/slowfeelflow\/wp-content\/uploads\/sites\/5\/2026\/01\/seance-corpo-laure-martin-Aurore-Trelaun-Photographe-019-768x1152.jpg 768w, https:\/\/lauremartin.fr\/slowfeelflow\/wp-content\/uploads\/sites\/5\/2026\/01\/seance-corpo-laure-martin-Aurore-Trelaun-Photographe-019-1024x1536.jpg 1024w, https:\/\/lauremartin.fr\/slowfeelflow\/wp-content\/uploads\/sites\/5\/2026\/01\/seance-corpo-laure-martin-Aurore-Trelaun-Photographe-019.jpg 1064w\" sizes=\"auto, (max-width: 683px) 100vw, 683px\" \/><\/figure>\n<\/div>\n\n\n\n<div class=\"wp-block-column is-vertically-aligned-center is-layout-flow wp-block-column-is-layout-flow\" style=\"flex-basis:65%\">\n<div class=\"wp-block-group has-global-padding is-layout-constrained wp-block-group-is-layout-constrained\">\n<p>D\u00e9sormais, j&rsquo;accompagne les ind\u00e9cis \u00e0 ne plus se prendre la t\u00eate.<\/p>\n\n\n\n<p class=\"justifier\">J&rsquo;utilise les arts plastiques et la ma\u00efeusth\u00e9sie pour vous proposer des accompagnements sur mesure. Mon objectif ? Vous permettre de rayonner pleinement.<\/p>\n\n\n\n<div style=\"height:20px\" aria-hidden=\"true\" class=\"wp-block-spacer\"><\/div>\n\n\n\n<div class=\"wp-block-buttons is-content-justification-center is-layout-flex wp-container-core-buttons-is-layout-a89b3969 wp-block-buttons-is-layout-flex\">\n<div class=\"wp-block-button has-custom-width wp-block-button__width-50\"><a class=\"wp-block-button__link has-contrast-2-color has-text-color has-link-color has-medium-font-size has-custom-font-size wp-element-button\" href=\"https:\/\/lauremartin.fr\/therapie\/prestations\/\">D\u00e9couvrir les prestations<\/a><\/div>\n<\/div>\n<\/div>\n<\/div>\n<\/div>\n<\/div>\n","protected":false},"excerpt":{"rendered":"<p>Ancienne anxieuse chronique, j&rsquo;agis aujourd&rsquo;hui \u00e0 partir d&rsquo;un espace beaucoup plus serein, et toujours disponible. Install\u00e9e en r\u00e9gion bordelaise depuis 2016, je laisse la vie me traverser comme elle vient. J&rsquo;ancre mes choix dans la simplicit\u00e9 d&rsquo;un quotidien taill\u00e9 sur mesure pour mes besoins de chaque instant. Je vis chez mes chats, je cr\u00e9e des [&hellip;]<\/p>\n","protected":false},"author":2,"featured_media":2464,"parent":0,"menu_order":0,"comment_status":"closed","ping_status":"closed","template":"page-no-title","meta":{"footnotes":""},"class_list":["post-300","page","type-page","status-publish","has-post-thumbnail","hentry"],"yoast_head":"<!-- This site is optimized with the Yoast SEO plugin v27.4 - https:\/\/yoast.com\/product\/yoast-seo-wordpress\/ -->\n<title>A propos - Laure Martin, psychopraticienne \u00e0 Bordeaux<\/title>\n<meta name=\"robots\" content=\"index, follow, max-snippet:-1, max-image-preview:large, max-video-preview:-1\" \/>\n<link rel=\"canonical\" href=\"https:\/\/lauremartin.fr\/slowfeelflow\/a-propos\/\" \/>\n<meta property=\"og:locale\" content=\"fr_FR\" \/>\n<meta property=\"og:type\" content=\"article\" \/>\n<meta property=\"og:title\" content=\"A propos - Laure Martin, psychopraticienne \u00e0 Bordeaux\" \/>\n<meta property=\"og:description\" content=\"Ancienne anxieuse chronique, j&rsquo;agis aujourd&rsquo;hui \u00e0 partir d&rsquo;un espace beaucoup plus serein, et toujours disponible. Install\u00e9e en r\u00e9gion bordelaise depuis 2016, je laisse la vie me traverser comme elle vient. J&rsquo;ancre mes choix dans la simplicit\u00e9 d&rsquo;un quotidien taill\u00e9 sur mesure pour mes besoins de chaque instant. Je vis chez mes chats, je cr\u00e9e des [&hellip;]\" \/>\n<meta property=\"og:url\" content=\"https:\/\/lauremartin.fr\/slowfeelflow\/a-propos\/\" \/>\n<meta property=\"og:site_name\" content=\"Laure Martin, psychopraticienne \u00e0 Bordeaux\" \/>\n<meta property=\"article:modified_time\" content=\"2026-04-09T14:47:07+00:00\" \/>\n<meta property=\"og:image\" content=\"https:\/\/lauremartin.fr\/slowfeelflow\/wp-content\/uploads\/sites\/5\/2026\/01\/seance-corpo-laure-martin-Aurore-Trelaun-Photographe-019.jpg\" \/>\n\t<meta property=\"og:image:width\" content=\"1064\" \/>\n\t<meta property=\"og:image:height\" content=\"1596\" \/>\n\t<meta property=\"og:image:type\" content=\"image\/jpeg\" \/>\n<meta name=\"twitter:card\" content=\"summary_large_image\" \/>\n<meta name=\"twitter:label1\" content=\"Dur\u00e9e de lecture estim\u00e9e\" \/>\n\t<meta name=\"twitter:data1\" content=\"3 minutes\" \/>\n<script type=\"application\/ld+json\" class=\"yoast-schema-graph\">{\"@context\":\"https:\\\/\\\/schema.org\",\"@graph\":[{\"@type\":\"WebPage\",\"@id\":\"https:\\\/\\\/lauremartin.fr\\\/slowfeelflow\\\/a-propos\\\/\",\"url\":\"https:\\\/\\\/lauremartin.fr\\\/slowfeelflow\\\/a-propos\\\/\",\"name\":\"A propos - Laure Martin, psychopraticienne \u00e0 Bordeaux\",\"isPartOf\":{\"@id\":\"https:\\\/\\\/lauremartin.fr\\\/slowfeelflow\\\/#website\"},\"primaryImageOfPage\":{\"@id\":\"https:\\\/\\\/lauremartin.fr\\\/slowfeelflow\\\/a-propos\\\/#primaryimage\"},\"image\":{\"@id\":\"https:\\\/\\\/lauremartin.fr\\\/slowfeelflow\\\/a-propos\\\/#primaryimage\"},\"thumbnailUrl\":\"https:\\\/\\\/lauremartin.fr\\\/slowfeelflow\\\/wp-content\\\/uploads\\\/sites\\\/5\\\/2026\\\/01\\\/seance-corpo-laure-martin-Aurore-Trelaun-Photographe-019.jpg\",\"datePublished\":\"2025-06-06T10:25:19+00:00\",\"dateModified\":\"2026-04-09T14:47:07+00:00\",\"breadcrumb\":{\"@id\":\"https:\\\/\\\/lauremartin.fr\\\/slowfeelflow\\\/a-propos\\\/#breadcrumb\"},\"inLanguage\":\"fr-FR\",\"potentialAction\":[{\"@type\":\"ReadAction\",\"target\":[\"https:\\\/\\\/lauremartin.fr\\\/slowfeelflow\\\/a-propos\\\/\"]}]},{\"@type\":\"ImageObject\",\"inLanguage\":\"fr-FR\",\"@id\":\"https:\\\/\\\/lauremartin.fr\\\/slowfeelflow\\\/a-propos\\\/#primaryimage\",\"url\":\"https:\\\/\\\/lauremartin.fr\\\/slowfeelflow\\\/wp-content\\\/uploads\\\/sites\\\/5\\\/2026\\\/01\\\/seance-corpo-laure-martin-Aurore-Trelaun-Photographe-019.jpg\",\"contentUrl\":\"https:\\\/\\\/lauremartin.fr\\\/slowfeelflow\\\/wp-content\\\/uploads\\\/sites\\\/5\\\/2026\\\/01\\\/seance-corpo-laure-martin-Aurore-Trelaun-Photographe-019.jpg\",\"width\":1064,\"height\":1596},{\"@type\":\"BreadcrumbList\",\"@id\":\"https:\\\/\\\/lauremartin.fr\\\/slowfeelflow\\\/a-propos\\\/#breadcrumb\",\"itemListElement\":[{\"@type\":\"ListItem\",\"position\":1,\"name\":\"Accueil\",\"item\":\"https:\\\/\\\/lauremartin.fr\\\/slowfeelflow\\\/\"},{\"@type\":\"ListItem\",\"position\":2,\"name\":\"A propos\"}]},{\"@type\":\"WebSite\",\"@id\":\"https:\\\/\\\/lauremartin.fr\\\/slowfeelflow\\\/#website\",\"url\":\"https:\\\/\\\/lauremartin.fr\\\/slowfeelflow\\\/\",\"name\":\"Laure Martin, psychopraticienne \u00e0 Bordeaux\",\"description\":\"D\u00e9ployer une vie pleine de sens\",\"publisher\":{\"@id\":\"https:\\\/\\\/lauremartin.fr\\\/slowfeelflow\\\/#organization\"},\"potentialAction\":[{\"@type\":\"SearchAction\",\"target\":{\"@type\":\"EntryPoint\",\"urlTemplate\":\"https:\\\/\\\/lauremartin.fr\\\/slowfeelflow\\\/?s={search_term_string}\"},\"query-input\":{\"@type\":\"PropertyValueSpecification\",\"valueRequired\":true,\"valueName\":\"search_term_string\"}}],\"inLanguage\":\"fr-FR\"},{\"@type\":\"Organization\",\"@id\":\"https:\\\/\\\/lauremartin.fr\\\/slowfeelflow\\\/#organization\",\"name\":\"Laure Martin, psychopraticienne \u00e0 Bordeaux\",\"url\":\"https:\\\/\\\/lauremartin.fr\\\/slowfeelflow\\\/\",\"logo\":{\"@type\":\"ImageObject\",\"inLanguage\":\"fr-FR\",\"@id\":\"https:\\\/\\\/lauremartin.fr\\\/slowfeelflow\\\/#\\\/schema\\\/logo\\\/image\\\/\",\"url\":\"https:\\\/\\\/lauremartin.fr\\\/slowfeelflow\\\/wp-content\\\/uploads\\\/sites\\\/5\\\/2025\\\/06\\\/logo-full-noir.png\",\"contentUrl\":\"https:\\\/\\\/lauremartin.fr\\\/slowfeelflow\\\/wp-content\\\/uploads\\\/sites\\\/5\\\/2025\\\/06\\\/logo-full-noir.png\",\"width\":707,\"height\":430,\"caption\":\"Laure Martin, psychopraticienne \u00e0 Bordeaux\"},\"image\":{\"@id\":\"https:\\\/\\\/lauremartin.fr\\\/slowfeelflow\\\/#\\\/schema\\\/logo\\\/image\\\/\"}}]}<\/script>\n<!-- \/ Yoast SEO plugin. -->","yoast_head_json":{"title":"A propos - Laure Martin, psychopraticienne \u00e0 Bordeaux","robots":{"index":"index","follow":"follow","max-snippet":"max-snippet:-1","max-image-preview":"max-image-preview:large","max-video-preview":"max-video-preview:-1"},"canonical":"https:\/\/lauremartin.fr\/slowfeelflow\/a-propos\/","og_locale":"fr_FR","og_type":"article","og_title":"A propos - Laure Martin, psychopraticienne \u00e0 Bordeaux","og_description":"Ancienne anxieuse chronique, j&rsquo;agis aujourd&rsquo;hui \u00e0 partir d&rsquo;un espace beaucoup plus serein, et toujours disponible. Install\u00e9e en r\u00e9gion bordelaise depuis 2016, je laisse la vie me traverser comme elle vient. J&rsquo;ancre mes choix dans la simplicit\u00e9 d&rsquo;un quotidien taill\u00e9 sur mesure pour mes besoins de chaque instant. Je vis chez mes chats, je cr\u00e9e des [&hellip;]","og_url":"https:\/\/lauremartin.fr\/slowfeelflow\/a-propos\/","og_site_name":"Laure Martin, psychopraticienne \u00e0 Bordeaux","article_modified_time":"2026-04-09T14:47:07+00:00","og_image":[{"width":1064,"height":1596,"url":"https:\/\/lauremartin.fr\/slowfeelflow\/wp-content\/uploads\/sites\/5\/2026\/01\/seance-corpo-laure-martin-Aurore-Trelaun-Photographe-019.jpg","type":"image\/jpeg"}],"twitter_card":"summary_large_image","twitter_misc":{"Dur\u00e9e de lecture estim\u00e9e":"3 minutes"},"schema":{"@context":"https:\/\/schema.org","@graph":[{"@type":"WebPage","@id":"https:\/\/lauremartin.fr\/slowfeelflow\/a-propos\/","url":"https:\/\/lauremartin.fr\/slowfeelflow\/a-propos\/","name":"A propos - Laure Martin, psychopraticienne \u00e0 Bordeaux","isPartOf":{"@id":"https:\/\/lauremartin.fr\/slowfeelflow\/#website"},"primaryImageOfPage":{"@id":"https:\/\/lauremartin.fr\/slowfeelflow\/a-propos\/#primaryimage"},"image":{"@id":"https:\/\/lauremartin.fr\/slowfeelflow\/a-propos\/#primaryimage"},"thumbnailUrl":"https:\/\/lauremartin.fr\/slowfeelflow\/wp-content\/uploads\/sites\/5\/2026\/01\/seance-corpo-laure-martin-Aurore-Trelaun-Photographe-019.jpg","datePublished":"2025-06-06T10:25:19+00:00","dateModified":"2026-04-09T14:47:07+00:00","breadcrumb":{"@id":"https:\/\/lauremartin.fr\/slowfeelflow\/a-propos\/#breadcrumb"},"inLanguage":"fr-FR","potentialAction":[{"@type":"ReadAction","target":["https:\/\/lauremartin.fr\/slowfeelflow\/a-propos\/"]}]},{"@type":"ImageObject","inLanguage":"fr-FR","@id":"https:\/\/lauremartin.fr\/slowfeelflow\/a-propos\/#primaryimage","url":"https:\/\/lauremartin.fr\/slowfeelflow\/wp-content\/uploads\/sites\/5\/2026\/01\/seance-corpo-laure-martin-Aurore-Trelaun-Photographe-019.jpg","contentUrl":"https:\/\/lauremartin.fr\/slowfeelflow\/wp-content\/uploads\/sites\/5\/2026\/01\/seance-corpo-laure-martin-Aurore-Trelaun-Photographe-019.jpg","width":1064,"height":1596},{"@type":"BreadcrumbList","@id":"https:\/\/lauremartin.fr\/slowfeelflow\/a-propos\/#breadcrumb","itemListElement":[{"@type":"ListItem","position":1,"name":"Accueil","item":"https:\/\/lauremartin.fr\/slowfeelflow\/"},{"@type":"ListItem","position":2,"name":"A propos"}]},{"@type":"WebSite","@id":"https:\/\/lauremartin.fr\/slowfeelflow\/#website","url":"https:\/\/lauremartin.fr\/slowfeelflow\/","name":"Laure Martin, psychopraticienne \u00e0 Bordeaux","description":"D\u00e9ployer une vie pleine de sens","publisher":{"@id":"https:\/\/lauremartin.fr\/slowfeelflow\/#organization"},"potentialAction":[{"@type":"SearchAction","target":{"@type":"EntryPoint","urlTemplate":"https:\/\/lauremartin.fr\/slowfeelflow\/?s={search_term_string}"},"query-input":{"@type":"PropertyValueSpecification","valueRequired":true,"valueName":"search_term_string"}}],"inLanguage":"fr-FR"},{"@type":"Organization","@id":"https:\/\/lauremartin.fr\/slowfeelflow\/#organization","name":"Laure Martin, psychopraticienne \u00e0 Bordeaux","url":"https:\/\/lauremartin.fr\/slowfeelflow\/","logo":{"@type":"ImageObject","inLanguage":"fr-FR","@id":"https:\/\/lauremartin.fr\/slowfeelflow\/#\/schema\/logo\/image\/","url":"https:\/\/lauremartin.fr\/slowfeelflow\/wp-content\/uploads\/sites\/5\/2025\/06\/logo-full-noir.png","contentUrl":"https:\/\/lauremartin.fr\/slowfeelflow\/wp-content\/uploads\/sites\/5\/2025\/06\/logo-full-noir.png","width":707,"height":430,"caption":"Laure Martin, psychopraticienne \u00e0 Bordeaux"},"image":{"@id":"https:\/\/lauremartin.fr\/slowfeelflow\/#\/schema\/logo\/image\/"}}]}},"_links":{"self":[{"href":"https:\/\/lauremartin.fr\/slowfeelflow\/wp-json\/wp\/v2\/pages\/300","targetHints":{"allow":["GET"]}}],"collection":[{"href":"https:\/\/lauremartin.fr\/slowfeelflow\/wp-json\/wp\/v2\/pages"}],"about":[{"href":"https:\/\/lauremartin.fr\/slowfeelflow\/wp-json\/wp\/v2\/types\/page"}],"author":[{"embeddable":true,"href":"https:\/\/lauremartin.fr\/slowfeelflow\/wp-json\/wp\/v2\/users\/2"}],"replies":[{"embeddable":true,"href":"https:\/\/lauremartin.fr\/slowfeelflow\/wp-json\/wp\/v2\/comments?post=300"}],"version-history":[{"count":47,"href":"https:\/\/lauremartin.fr\/slowfeelflow\/wp-json\/wp\/v2\/pages\/300\/revisions"}],"predecessor-version":[{"id":2997,"href":"https:\/\/lauremartin.fr\/slowfeelflow\/wp-json\/wp\/v2\/pages\/300\/revisions\/2997"}],"wp:featuredmedia":[{"embeddable":true,"href":"https:\/\/lauremartin.fr\/slowfeelflow\/wp-json\/wp\/v2\/media\/2464"}],"wp:attachment":[{"href":"https:\/\/lauremartin.fr\/slowfeelflow\/wp-json\/wp\/v2\/media?parent=300"}],"curies":[{"name":"wp","href":"https:\/\/api.w.org\/{rel}","templated":true}]}}