{"id":404,"date":"2025-06-10T19:05:51","date_gmt":"2025-06-10T17:05:51","guid":{"rendered":"http:\/\/lauremartin.local\/?page_id=404"},"modified":"2026-04-09T16:44:28","modified_gmt":"2026-04-09T14:44:28","slug":"mentions-legales","status":"publish","type":"page","link":"https:\/\/lauremartin.fr\/slowfeelflow\/mentions-legales\/","title":{"rendered":"Mentions l\u00e9gales"},"content":{"rendered":"\n<div class=\"wp-block-group has-global-padding is-layout-constrained wp-container-core-group-is-layout-52009084 wp-block-group-is-layout-constrained\" style=\"padding-top:var(--wp--preset--spacing--40);padding-right:var(--wp--preset--spacing--40);padding-bottom:var(--wp--preset--spacing--40);padding-left:var(--wp--preset--spacing--40)\">\n<h2 class=\"wp-block-heading has-text-align-center\"><em>Mentions l\u00e9gales (o\u00f9 il est explicitement interdit d&rsquo;utiliser les contenus de ce site sans mon accord, y compris pour l&rsquo;intelligence artificielle)<\/em><\/h2>\n<\/div>\n\n\n\n<div class=\"wp-block-group has-base-2-background-color has-background has-global-padding is-layout-constrained wp-block-group-is-layout-constrained\">\n<div style=\"height:30px\" aria-hidden=\"true\" class=\"wp-block-spacer\"><\/div>\n\n\n\n<h2 class=\"wp-block-heading\">1. Pr\u00e9sentation du site<\/h2>\n\n\n\n<p class=\"justifier\">Le site https:\/\/lauremartin.fr\/therapie\/ (ci-apr\u00e8s \u00ab le Site \u00bb) est \u00e9dit\u00e9 par Laure Martin (ci-apr\u00e8s \u00ab l\u2019\u00c9diteur \u00bb), micro-entrepreneur sous n\u00b0 SIREN : 831 478 771.<br>Le Site est h\u00e9berg\u00e9 par OVH, SAS au capital de 10 069 020 euros, dont le si\u00e8ge social est situ\u00e9 2 rue Kellermann \u2013 59100 Roubaix \u2013 France.<br>Coordonn\u00e9es de l\u2019activit\u00e9 : 31 rue \u00c9douard Manet, 33270 Floirac \u2013 contact@lauremartin.fr<\/p>\n\n\n\n<h2 class=\"wp-block-heading\">2. Conditions g\u00e9n\u00e9rales d\u2019utilisation du site et des services propos\u00e9s<\/h2>\n\n\n\n<p class=\"justifier\">L\u2019utilisation du Site implique l\u2019acceptation pleine et enti\u00e8re des conditions g\u00e9n\u00e9rales d\u2019utilisation ci-apr\u00e8s d\u00e9crites. Si le Site subit une interruption pour raison de maintenance technique, les utilisateurs seront avertis des dates et heures de l\u2019intervention.<br>L\u2019\u00c9diteur s\u2019efforce de fournir sur le Site des informations aussi pr\u00e9cises que possible. Toutefois, il ne pourra \u00eatre tenu responsable des omissions, des inexactitudes et des carences dans la mise \u00e0 jour, qu\u2019elles soient de son fait ou du fait des tiers partenaires qui lui fournissent ces informations.<\/p>\n\n\n\n<p class=\"justifier\">Le Site peut contenir des liens hypertexte donnant acc\u00e8s \u00e0 d\u2019autres sites web \u00e9dit\u00e9s et g\u00e9r\u00e9s par des tiers et non par l\u2019\u00c9diteur. L\u2019\u00c9diteur ne pourra \u00eatre tenu responsable directement ou indirectement dans le cas o\u00f9 lesdits sites tiers ne respecteraient pas les dispositions l\u00e9gales.<\/p>\n\n\n\n<h2 class=\"wp-block-heading\">3. Propri\u00e9t\u00e9 intellectuelle et contrefa\u00e7ons<\/h2>\n\n\n\n<p class=\"justifier\">Toutes les marques, photographies, textes, commentaires, illustrations, images anim\u00e9es ou non, s\u00e9quences vid\u00e9o, sons, ainsi que toutes les applications informatiques qui pourraient \u00eatre utilis\u00e9es pour faire fonctionner le Site et plus g\u00e9n\u00e9ralement tous les \u00e9l\u00e9ments reproduits ou utilis\u00e9s sur le Site sont prot\u00e9g\u00e9s par les lois en vigueur au titre de la propri\u00e9t\u00e9 intellectuelle.<\/p>\n\n\n\n<p class=\"justifier\">Ils sont la propri\u00e9t\u00e9 pleine et enti\u00e8re de l\u2019\u00c9diteur ou de ses partenaires, sauf mentions particuli\u00e8res. Toute reproduction, repr\u00e9sentation, utilisation ou adaptation, sous quelque forme que ce soit, de tout ou partie de ces \u00e9l\u00e9ments, y compris les applications informatiques, sans l\u2019accord pr\u00e9alable et \u00e9crit de l\u2019\u00c9diteur, sont strictement interdites. Le fait pour l\u2019\u00c9diteur de ne pas engager de proc\u00e9dure d\u00e8s la prise de connaissance de ces utilisations non autoris\u00e9es ne vaut pas acceptation desdites utilisations et renonciation aux poursuites.<\/p>\n\n\n\n<p class=\"justifier\">Seule l\u2019utilisation pour un usage priv\u00e9 dans un cercle de famille est autoris\u00e9e et toute autre utilisation est constitutive de contrefa\u00e7on et\/ou d\u2019atteinte aux droits voisins, sanctionn\u00e9es par le Code de la propri\u00e9t\u00e9 intellectuelle.<\/p>\n\n\n\n<p class=\"justifier\">La reprise de tout ou partie de ce contenu n\u00e9cessite l\u2019autorisation pr\u00e9alable de l\u2019\u00c9diteur ou du titulaire des droits sur ce contenu.<\/p>\n\n\n\n<p><strong><em>Mention sp\u00e9ciale Intelligence Artificielle<\/em><\/strong><\/p>\n\n\n\n<p class=\"justifier\">Les \u0153uvres publi\u00e9es sur ce site web sont prot\u00e9g\u00e9s par le droit d\u2019auteur et ne peuvent en aucun cas \u00eatre r\u00e9utilis\u00e9es sans l\u2019autorisation expresse de leur auteur. Les images pr\u00e9sentes sur ce site, ainsi que les donn\u00e9es qui s\u2019y rapportent, tels que le titre ou le nom de l\u2019auteur, ne peuvent en aucune fa\u00e7on faire l\u2019objet, en tout ou partie, de reproductions, sous quelque forme que ce soit, r\u00e9alis\u00e9es en vue de fouilles de textes et de donn\u00e9es, \u00e0 l\u2019exception de celles men\u00e9es \u00e0 des fins exclusives de recherche scientifique par un organisme vis\u00e9 \u00e0 l\u2019article L. 122-5-3, II du code de la propri\u00e9t\u00e9 intellectuelle. Cette interdiction, exprim\u00e9e dans le cadre du dispositif pr\u00e9vu \u00e0 l\u2019article R. 122-8 du code de la propri\u00e9t\u00e9 intellectuelle, s\u2019applique en particulier \u00e0 l\u2019utilisation des \u0153uvres pour alimenter ou entra\u00eener des dispositifs d\u2019intelligence artificielle con\u00e7us ou adapt\u00e9s pour g\u00e9n\u00e9rer des cr\u00e9ations, telles que des images ou des contenus audiovisuels, destin\u00e9es \u00e0 une diffusion publique.<\/p>\n\n\n\n<p class=\"justifier\">Cette interdiction est \u00e9galement exprim\u00e9e, conform\u00e9ment au protocole TDMRep accessible \u00e0 l\u2019adresse www.w3.org\/2022\/ tdmrep, de la mani\u00e8re suivante : TDM-RESERVATION : 1<\/p>\n\n\n\n<p class=\"justifier\">The works published on this website are protected by copyright and may not, under any  ircumstances, be reused without the express permission of their author. The images on this site, along with associated data such as title or author&rsquo;s name, may not in any way be subject, in whole or in part, to reproductions in any form, carried out for the purpose of text and data mining, except for those conducted exclusively for scientific research purposes by an entity referred to in Article L. 122-5-3, II of the Intellectual Property Code. This  rohibition, as expressed within the framework provided in Article R. 122-8 of the Intellectual Property Code, particularly applies to the use of works to feed or train artificial intelligence systems designed or adapted to generate creations, such as images or  audiovisual content, intended for public dissemination.<\/p>\n\n\n\n<p class=\"justifier\">This prohibition is also expressed, in accordance with the TDMRep protocol accessible at www.w3.org\/2022\/tdmrep, as follows: TDM-RESERVATION: 1<\/p>\n\n\n\n<h2 class=\"wp-block-heading\">4. Politique de confidentialit\u00e9<\/h2>\n\n\n\n<p class=\"justifier\">En aucun cas, les donn\u00e9es recueillies sur le Site ne seront c\u00e9d\u00e9es ou revendues \u00e0 des tiers.<\/p>\n\n\n\n<p class=\"justifier\">Retrouvez plus de d\u00e9tails sur la collecte et l\u2019utilisation de vos donn\u00e9es dans notre <a href=\"https:\/\/lauremartin.fr\/therapie\/politique-de-confidentialite\/\" type=\"page\" id=\"3\">politique de confidentialit\u00e9<\/a>.<\/p>\n\n\n\n<p class=\"justifier\">Le Site peut collecter automatiquement des informations standards telles que pour am\u00e9liorer votre exp\u00e9rience sur ce site (cookies). Toutes les informations collect\u00e9es indirectement ne seront utilis\u00e9es que pour suivre le volume, le type et la configuration du trafic utilisant ce Site, pour en d\u00e9velopper la conception et l\u2019agencement et \u00e0 d\u2019autres fins administratives et de planification et plus g\u00e9n\u00e9ralement pour am\u00e9liorer le service que nous vous offrons. Vous avez la possibilit\u00e9 de visiter le Site en d\u00e9sactivant cette option dans les param\u00e8tres de votre navigateur.<\/p>\n\n\n\n<h2 class=\"wp-block-heading\">5. Droit applicable et attribution de juridiction<\/h2>\n\n\n\n<p class=\"justifier\">Tout litige en relation avec l\u2019utilisation du Site est soumis au droit fran\u00e7ais. Il est fait attribution exclusive de juridiction aux tribunaux comp\u00e9tents de France.<\/p>\n\n\n\n<div style=\"height:30px\" aria-hidden=\"true\" class=\"wp-block-spacer\"><\/div>\n<\/div>\n","protected":false},"excerpt":{"rendered":"<p>Mentions l\u00e9gales (o\u00f9 il est explicitement interdit d&rsquo;utiliser les contenus de ce site sans mon accord, y compris pour l&rsquo;intelligence artificielle) 1. Pr\u00e9sentation du site Le site https:\/\/lauremartin.fr\/therapie\/ (ci-apr\u00e8s \u00ab le Site \u00bb) est \u00e9dit\u00e9 par Laure Martin (ci-apr\u00e8s \u00ab l\u2019\u00c9diteur \u00bb), micro-entrepreneur sous n\u00b0 SIREN : 831 478 771.Le Site est h\u00e9berg\u00e9 par OVH, [&hellip;]<\/p>\n","protected":false},"author":2,"featured_media":0,"parent":0,"menu_order":0,"comment_status":"closed","ping_status":"closed","template":"page-no-title","meta":{"footnotes":""},"class_list":["post-404","page","type-page","status-publish","hentry"],"yoast_head":"<!-- This site is optimized with the Yoast SEO plugin v27.4 - https:\/\/yoast.com\/product\/yoast-seo-wordpress\/ -->\n<title>Mentions l\u00e9gales - Laure Martin, psychopraticienne \u00e0 Bordeaux<\/title>\n<meta name=\"robots\" content=\"index, follow, max-snippet:-1, max-image-preview:large, max-video-preview:-1\" \/>\n<link rel=\"canonical\" href=\"https:\/\/lauremartin.fr\/slowfeelflow\/mentions-legales\/\" \/>\n<meta property=\"og:locale\" content=\"fr_FR\" \/>\n<meta property=\"og:type\" content=\"article\" \/>\n<meta property=\"og:title\" content=\"Mentions l\u00e9gales - Laure Martin, psychopraticienne \u00e0 Bordeaux\" \/>\n<meta property=\"og:description\" content=\"Mentions l\u00e9gales (o\u00f9 il est explicitement interdit d&rsquo;utiliser les contenus de ce site sans mon accord, y compris pour l&rsquo;intelligence artificielle) 1. Pr\u00e9sentation du site Le site https:\/\/lauremartin.fr\/therapie\/ (ci-apr\u00e8s \u00ab le Site \u00bb) est \u00e9dit\u00e9 par Laure Martin (ci-apr\u00e8s \u00ab l\u2019\u00c9diteur \u00bb), micro-entrepreneur sous n\u00b0 SIREN : 831 478 771.Le Site est h\u00e9berg\u00e9 par OVH, [&hellip;]\" \/>\n<meta property=\"og:url\" content=\"https:\/\/lauremartin.fr\/slowfeelflow\/mentions-legales\/\" \/>\n<meta property=\"og:site_name\" content=\"Laure Martin, psychopraticienne \u00e0 Bordeaux\" \/>\n<meta property=\"article:modified_time\" content=\"2026-04-09T14:44:28+00:00\" \/>\n<meta name=\"twitter:card\" content=\"summary_large_image\" \/>\n<meta name=\"twitter:label1\" content=\"Dur\u00e9e de lecture estim\u00e9e\" \/>\n\t<meta name=\"twitter:data1\" content=\"5 minutes\" \/>\n<script type=\"application\/ld+json\" class=\"yoast-schema-graph\">{\"@context\":\"https:\\\/\\\/schema.org\",\"@graph\":[{\"@type\":\"WebPage\",\"@id\":\"https:\\\/\\\/lauremartin.fr\\\/slowfeelflow\\\/mentions-legales\\\/\",\"url\":\"https:\\\/\\\/lauremartin.fr\\\/slowfeelflow\\\/mentions-legales\\\/\",\"name\":\"Mentions l\u00e9gales - Laure Martin, psychopraticienne \u00e0 Bordeaux\",\"isPartOf\":{\"@id\":\"https:\\\/\\\/lauremartin.fr\\\/slowfeelflow\\\/#website\"},\"datePublished\":\"2025-06-10T17:05:51+00:00\",\"dateModified\":\"2026-04-09T14:44:28+00:00\",\"breadcrumb\":{\"@id\":\"https:\\\/\\\/lauremartin.fr\\\/slowfeelflow\\\/mentions-legales\\\/#breadcrumb\"},\"inLanguage\":\"fr-FR\",\"potentialAction\":[{\"@type\":\"ReadAction\",\"target\":[\"https:\\\/\\\/lauremartin.fr\\\/slowfeelflow\\\/mentions-legales\\\/\"]}]},{\"@type\":\"BreadcrumbList\",\"@id\":\"https:\\\/\\\/lauremartin.fr\\\/slowfeelflow\\\/mentions-legales\\\/#breadcrumb\",\"itemListElement\":[{\"@type\":\"ListItem\",\"position\":1,\"name\":\"Accueil\",\"item\":\"https:\\\/\\\/lauremartin.fr\\\/slowfeelflow\\\/\"},{\"@type\":\"ListItem\",\"position\":2,\"name\":\"Mentions l\u00e9gales\"}]},{\"@type\":\"WebSite\",\"@id\":\"https:\\\/\\\/lauremartin.fr\\\/slowfeelflow\\\/#website\",\"url\":\"https:\\\/\\\/lauremartin.fr\\\/slowfeelflow\\\/\",\"name\":\"Laure Martin, psychopraticienne \u00e0 Bordeaux\",\"description\":\"D\u00e9ployer une vie pleine de sens\",\"publisher\":{\"@id\":\"https:\\\/\\\/lauremartin.fr\\\/slowfeelflow\\\/#organization\"},\"potentialAction\":[{\"@type\":\"SearchAction\",\"target\":{\"@type\":\"EntryPoint\",\"urlTemplate\":\"https:\\\/\\\/lauremartin.fr\\\/slowfeelflow\\\/?s={search_term_string}\"},\"query-input\":{\"@type\":\"PropertyValueSpecification\",\"valueRequired\":true,\"valueName\":\"search_term_string\"}}],\"inLanguage\":\"fr-FR\"},{\"@type\":\"Organization\",\"@id\":\"https:\\\/\\\/lauremartin.fr\\\/slowfeelflow\\\/#organization\",\"name\":\"Laure Martin, psychopraticienne \u00e0 Bordeaux\",\"url\":\"https:\\\/\\\/lauremartin.fr\\\/slowfeelflow\\\/\",\"logo\":{\"@type\":\"ImageObject\",\"inLanguage\":\"fr-FR\",\"@id\":\"https:\\\/\\\/lauremartin.fr\\\/slowfeelflow\\\/#\\\/schema\\\/logo\\\/image\\\/\",\"url\":\"https:\\\/\\\/lauremartin.fr\\\/slowfeelflow\\\/wp-content\\\/uploads\\\/sites\\\/5\\\/2025\\\/06\\\/logo-full-noir.png\",\"contentUrl\":\"https:\\\/\\\/lauremartin.fr\\\/slowfeelflow\\\/wp-content\\\/uploads\\\/sites\\\/5\\\/2025\\\/06\\\/logo-full-noir.png\",\"width\":707,\"height\":430,\"caption\":\"Laure Martin, psychopraticienne \u00e0 Bordeaux\"},\"image\":{\"@id\":\"https:\\\/\\\/lauremartin.fr\\\/slowfeelflow\\\/#\\\/schema\\\/logo\\\/image\\\/\"}}]}<\/script>\n<!-- \/ Yoast SEO plugin. -->","yoast_head_json":{"title":"Mentions l\u00e9gales - Laure Martin, psychopraticienne \u00e0 Bordeaux","robots":{"index":"index","follow":"follow","max-snippet":"max-snippet:-1","max-image-preview":"max-image-preview:large","max-video-preview":"max-video-preview:-1"},"canonical":"https:\/\/lauremartin.fr\/slowfeelflow\/mentions-legales\/","og_locale":"fr_FR","og_type":"article","og_title":"Mentions l\u00e9gales - Laure Martin, psychopraticienne \u00e0 Bordeaux","og_description":"Mentions l\u00e9gales (o\u00f9 il est explicitement interdit d&rsquo;utiliser les contenus de ce site sans mon accord, y compris pour l&rsquo;intelligence artificielle) 1. Pr\u00e9sentation du site Le site https:\/\/lauremartin.fr\/therapie\/ (ci-apr\u00e8s \u00ab le Site \u00bb) est \u00e9dit\u00e9 par Laure Martin (ci-apr\u00e8s \u00ab l\u2019\u00c9diteur \u00bb), micro-entrepreneur sous n\u00b0 SIREN : 831 478 771.Le Site est h\u00e9berg\u00e9 par OVH, [&hellip;]","og_url":"https:\/\/lauremartin.fr\/slowfeelflow\/mentions-legales\/","og_site_name":"Laure Martin, psychopraticienne \u00e0 Bordeaux","article_modified_time":"2026-04-09T14:44:28+00:00","twitter_card":"summary_large_image","twitter_misc":{"Dur\u00e9e de lecture estim\u00e9e":"5 minutes"},"schema":{"@context":"https:\/\/schema.org","@graph":[{"@type":"WebPage","@id":"https:\/\/lauremartin.fr\/slowfeelflow\/mentions-legales\/","url":"https:\/\/lauremartin.fr\/slowfeelflow\/mentions-legales\/","name":"Mentions l\u00e9gales - Laure Martin, psychopraticienne \u00e0 Bordeaux","isPartOf":{"@id":"https:\/\/lauremartin.fr\/slowfeelflow\/#website"},"datePublished":"2025-06-10T17:05:51+00:00","dateModified":"2026-04-09T14:44:28+00:00","breadcrumb":{"@id":"https:\/\/lauremartin.fr\/slowfeelflow\/mentions-legales\/#breadcrumb"},"inLanguage":"fr-FR","potentialAction":[{"@type":"ReadAction","target":["https:\/\/lauremartin.fr\/slowfeelflow\/mentions-legales\/"]}]},{"@type":"BreadcrumbList","@id":"https:\/\/lauremartin.fr\/slowfeelflow\/mentions-legales\/#breadcrumb","itemListElement":[{"@type":"ListItem","position":1,"name":"Accueil","item":"https:\/\/lauremartin.fr\/slowfeelflow\/"},{"@type":"ListItem","position":2,"name":"Mentions l\u00e9gales"}]},{"@type":"WebSite","@id":"https:\/\/lauremartin.fr\/slowfeelflow\/#website","url":"https:\/\/lauremartin.fr\/slowfeelflow\/","name":"Laure Martin, psychopraticienne \u00e0 Bordeaux","description":"D\u00e9ployer une vie pleine de sens","publisher":{"@id":"https:\/\/lauremartin.fr\/slowfeelflow\/#organization"},"potentialAction":[{"@type":"SearchAction","target":{"@type":"EntryPoint","urlTemplate":"https:\/\/lauremartin.fr\/slowfeelflow\/?s={search_term_string}"},"query-input":{"@type":"PropertyValueSpecification","valueRequired":true,"valueName":"search_term_string"}}],"inLanguage":"fr-FR"},{"@type":"Organization","@id":"https:\/\/lauremartin.fr\/slowfeelflow\/#organization","name":"Laure Martin, psychopraticienne \u00e0 Bordeaux","url":"https:\/\/lauremartin.fr\/slowfeelflow\/","logo":{"@type":"ImageObject","inLanguage":"fr-FR","@id":"https:\/\/lauremartin.fr\/slowfeelflow\/#\/schema\/logo\/image\/","url":"https:\/\/lauremartin.fr\/slowfeelflow\/wp-content\/uploads\/sites\/5\/2025\/06\/logo-full-noir.png","contentUrl":"https:\/\/lauremartin.fr\/slowfeelflow\/wp-content\/uploads\/sites\/5\/2025\/06\/logo-full-noir.png","width":707,"height":430,"caption":"Laure Martin, psychopraticienne \u00e0 Bordeaux"},"image":{"@id":"https:\/\/lauremartin.fr\/slowfeelflow\/#\/schema\/logo\/image\/"}}]}},"_links":{"self":[{"href":"https:\/\/lauremartin.fr\/slowfeelflow\/wp-json\/wp\/v2\/pages\/404","targetHints":{"allow":["GET"]}}],"collection":[{"href":"https:\/\/lauremartin.fr\/slowfeelflow\/wp-json\/wp\/v2\/pages"}],"about":[{"href":"https:\/\/lauremartin.fr\/slowfeelflow\/wp-json\/wp\/v2\/types\/page"}],"author":[{"embeddable":true,"href":"https:\/\/lauremartin.fr\/slowfeelflow\/wp-json\/wp\/v2\/users\/2"}],"replies":[{"embeddable":true,"href":"https:\/\/lauremartin.fr\/slowfeelflow\/wp-json\/wp\/v2\/comments?post=404"}],"version-history":[{"count":11,"href":"https:\/\/lauremartin.fr\/slowfeelflow\/wp-json\/wp\/v2\/pages\/404\/revisions"}],"predecessor-version":[{"id":2996,"href":"https:\/\/lauremartin.fr\/slowfeelflow\/wp-json\/wp\/v2\/pages\/404\/revisions\/2996"}],"wp:attachment":[{"href":"https:\/\/lauremartin.fr\/slowfeelflow\/wp-json\/wp\/v2\/media?parent=404"}],"curies":[{"name":"wp","href":"https:\/\/api.w.org\/{rel}","templated":true}]}}